{"id":47,"date":"2023-05-24T12:08:05","date_gmt":"2023-05-24T12:08:05","guid":{"rendered":"https:\/\/5cc5126f-d4c9-4991-936e-b9663a373a89.eu02.conves.io\/?page_id=47"},"modified":"2025-05-15T21:24:41","modified_gmt":"2025-05-15T21:24:41","slug":"partners","status":"publish","type":"page","link":"https:\/\/hricerasmus.eu\/hr\/partners\/","title":{"rendered":"Partneri"},"content":{"rendered":"<div data-elementor-type=\"wp-page\" data-elementor-id=\"47\" class=\"elementor elementor-47\">\n\t\t\t\t\t\t<section class=\"has_eae_slider elementor-section elementor-top-section elementor-element elementor-element-85b57f2 elementor-section-boxed elementor-section-height-default elementor-section-height-default\" data-eae-slider=\"93856\" data-id=\"85b57f2\" data-element_type=\"section\" data-e-type=\"section\">\n\t\t\t\t\t\t<div class=\"elementor-container elementor-column-gap-default\">\n\t\t\t\t\t<div class=\"has_eae_slider elementor-column elementor-col-100 elementor-top-column elementor-element elementor-element-e902443\" data-eae-slider=\"85310\" data-id=\"e902443\" data-element_type=\"column\" data-e-type=\"column\">\n\t\t\t<div class=\"elementor-widget-wrap elementor-element-populated\">\n\t\t\t\t\t\t<div class=\"elementor-element elementor-element-1f1edaf elementor-position-top elementor-widget elementor-widget-image-box\" data-id=\"1f1edaf\" data-element_type=\"widget\" data-e-type=\"widget\" data-widget_type=\"image-box.default\">\n\t\t\t\t<div class=\"elementor-widget-container\">\n\t\t\t\t\t<div class=\"elementor-image-box-wrapper\"><figure class=\"elementor-image-box-img\"><a href=\"https:\/\/www.federvolley.it\/\" tabindex=\"-1\"><img decoding=\"async\" src=\"https:\/\/hricerasmus.eu\/wp-content\/uploads\/elementor\/thumbs\/438750923532-rbxjj8e09ia09gjm98iglt3s8d4e0jk2oes6msnrpc.png\" title=\"438750923532\" alt=\"438750923532\" loading=\"lazy\" \/><\/a><\/figure><div class=\"elementor-image-box-content\"><h3 class=\"elementor-image-box-title\"><a href=\"https:\/\/www.federvolley.it\/\">FEDERAZIONE ITALIANA PALLAVOLO (Italija) <\/a><\/h3><p class=\"elementor-image-box-description\">Talijanski odbojka\u0161ki savez, tako\u0111er poznat kao FIPAV ili Federvolley, sportsko je tijelo povezano s CONI-jem i odgovorno je za promicanje odbojke, odbojke na pijesku i sjede\u0107e odbojke te koordinaciju njihovih amaterskih i natjecateljskih aktivnosti.<\/p><\/div><\/div>\t\t\t\t<\/div>\n\t\t\t\t<\/div>\n\t\t\t\t\t<\/div>\n\t\t<\/div>\n\t\t\t\t\t<\/div>\n\t\t<\/section>\n\t\t\t\t<section class=\"has_eae_slider elementor-section elementor-top-section elementor-element elementor-element-852cf5d elementor-section-boxed elementor-section-height-default elementor-section-height-default\" data-eae-slider=\"57014\" data-id=\"852cf5d\" data-element_type=\"section\" data-e-type=\"section\">\n\t\t\t\t\t\t<div class=\"elementor-container elementor-column-gap-default\">\n\t\t\t\t\t<div class=\"has_eae_slider elementor-column elementor-col-100 elementor-top-column elementor-element elementor-element-ce73804\" data-eae-slider=\"79690\" data-id=\"ce73804\" data-element_type=\"column\" data-e-type=\"column\">\n\t\t\t<div class=\"elementor-widget-wrap elementor-element-populated\">\n\t\t\t\t\t\t<div class=\"elementor-element elementor-element-68d2c61 elementor-widget elementor-widget-spacer\" data-id=\"68d2c61\" data-element_type=\"widget\" data-e-type=\"widget\" data-widget_type=\"spacer.default\">\n\t\t\t\t<div class=\"elementor-widget-container\">\n\t\t\t\t\t\t\t<div class=\"elementor-spacer\">\n\t\t\t<div class=\"elementor-spacer-inner\"><\/div>\n\t\t<\/div>\n\t\t\t\t\t\t<\/div>\n\t\t\t\t<\/div>\n\t\t\t\t\t<\/div>\n\t\t<\/div>\n\t\t\t\t\t<\/div>\n\t\t<\/section>\n\t\t\t\t<section class=\"has_eae_slider elementor-section elementor-top-section elementor-element elementor-element-9d9db17 elementor-section-boxed elementor-section-height-default elementor-section-height-default\" data-eae-slider=\"97118\" data-id=\"9d9db17\" data-element_type=\"section\" data-e-type=\"section\">\n\t\t\t\t\t\t<div class=\"elementor-container elementor-column-gap-default\">\n\t\t\t\t\t<div class=\"has_eae_slider elementor-column elementor-col-100 elementor-top-column elementor-element elementor-element-d20f478\" data-eae-slider=\"77300\" data-id=\"d20f478\" data-element_type=\"column\" data-e-type=\"column\">\n\t\t\t<div class=\"elementor-widget-wrap elementor-element-populated\">\n\t\t\t\t\t\t<div class=\"elementor-element elementor-element-b1e159f elementor-position-top elementor-widget elementor-widget-image-box\" data-id=\"b1e159f\" data-element_type=\"widget\" data-e-type=\"widget\" data-widget_type=\"image-box.default\">\n\t\t\t\t<div class=\"elementor-widget-container\">\n\t\t\t\t\t<div class=\"elementor-image-box-wrapper\"><figure class=\"elementor-image-box-img\"><a href=\"https:\/\/www.uri-soca.si\/\" tabindex=\"-1\"><img decoding=\"async\" width=\"205\" height=\"100\" src=\"https:\/\/hricerasmus.eu\/wp-content\/uploads\/2025\/05\/43635625.png\" class=\"attachment-full size-full wp-image-406\" alt=\"\" srcset=\"https:\/\/hricerasmus.eu\/wp-content\/uploads\/2025\/05\/43635625.png 205w, https:\/\/hricerasmus.eu\/wp-content\/uploads\/2025\/05\/43635625-18x9.png 18w\" sizes=\"(max-width: 205px) 100vw, 205px\" \/><\/a><\/figure><div class=\"elementor-image-box-content\"><h3 class=\"elementor-image-box-title\"><a href=\"https:\/\/www.uri-soca.si\/\">UNIVERZITETNI REHABILITACIJSKI INSTITUT REPUBLIKE SLOVENIJE-SOCA (Slovenija)<\/a><\/h3><p class=\"elementor-image-box-description\">Sveu\u010dili\u0161ni rehabilitacijski institut So\u010da (URI So\u010da) sredi\u0161nja je slovenska javna ustanova u kojoj se provodi sveobuhvatna rehabilitacija odraslih i djece s poreme\u0107ajima sredi\u0161njeg i perifernog \u017eiv\u010danog sustava, pokreta srodnih tjelesnih struktura i funkcija te pacijenata s mi\u0161i\u0107nim i neuromuskularnim bolestima s kroni\u010dnom boli i s rakom.<\/p><\/div><\/div>\t\t\t\t<\/div>\n\t\t\t\t<\/div>\n\t\t\t\t\t<\/div>\n\t\t<\/div>\n\t\t\t\t\t<\/div>\n\t\t<\/section>\n\t\t\t\t<section class=\"has_eae_slider elementor-section elementor-top-section elementor-element elementor-element-4463faa elementor-section-boxed elementor-section-height-default elementor-section-height-default\" data-eae-slider=\"59804\" data-id=\"4463faa\" data-element_type=\"section\" data-e-type=\"section\">\n\t\t\t\t\t\t<div class=\"elementor-container elementor-column-gap-default\">\n\t\t\t\t\t<div class=\"has_eae_slider elementor-column elementor-col-100 elementor-top-column elementor-element elementor-element-b294ef1\" data-eae-slider=\"98101\" data-id=\"b294ef1\" data-element_type=\"column\" data-e-type=\"column\">\n\t\t\t<div class=\"elementor-widget-wrap elementor-element-populated\">\n\t\t\t\t\t\t<div class=\"elementor-element elementor-element-ae4834b elementor-widget elementor-widget-spacer\" data-id=\"ae4834b\" data-element_type=\"widget\" data-e-type=\"widget\" data-widget_type=\"spacer.default\">\n\t\t\t\t<div class=\"elementor-widget-container\">\n\t\t\t\t\t\t\t<div class=\"elementor-spacer\">\n\t\t\t<div class=\"elementor-spacer-inner\"><\/div>\n\t\t<\/div>\n\t\t\t\t\t\t<\/div>\n\t\t\t\t<\/div>\n\t\t\t\t\t<\/div>\n\t\t<\/div>\n\t\t\t\t\t<\/div>\n\t\t<\/section>\n\t\t\t\t<section class=\"has_eae_slider elementor-section elementor-top-section elementor-element elementor-element-407e0d4 elementor-section-boxed elementor-section-height-default elementor-section-height-default\" data-eae-slider=\"39981\" data-id=\"407e0d4\" data-element_type=\"section\" data-e-type=\"section\">\n\t\t\t\t\t\t<div class=\"elementor-container elementor-column-gap-default\">\n\t\t\t\t\t<div class=\"has_eae_slider elementor-column elementor-col-100 elementor-top-column elementor-element elementor-element-5de57d2\" data-eae-slider=\"16777\" data-id=\"5de57d2\" data-element_type=\"column\" data-e-type=\"column\">\n\t\t\t<div class=\"elementor-widget-wrap elementor-element-populated\">\n\t\t\t\t\t\t<div class=\"elementor-element elementor-element-0456468 elementor-position-top elementor-widget elementor-widget-image-box\" data-id=\"0456468\" data-element_type=\"widget\" data-e-type=\"widget\" data-widget_type=\"image-box.default\">\n\t\t\t\t<div class=\"elementor-widget-container\">\n\t\t\t\t\t<div class=\"elementor-image-box-wrapper\"><figure class=\"elementor-image-box-img\"><a href=\"https:\/\/minevaganti.org\/it\/\" tabindex=\"-1\"><img decoding=\"async\" width=\"250\" height=\"149\" src=\"https:\/\/hricerasmus.eu\/wp-content\/uploads\/2025\/05\/53252355.png\" class=\"attachment-medium size-medium wp-image-403\" alt=\"\" srcset=\"https:\/\/hricerasmus.eu\/wp-content\/uploads\/2025\/05\/53252355.png 250w, https:\/\/hricerasmus.eu\/wp-content\/uploads\/2025\/05\/53252355-18x12.png 18w\" sizes=\"(max-width: 250px) 100vw, 250px\" \/><\/a><\/figure><div class=\"elementor-image-box-content\"><h3 class=\"elementor-image-box-title\"><a href=\"https:\/\/minevaganti.org\/it\/\">Nevladina organizacija Mine Vaganti (ITALIJA) <\/a><\/h3><p class=\"elementor-image-box-description\">Mine Vaganti NGO je dru\u0161tveno poduze\u0107e osnovano u Italiji, na Sardiniji, 2009. godine. MVNGO ima nekoliko ureda koji pokrivaju cijeli sjever Sardinije, promi\u010de me\u0111ukulturni dijalog, socijalnu uklju\u010denost kroz sport i za\u0161titu okoli\u0161a koriste\u0107i neformalno obrazovanje.<\/p><\/div><\/div>\t\t\t\t<\/div>\n\t\t\t\t<\/div>\n\t\t\t\t\t<\/div>\n\t\t<\/div>\n\t\t\t\t\t<\/div>\n\t\t<\/section>\n\t\t\t\t<section class=\"has_eae_slider elementor-section elementor-top-section elementor-element elementor-element-25332c9 elementor-section-boxed elementor-section-height-default elementor-section-height-default\" data-eae-slider=\"27428\" data-id=\"25332c9\" data-element_type=\"section\" data-e-type=\"section\">\n\t\t\t\t\t\t<div class=\"elementor-container elementor-column-gap-default\">\n\t\t\t\t\t<div class=\"has_eae_slider elementor-column elementor-col-100 elementor-top-column elementor-element elementor-element-e48aeb2\" data-eae-slider=\"9176\" data-id=\"e48aeb2\" data-element_type=\"column\" data-e-type=\"column\">\n\t\t\t<div class=\"elementor-widget-wrap elementor-element-populated\">\n\t\t\t\t\t\t<div class=\"elementor-element elementor-element-b6e116e elementor-widget elementor-widget-spacer\" data-id=\"b6e116e\" data-element_type=\"widget\" data-e-type=\"widget\" data-widget_type=\"spacer.default\">\n\t\t\t\t<div class=\"elementor-widget-container\">\n\t\t\t\t\t\t\t<div class=\"elementor-spacer\">\n\t\t\t<div class=\"elementor-spacer-inner\"><\/div>\n\t\t<\/div>\n\t\t\t\t\t\t<\/div>\n\t\t\t\t<\/div>\n\t\t\t\t\t<\/div>\n\t\t<\/div>\n\t\t\t\t\t<\/div>\n\t\t<\/section>\n\t\t\t\t<section class=\"has_eae_slider elementor-section elementor-top-section elementor-element elementor-element-783eaf4 elementor-section-boxed elementor-section-height-default elementor-section-height-default\" data-eae-slider=\"5280\" data-id=\"783eaf4\" data-element_type=\"section\" data-e-type=\"section\">\n\t\t\t\t\t\t<div class=\"elementor-container elementor-column-gap-default\">\n\t\t\t\t\t<div class=\"has_eae_slider elementor-column elementor-col-100 elementor-top-column elementor-element elementor-element-b57de5a\" data-eae-slider=\"98122\" data-id=\"b57de5a\" data-element_type=\"column\" data-e-type=\"column\">\n\t\t\t<div class=\"elementor-widget-wrap elementor-element-populated\">\n\t\t\t\t\t\t<div class=\"elementor-element elementor-element-fc93d51 elementor-position-top elementor-widget elementor-widget-image-box\" data-id=\"fc93d51\" data-element_type=\"widget\" data-e-type=\"widget\" data-widget_type=\"image-box.default\">\n\t\t\t\t<div class=\"elementor-widget-container\">\n\t\t\t\t\t<div class=\"elementor-image-box-wrapper\"><figure class=\"elementor-image-box-img\"><a href=\"https:\/\/sportevolutionalliance.com\/%20\" tabindex=\"-1\"><img decoding=\"async\" src=\"https:\/\/hricerasmus.eu\/wp-content\/uploads\/elementor\/thumbs\/3523552-rbxjj8e09ia09gjm98iglt3s8d4e0jk2oes6msnrpc.png\" title=\"3523552\" alt=\"3523552\" loading=\"lazy\" \/><\/a><\/figure><div class=\"elementor-image-box-content\"><h3 class=\"elementor-image-box-title\"><a href=\"https:\/\/sportevolutionalliance.com\/%20\">SPORT EVOLUTION ALLIANCE (Portugal)<\/a><\/h3><p class=\"elementor-image-box-description\">Sport Evolution Alliance (SEA) je suradni\u010dka nevladina organizacija osnovana na inicijativu skupine visokokvalificiranih i iskusnih sportskih menad\u017eera koji imaju dokazano iskustvo u upravljanju i provedbi europskih bespovratnih sredstava.<\/p><\/div><\/div>\t\t\t\t<\/div>\n\t\t\t\t<\/div>\n\t\t\t\t\t<\/div>\n\t\t<\/div>\n\t\t\t\t\t<\/div>\n\t\t<\/section>\n\t\t\t\t<section class=\"has_eae_slider elementor-section elementor-top-section elementor-element elementor-element-7539254 elementor-section-boxed elementor-section-height-default elementor-section-height-default\" data-eae-slider=\"37003\" data-id=\"7539254\" data-element_type=\"section\" data-e-type=\"section\">\n\t\t\t\t\t\t<div class=\"elementor-container elementor-column-gap-default\">\n\t\t\t\t\t<div class=\"has_eae_slider elementor-column elementor-col-100 elementor-top-column elementor-element elementor-element-e776a25\" data-eae-slider=\"27477\" data-id=\"e776a25\" data-element_type=\"column\" data-e-type=\"column\">\n\t\t\t<div class=\"elementor-widget-wrap elementor-element-populated\">\n\t\t\t\t\t\t<div class=\"elementor-element elementor-element-ee8e76f elementor-widget elementor-widget-spacer\" data-id=\"ee8e76f\" data-element_type=\"widget\" data-e-type=\"widget\" data-widget_type=\"spacer.default\">\n\t\t\t\t<div class=\"elementor-widget-container\">\n\t\t\t\t\t\t\t<div class=\"elementor-spacer\">\n\t\t\t<div class=\"elementor-spacer-inner\"><\/div>\n\t\t<\/div>\n\t\t\t\t\t\t<\/div>\n\t\t\t\t<\/div>\n\t\t\t\t\t<\/div>\n\t\t<\/div>\n\t\t\t\t\t<\/div>\n\t\t<\/section>\n\t\t\t\t<section class=\"has_eae_slider elementor-section elementor-top-section elementor-element elementor-element-7329a76 elementor-section-boxed elementor-section-height-default elementor-section-height-default\" data-eae-slider=\"22597\" data-id=\"7329a76\" data-element_type=\"section\" data-e-type=\"section\">\n\t\t\t\t\t\t<div class=\"elementor-container elementor-column-gap-default\">\n\t\t\t\t\t<div class=\"has_eae_slider elementor-column elementor-col-100 elementor-top-column elementor-element elementor-element-cff2fa1\" data-eae-slider=\"43478\" data-id=\"cff2fa1\" data-element_type=\"column\" data-e-type=\"column\">\n\t\t\t<div class=\"elementor-widget-wrap elementor-element-populated\">\n\t\t\t\t\t\t<div class=\"elementor-element elementor-element-3ca7a10 elementor-position-top elementor-widget elementor-widget-image-box\" data-id=\"3ca7a10\" data-element_type=\"widget\" data-e-type=\"widget\" data-widget_type=\"image-box.default\">\n\t\t\t\t<div class=\"elementor-widget-container\">\n\t\t\t\t\t<div class=\"elementor-image-box-wrapper\"><figure class=\"elementor-image-box-img\"><a href=\"https:\/\/rss.hr\/\" tabindex=\"-1\"><img decoding=\"async\" src=\"https:\/\/hricerasmus.eu\/wp-content\/uploads\/elementor\/thumbs\/352352523-rbxjj8e09ia09gjm98iglt3s8d4e0jk2oes6msnrpc.png\" title=\"352352523\" alt=\"352352523\" loading=\"lazy\" \/><\/a><\/figure><div class=\"elementor-image-box-content\"><h3 class=\"elementor-image-box-title\"><a href=\"https:\/\/rss.hr\/\">ZAJEDNICA SPORTSKIH UDRUGA GRADA RIJEKE RIJE\u010cKI SPORTSKI SAVEZ (Croatia)<\/a><\/h3><p class=\"elementor-image-box-description\">Rijeka Sport je nevladina organizacija odgovorna za upravljanje, odr\u017eavanje i izgradnju sportskih objekata u Rijeci. U potpunom je vlasni\u0161tvu Grada Rijeke, a Odlukom o osnivanju Rijeka sporta kao dru\u0161tva s ograni\u010denom odgovorno\u0161\u0107u uglavnom je odgovorna za provedbu, upravljanje, odr\u017eavanje i izgradnju sportskih i drugih objekata.<\/p><\/div><\/div>\t\t\t\t<\/div>\n\t\t\t\t<\/div>\n\t\t\t\t\t<\/div>\n\t\t<\/div>\n\t\t\t\t\t<\/div>\n\t\t<\/section>\n\t\t\t\t<section class=\"has_eae_slider elementor-section elementor-top-section elementor-element elementor-element-316d308 elementor-section-boxed elementor-section-height-default elementor-section-height-default\" data-eae-slider=\"57142\" data-id=\"316d308\" data-element_type=\"section\" data-e-type=\"section\">\n\t\t\t\t\t\t<div class=\"elementor-container elementor-column-gap-default\">\n\t\t\t\t\t<div class=\"has_eae_slider elementor-column elementor-col-100 elementor-top-column elementor-element elementor-element-26e6137\" data-eae-slider=\"17731\" data-id=\"26e6137\" data-element_type=\"column\" data-e-type=\"column\">\n\t\t\t<div class=\"elementor-widget-wrap elementor-element-populated\">\n\t\t\t\t\t\t<div class=\"elementor-element elementor-element-253f766 elementor-widget elementor-widget-spacer\" data-id=\"253f766\" data-element_type=\"widget\" data-e-type=\"widget\" data-widget_type=\"spacer.default\">\n\t\t\t\t<div class=\"elementor-widget-container\">\n\t\t\t\t\t\t\t<div class=\"elementor-spacer\">\n\t\t\t<div class=\"elementor-spacer-inner\"><\/div>\n\t\t<\/div>\n\t\t\t\t\t\t<\/div>\n\t\t\t\t<\/div>\n\t\t\t\t\t<\/div>\n\t\t<\/div>\n\t\t\t\t\t<\/div>\n\t\t<\/section>\n\t\t\t\t<\/div>","protected":false},"excerpt":{"rendered":"<p>FEDERAZIONE ITALIANA PALLAVOLO (Italy) The Italian Volleyball Federation, also known as FIPAV or as Federvolley, is a sports body affiliated with CONI and is responsible for promoting the practice of volleyball, beach volleyball and sitting volleyball and coordinating their amateur and competitive activities. UNIVERZITETNI REHABILITACIJSKI INSTITUT REPUBLIKE SLOVENIJE-SOCA (Slovenia) The University Rehabilitation Institute So\u010da (URI [&hellip;]<\/p>\n","protected":false},"author":1,"featured_media":0,"parent":0,"menu_order":0,"comment_status":"closed","ping_status":"closed","template":"elementor_header_footer","meta":{"footnotes":""},"class_list":["post-47","page","type-page","status-publish","hentry"],"blocksy_meta":[],"_links":{"self":[{"href":"https:\/\/hricerasmus.eu\/hr\/wp-json\/wp\/v2\/pages\/47","targetHints":{"allow":["GET"]}}],"collection":[{"href":"https:\/\/hricerasmus.eu\/hr\/wp-json\/wp\/v2\/pages"}],"about":[{"href":"https:\/\/hricerasmus.eu\/hr\/wp-json\/wp\/v2\/types\/page"}],"author":[{"embeddable":true,"href":"https:\/\/hricerasmus.eu\/hr\/wp-json\/wp\/v2\/users\/1"}],"replies":[{"embeddable":true,"href":"https:\/\/hricerasmus.eu\/hr\/wp-json\/wp\/v2\/comments?post=47"}],"version-history":[{"count":13,"href":"https:\/\/hricerasmus.eu\/hr\/wp-json\/wp\/v2\/pages\/47\/revisions"}],"predecessor-version":[{"id":439,"href":"https:\/\/hricerasmus.eu\/hr\/wp-json\/wp\/v2\/pages\/47\/revisions\/439"}],"wp:attachment":[{"href":"https:\/\/hricerasmus.eu\/hr\/wp-json\/wp\/v2\/media?parent=47"}],"curies":[{"name":"radni list","href":"https:\/\/api.w.org\/{rel}","templated":true}]}}