{"id":614,"date":"2025-07-02T20:37:11","date_gmt":"2025-07-02T20:37:11","guid":{"rendered":"https:\/\/hricerasmus.eu\/?page_id=614"},"modified":"2025-07-10T10:39:33","modified_gmt":"2025-07-10T10:39:33","slug":"local-workshops-mvngo","status":"publish","type":"page","link":"https:\/\/hricerasmus.eu\/hr\/local-workshops-mvngo\/","title":{"rendered":"Lokalne radionice \u2013 MVNGO"},"content":{"rendered":"<div data-elementor-type=\"wp-page\" data-elementor-id=\"614\" class=\"elementor elementor-614\">\n\t\t\t\t\t\t<section class=\"has_eae_slider elementor-section elementor-top-section elementor-element elementor-element-ae2857b elementor-section-boxed elementor-section-height-default elementor-section-height-default\" data-eae-slider=\"72132\" data-id=\"ae2857b\" data-element_type=\"section\" data-e-type=\"section\">\n\t\t\t\t\t\t<div class=\"elementor-container elementor-column-gap-default\">\n\t\t\t\t\t<div class=\"has_eae_slider elementor-column elementor-col-100 elementor-top-column elementor-element elementor-element-3fc4832\" data-eae-slider=\"5670\" data-id=\"3fc4832\" data-element_type=\"column\" data-e-type=\"column\">\n\t\t\t<div class=\"elementor-widget-wrap elementor-element-populated\">\n\t\t\t\t\t\t<div class=\"elementor-element elementor-element-135e0aa elementor-widget elementor-widget-image\" data-id=\"135e0aa\" data-element_type=\"widget\" data-e-type=\"widget\" data-widget_type=\"image.default\">\n\t\t\t\t<div class=\"elementor-widget-container\">\n\t\t\t\t\t\t\t\t\t\t\t\t\t\t\t<img decoding=\"async\" width=\"250\" height=\"149\" src=\"https:\/\/hricerasmus.eu\/wp-content\/uploads\/2025\/05\/53252355.png\" class=\"attachment-full size-full wp-image-403\" alt=\"\" srcset=\"https:\/\/hricerasmus.eu\/wp-content\/uploads\/2025\/05\/53252355.png 250w, https:\/\/hricerasmus.eu\/wp-content\/uploads\/2025\/05\/53252355-18x12.png 18w\" sizes=\"(max-width: 250px) 100vw, 250px\" \/>\t\t\t\t\t\t\t\t\t\t\t\t\t\t\t<\/div>\n\t\t\t\t<\/div>\n\t\t\t\t<div class=\"elementor-element elementor-element-716e2fc elementor-widget elementor-widget-text-editor\" data-id=\"716e2fc\" data-element_type=\"widget\" data-e-type=\"widget\" data-widget_type=\"text-editor.default\">\n\t\t\t\t<div class=\"elementor-widget-container\">\n\t\t\t\t\t\t\t\t\t<p style=\"font-style: normal; font-variant-ligatures: normal; font-variant-caps: normal; font-weight: 400; font-size: 16px; font-family: Tahoma, sans-serif; margin-block-end: 24px;\"><b style=\"font-family: inherit; font-size: inherit; font-style: inherit; font-variant-ligatures: inherit; font-variant-caps: inherit;\"><span data-contrast=\"auto\">Odgovorna organizacija<\/span><\/b><span data-contrast=\"auto\" style=\"font-family: inherit; font-size: inherit; font-style: inherit; font-variant-ligatures: inherit; font-variant-caps: inherit; font-weight: inherit;\">MVNGO<\/span><span data-ccp-props=\"{}\" style=\"font-family: inherit; font-size: inherit; font-style: inherit; font-variant-ligatures: inherit; font-variant-caps: inherit; font-weight: inherit;\">&nbsp;<\/span><\/p>\n<p><b><span data-contrast=\"auto\">Datum<\/span><\/b><span data-contrast=\"auto\">4. travnja<\/span><span data-contrast=\"auto\">ti<\/span><span data-contrast=\"auto\"> 2025<\/span><span data-ccp-props=\"{}\">&nbsp;<\/span><\/p>\n<p><b><span data-contrast=\"auto\">Vrijeme<\/span><\/b><span data-contrast=\"auto\">18:00 sati<\/span><span data-ccp-props=\"{}\">&nbsp;<\/span><\/p>\n<p><b><span data-contrast=\"auto\">Mjesto<\/span><\/b><span data-contrast=\"auto\">Luserna S. Giovanni (Italija)<\/span><span data-ccp-props=\"{}\">&nbsp;<\/span><\/p>\n<p><b><span data-contrast=\"auto\">Broj sudionika<\/span><\/b><span data-contrast=\"auto\">: 12<\/span><span data-ccp-props=\"{}\">&nbsp;<\/span><\/p>\n<p><span data-contrast=\"auto\">Aktivnost se odr\u017eala u petak, 4. travnja u Luserni S. Giovanni (Torino, Italija), na atletskoj stazi. Sudjelovalo je 12 sudionika, mu\u0161karaca i \u017eena u dobi od 16 do 40 godina u dobrom fizi\u010dkom stanju. Neki od njih imali su ograni\u010deno iskustvo u tr\u010danju, drugi nisu imali nikakvo iskustvo, ali svi su imali iskustva u bavljenju nekom vrstom sporta.<\/span><span data-ccp-props=\"{}\">&nbsp;<\/span><\/p>\t\t\t\t\t\t\t\t<\/div>\n\t\t\t\t<\/div>\n\t\t\t\t<div class=\"elementor-element elementor-element-ac28d9d gallery-spacing-custom elementor-widget elementor-widget-image-gallery\" data-id=\"ac28d9d\" data-element_type=\"widget\" data-e-type=\"widget\" data-widget_type=\"image-gallery.default\">\n\t\t\t\t<div class=\"elementor-widget-container\">\n\t\t\t\t\t\t\t<div class=\"elementor-image-gallery\">\n\t\t\t<div id='gallery-1' class='gallery galleryid-614 gallery-columns-3 gallery-size-full'><figure class='gallery-item'>\n\t\t\t<div class='gallery-icon landscape'>\n\t\t\t\t<img fetchpriority=\"high\" decoding=\"async\" width=\"2000\" height=\"1500\" src=\"https:\/\/hricerasmus.eu\/wp-content\/uploads\/2025\/05\/486989367_1573525156644721_7142491047855301435_n-1.jpg\" class=\"attachment-full size-full\" alt=\"\" srcset=\"https:\/\/hricerasmus.eu\/wp-content\/uploads\/2025\/05\/486989367_1573525156644721_7142491047855301435_n-1.jpg 2000w, https:\/\/hricerasmus.eu\/wp-content\/uploads\/2025\/05\/486989367_1573525156644721_7142491047855301435_n-1-300x225.jpg 300w, https:\/\/hricerasmus.eu\/wp-content\/uploads\/2025\/05\/486989367_1573525156644721_7142491047855301435_n-1-1024x768.jpg 1024w, https:\/\/hricerasmus.eu\/wp-content\/uploads\/2025\/05\/486989367_1573525156644721_7142491047855301435_n-1-768x576.jpg 768w, https:\/\/hricerasmus.eu\/wp-content\/uploads\/2025\/05\/486989367_1573525156644721_7142491047855301435_n-1-1536x1152.jpg 1536w, https:\/\/hricerasmus.eu\/wp-content\/uploads\/2025\/05\/486989367_1573525156644721_7142491047855301435_n-1-16x12.jpg 16w\" sizes=\"(max-width: 2000px) 100vw, 2000px\" \/>\n\t\t\t<\/div><\/figure><figure class='gallery-item'>\n\t\t\t<div class='gallery-icon landscape'>\n\t\t\t\t<img decoding=\"async\" width=\"2000\" height=\"1500\" src=\"https:\/\/hricerasmus.eu\/wp-content\/uploads\/2025\/05\/487043584_1208981184077145_6074910305232146743_n-1.jpg\" class=\"attachment-full size-full\" alt=\"\" srcset=\"https:\/\/hricerasmus.eu\/wp-content\/uploads\/2025\/05\/487043584_1208981184077145_6074910305232146743_n-1.jpg 2000w, https:\/\/hricerasmus.eu\/wp-content\/uploads\/2025\/05\/487043584_1208981184077145_6074910305232146743_n-1-300x225.jpg 300w, https:\/\/hricerasmus.eu\/wp-content\/uploads\/2025\/05\/487043584_1208981184077145_6074910305232146743_n-1-1024x768.jpg 1024w, https:\/\/hricerasmus.eu\/wp-content\/uploads\/2025\/05\/487043584_1208981184077145_6074910305232146743_n-1-768x576.jpg 768w, https:\/\/hricerasmus.eu\/wp-content\/uploads\/2025\/05\/487043584_1208981184077145_6074910305232146743_n-1-1536x1152.jpg 1536w, https:\/\/hricerasmus.eu\/wp-content\/uploads\/2025\/05\/487043584_1208981184077145_6074910305232146743_n-1-16x12.jpg 16w\" sizes=\"(max-width: 2000px) 100vw, 2000px\" \/>\n\t\t\t<\/div><\/figure><figure class='gallery-item'>\n\t\t\t<div class='gallery-icon landscape'>\n\t\t\t\t<img loading=\"lazy\" decoding=\"async\" width=\"2000\" height=\"1500\" src=\"https:\/\/hricerasmus.eu\/wp-content\/uploads\/2025\/05\/487365972_1666519344070597_4036251923133566971_n-1.jpg\" class=\"attachment-full size-full\" alt=\"\" srcset=\"https:\/\/hricerasmus.eu\/wp-content\/uploads\/2025\/05\/487365972_1666519344070597_4036251923133566971_n-1.jpg 2000w, https:\/\/hricerasmus.eu\/wp-content\/uploads\/2025\/05\/487365972_1666519344070597_4036251923133566971_n-1-300x225.jpg 300w, https:\/\/hricerasmus.eu\/wp-content\/uploads\/2025\/05\/487365972_1666519344070597_4036251923133566971_n-1-1024x768.jpg 1024w, https:\/\/hricerasmus.eu\/wp-content\/uploads\/2025\/05\/487365972_1666519344070597_4036251923133566971_n-1-768x576.jpg 768w, https:\/\/hricerasmus.eu\/wp-content\/uploads\/2025\/05\/487365972_1666519344070597_4036251923133566971_n-1-1536x1152.jpg 1536w, https:\/\/hricerasmus.eu\/wp-content\/uploads\/2025\/05\/487365972_1666519344070597_4036251923133566971_n-1-16x12.jpg 16w\" sizes=\"(max-width: 2000px) 100vw, 2000px\" \/>\n\t\t\t<\/div><\/figure><figure class='gallery-item'>\n\t\t\t<div class='gallery-icon portrait'>\n\t\t\t\t<img loading=\"lazy\" decoding=\"async\" width=\"1108\" height=\"1600\" src=\"https:\/\/hricerasmus.eu\/wp-content\/uploads\/2025\/05\/Activity-2-2-1.jpeg\" class=\"attachment-full size-full\" alt=\"\" srcset=\"https:\/\/hricerasmus.eu\/wp-content\/uploads\/2025\/05\/Activity-2-2-1.jpeg 1108w, https:\/\/hricerasmus.eu\/wp-content\/uploads\/2025\/05\/Activity-2-2-1-208x300.jpeg 208w, https:\/\/hricerasmus.eu\/wp-content\/uploads\/2025\/05\/Activity-2-2-1-709x1024.jpeg 709w, https:\/\/hricerasmus.eu\/wp-content\/uploads\/2025\/05\/Activity-2-2-1-768x1109.jpeg 768w, https:\/\/hricerasmus.eu\/wp-content\/uploads\/2025\/05\/Activity-2-2-1-1064x1536.jpeg 1064w, https:\/\/hricerasmus.eu\/wp-content\/uploads\/2025\/05\/Activity-2-2-1-8x12.jpeg 8w\" sizes=\"(max-width: 1108px) 100vw, 1108px\" \/>\n\t\t\t<\/div><\/figure><figure class='gallery-item'>\n\t\t\t<div class='gallery-icon landscape'>\n\t\t\t\t<img loading=\"lazy\" decoding=\"async\" width=\"1600\" height=\"720\" src=\"https:\/\/hricerasmus.eu\/wp-content\/uploads\/2025\/05\/Activity-2-1-1.jpeg\" class=\"attachment-full size-full\" alt=\"\" srcset=\"https:\/\/hricerasmus.eu\/wp-content\/uploads\/2025\/05\/Activity-2-1-1.jpeg 1600w, https:\/\/hricerasmus.eu\/wp-content\/uploads\/2025\/05\/Activity-2-1-1-300x135.jpeg 300w, https:\/\/hricerasmus.eu\/wp-content\/uploads\/2025\/05\/Activity-2-1-1-1024x461.jpeg 1024w, https:\/\/hricerasmus.eu\/wp-content\/uploads\/2025\/05\/Activity-2-1-1-768x346.jpeg 768w, https:\/\/hricerasmus.eu\/wp-content\/uploads\/2025\/05\/Activity-2-1-1-1536x691.jpeg 1536w, https:\/\/hricerasmus.eu\/wp-content\/uploads\/2025\/05\/Activity-2-1-1-18x8.jpeg 18w\" sizes=\"(max-width: 1600px) 100vw, 1600px\" \/>\n\t\t\t<\/div><\/figure>\n\t\t<\/div>\n\t\t<\/div>\n\t\t\t\t\t\t<\/div>\n\t\t\t\t<\/div>\n\t\t\t\t\t<\/div>\n\t\t<\/div>\n\t\t\t\t\t<\/div>\n\t\t<\/section>\n\t\t\t\t<section class=\"has_eae_slider elementor-section elementor-top-section elementor-element elementor-element-2769b5e elementor-section-boxed elementor-section-height-default elementor-section-height-default\" data-eae-slider=\"36208\" data-id=\"2769b5e\" data-element_type=\"section\" data-e-type=\"section\">\n\t\t\t\t\t\t<div class=\"elementor-container elementor-column-gap-default\">\n\t\t\t\t\t<div class=\"has_eae_slider elementor-column elementor-col-100 elementor-top-column elementor-element elementor-element-d0d2359\" data-eae-slider=\"36209\" data-id=\"d0d2359\" data-element_type=\"column\" data-e-type=\"column\">\n\t\t\t<div class=\"elementor-widget-wrap elementor-element-populated\">\n\t\t\t\t\t\t<div class=\"elementor-element elementor-element-011c4c5 elementor-widget-divider--view-line elementor-widget elementor-widget-divider\" data-id=\"011c4c5\" data-element_type=\"widget\" data-e-type=\"widget\" data-widget_type=\"divider.default\">\n\t\t\t\t<div class=\"elementor-widget-container\">\n\t\t\t\t\t\t\t<div class=\"elementor-divider\">\n\t\t\t<span class=\"elementor-divider-separator\">\n\t\t\t\t\t\t<\/span>\n\t\t<\/div>\n\t\t\t\t\t\t<\/div>\n\t\t\t\t<\/div>\n\t\t\t\t\t<\/div>\n\t\t<\/div>\n\t\t\t\t\t<\/div>\n\t\t<\/section>\n\t\t\t\t<\/div>","protected":false},"excerpt":{"rendered":"<p>Responsible organization: MVNGO&nbsp; Date: April 4th 2025&nbsp; Time: 6.00 PM&nbsp; Location: Luserna S. Giovanni (Italy)&nbsp; Number of participants: 12&nbsp; The activity took place on Friday, April 4th in Luserna S. Giovanni (Turin, Italy), on an athletics track. There were 12 participants, men and women aged 16 to 40 in good physical health. Some of them [&hellip;]<\/p>\n","protected":false},"author":2,"featured_media":0,"parent":0,"menu_order":0,"comment_status":"closed","ping_status":"closed","template":"","meta":{"footnotes":""},"class_list":["post-614","page","type-page","status-publish","hentry"],"blocksy_meta":[],"_links":{"self":[{"href":"https:\/\/hricerasmus.eu\/hr\/wp-json\/wp\/v2\/pages\/614","targetHints":{"allow":["GET"]}}],"collection":[{"href":"https:\/\/hricerasmus.eu\/hr\/wp-json\/wp\/v2\/pages"}],"about":[{"href":"https:\/\/hricerasmus.eu\/hr\/wp-json\/wp\/v2\/types\/page"}],"author":[{"embeddable":true,"href":"https:\/\/hricerasmus.eu\/hr\/wp-json\/wp\/v2\/users\/2"}],"replies":[{"embeddable":true,"href":"https:\/\/hricerasmus.eu\/hr\/wp-json\/wp\/v2\/comments?post=614"}],"version-history":[{"count":13,"href":"https:\/\/hricerasmus.eu\/hr\/wp-json\/wp\/v2\/pages\/614\/revisions"}],"predecessor-version":[{"id":769,"href":"https:\/\/hricerasmus.eu\/hr\/wp-json\/wp\/v2\/pages\/614\/revisions\/769"}],"wp:attachment":[{"href":"https:\/\/hricerasmus.eu\/hr\/wp-json\/wp\/v2\/media?parent=614"}],"curies":[{"name":"radni list","href":"https:\/\/api.w.org\/{rel}","templated":true}]}}