{"id":662,"date":"2025-07-04T12:12:55","date_gmt":"2025-07-04T12:12:55","guid":{"rendered":"https:\/\/hricerasmus.eu\/?page_id=662"},"modified":"2025-07-04T16:38:38","modified_gmt":"2025-07-04T16:38:38","slug":"urisoca-national-conference","status":"publish","type":"page","link":"https:\/\/hricerasmus.eu\/hr\/urisoca-national-conference\/","title":{"rendered":"Nacionalna konferencija URISOCA-e"},"content":{"rendered":"<div data-elementor-type=\"wp-page\" data-elementor-id=\"662\" class=\"elementor elementor-662\">\n\t\t\t\t\t\t<section class=\"has_eae_slider elementor-section elementor-top-section elementor-element elementor-element-873437d elementor-section-boxed elementor-section-height-default elementor-section-height-default\" data-eae-slider=\"62622\" data-id=\"873437d\" data-element_type=\"section\" data-e-type=\"section\">\n\t\t\t\t\t\t<div class=\"elementor-container elementor-column-gap-default\">\n\t\t\t\t\t<div class=\"has_eae_slider elementor-column elementor-col-100 elementor-top-column elementor-element elementor-element-3c4d315\" data-eae-slider=\"75034\" data-id=\"3c4d315\" data-element_type=\"column\" data-e-type=\"column\">\n\t\t\t<div class=\"elementor-widget-wrap elementor-element-populated\">\n\t\t\t\t\t\t<div class=\"elementor-element elementor-element-2a2e572 elementor-widget elementor-widget-image\" data-id=\"2a2e572\" data-element_type=\"widget\" data-e-type=\"widget\" data-widget_type=\"image.default\">\n\t\t\t\t<div class=\"elementor-widget-container\">\n\t\t\t\t\t\t\t\t\t\t\t\t\t\t\t<img decoding=\"async\" width=\"205\" height=\"100\" src=\"https:\/\/hricerasmus.eu\/wp-content\/uploads\/2025\/05\/43635625.png\" class=\"attachment-full size-full wp-image-406\" alt=\"\" srcset=\"https:\/\/hricerasmus.eu\/wp-content\/uploads\/2025\/05\/43635625.png 205w, https:\/\/hricerasmus.eu\/wp-content\/uploads\/2025\/05\/43635625-18x9.png 18w\" sizes=\"(max-width: 205px) 100vw, 205px\" \/>\t\t\t\t\t\t\t\t\t\t\t\t\t\t\t<\/div>\n\t\t\t\t<\/div>\n\t\t\t\t<div class=\"elementor-element elementor-element-891f52e elementor-widget elementor-widget-text-editor\" data-id=\"891f52e\" data-element_type=\"widget\" data-e-type=\"widget\" data-widget_type=\"text-editor.default\">\n\t\t\t\t<div class=\"elementor-widget-container\">\n\t\t\t\t\t\t\t\t\t<p>Na konferencijama za diseminaciju predstavljeni su rezultati projekta i potaknuta suradnja me\u0111u 40 sudionika. Doga\u0111aji su uklju\u010divali NEET-ove, sportske organizacije, institucije za obrazovanje mladih, nevladine organizacije, trenere, edukatore i kreatore politika, a svi su sudjelovali u dijeljenju iskustava, raspravi o ishodima i istra\u017eivanju budu\u0107ih prilika.<\/p>\t\t\t\t\t\t\t\t<\/div>\n\t\t\t\t<\/div>\n\t\t\t\t<div class=\"elementor-element elementor-element-45bc163 gallery-spacing-custom elementor-widget elementor-widget-image-gallery\" data-id=\"45bc163\" data-element_type=\"widget\" data-e-type=\"widget\" data-widget_type=\"image-gallery.default\">\n\t\t\t\t<div class=\"elementor-widget-container\">\n\t\t\t\t\t\t\t<div class=\"elementor-image-gallery\">\n\t\t\t<div id='gallery-1' class='gallery galleryid-662 gallery-columns-3 gallery-size-medium'><figure class='gallery-item'>\n\t\t\t<div class='gallery-icon portrait'>\n\t\t\t\t<img fetchpriority=\"high\" decoding=\"async\" width=\"225\" height=\"300\" src=\"https:\/\/hricerasmus.eu\/wp-content\/uploads\/2025\/06\/20240517_120021-225x300.jpg\" class=\"attachment-medium size-medium\" alt=\"\" srcset=\"https:\/\/hricerasmus.eu\/wp-content\/uploads\/2025\/06\/20240517_120021-225x300.jpg 225w, https:\/\/hricerasmus.eu\/wp-content\/uploads\/2025\/06\/20240517_120021-768x1024.jpg 768w, https:\/\/hricerasmus.eu\/wp-content\/uploads\/2025\/06\/20240517_120021-1152x1536.jpg 1152w, https:\/\/hricerasmus.eu\/wp-content\/uploads\/2025\/06\/20240517_120021-1536x2048.jpg 1536w, https:\/\/hricerasmus.eu\/wp-content\/uploads\/2025\/06\/20240517_120021-9x12.jpg 9w, https:\/\/hricerasmus.eu\/wp-content\/uploads\/2025\/06\/20240517_120021-scaled.jpg 1920w\" sizes=\"(max-width: 225px) 100vw, 225px\" \/>\n\t\t\t<\/div><\/figure><figure class='gallery-item'>\n\t\t\t<div class='gallery-icon portrait'>\n\t\t\t\t<img decoding=\"async\" width=\"225\" height=\"300\" src=\"https:\/\/hricerasmus.eu\/wp-content\/uploads\/2025\/06\/20240517_120006-225x300.jpg\" class=\"attachment-medium size-medium\" alt=\"\" srcset=\"https:\/\/hricerasmus.eu\/wp-content\/uploads\/2025\/06\/20240517_120006-225x300.jpg 225w, https:\/\/hricerasmus.eu\/wp-content\/uploads\/2025\/06\/20240517_120006-768x1024.jpg 768w, https:\/\/hricerasmus.eu\/wp-content\/uploads\/2025\/06\/20240517_120006-1152x1536.jpg 1152w, https:\/\/hricerasmus.eu\/wp-content\/uploads\/2025\/06\/20240517_120006-1536x2048.jpg 1536w, https:\/\/hricerasmus.eu\/wp-content\/uploads\/2025\/06\/20240517_120006-9x12.jpg 9w, https:\/\/hricerasmus.eu\/wp-content\/uploads\/2025\/06\/20240517_120006-scaled.jpg 1920w\" sizes=\"(max-width: 225px) 100vw, 225px\" \/>\n\t\t\t<\/div><\/figure><figure class='gallery-item'>\n\t\t\t<div class='gallery-icon portrait'>\n\t\t\t\t<img loading=\"lazy\" decoding=\"async\" width=\"225\" height=\"300\" src=\"https:\/\/hricerasmus.eu\/wp-content\/uploads\/2025\/06\/20240517_120146-225x300.jpg\" class=\"attachment-medium size-medium\" alt=\"\" srcset=\"https:\/\/hricerasmus.eu\/wp-content\/uploads\/2025\/06\/20240517_120146-225x300.jpg 225w, https:\/\/hricerasmus.eu\/wp-content\/uploads\/2025\/06\/20240517_120146-768x1024.jpg 768w, https:\/\/hricerasmus.eu\/wp-content\/uploads\/2025\/06\/20240517_120146-1152x1536.jpg 1152w, https:\/\/hricerasmus.eu\/wp-content\/uploads\/2025\/06\/20240517_120146-1536x2048.jpg 1536w, https:\/\/hricerasmus.eu\/wp-content\/uploads\/2025\/06\/20240517_120146-9x12.jpg 9w, https:\/\/hricerasmus.eu\/wp-content\/uploads\/2025\/06\/20240517_120146-scaled.jpg 1920w\" sizes=\"(max-width: 225px) 100vw, 225px\" \/>\n\t\t\t<\/div><\/figure>\n\t\t<\/div>\n\t\t<\/div>\n\t\t\t\t\t\t<\/div>\n\t\t\t\t<\/div>\n\t\t\t\t\t<\/div>\n\t\t<\/div>\n\t\t\t\t\t<\/div>\n\t\t<\/section>\n\t\t\t\t<section class=\"has_eae_slider elementor-section elementor-top-section elementor-element elementor-element-d05ca99 elementor-section-boxed elementor-section-height-default elementor-section-height-default\" data-eae-slider=\"14961\" data-id=\"d05ca99\" data-element_type=\"section\" data-e-type=\"section\">\n\t\t\t\t\t\t<div class=\"elementor-container elementor-column-gap-default\">\n\t\t\t\t\t<div class=\"has_eae_slider elementor-column elementor-col-100 elementor-top-column elementor-element elementor-element-e3f3c07\" data-eae-slider=\"6183\" data-id=\"e3f3c07\" data-element_type=\"column\" data-e-type=\"column\">\n\t\t\t<div class=\"elementor-widget-wrap elementor-element-populated\">\n\t\t\t\t\t\t<div class=\"elementor-element elementor-element-c7d6680 elementor-widget-divider--view-line elementor-widget elementor-widget-divider\" data-id=\"c7d6680\" data-element_type=\"widget\" data-e-type=\"widget\" data-widget_type=\"divider.default\">\n\t\t\t\t<div class=\"elementor-widget-container\">\n\t\t\t\t\t\t\t<div class=\"elementor-divider\">\n\t\t\t<span class=\"elementor-divider-separator\">\n\t\t\t\t\t\t<\/span>\n\t\t<\/div>\n\t\t\t\t\t\t<\/div>\n\t\t\t\t<\/div>\n\t\t\t\t\t<\/div>\n\t\t<\/div>\n\t\t\t\t\t<\/div>\n\t\t<\/section>\n\t\t\t\t<\/div>","protected":false},"excerpt":{"rendered":"<p>Na konferencijama za diseminaciju predstavljeni su rezultati projekta i potaknuta suradnja me\u0111u 40 sudionika. Doga\u0111aji su uklju\u010divali NEET-ove, sportske organizacije, institucije za obrazovanje mladih, nevladine organizacije, trenere, edukatore i kreatore politika, a svi su sudjelovali u dijeljenju iskustava, raspravi o ishodima i istra\u017eivanju budu\u0107ih prilika.<\/p>","protected":false},"author":2,"featured_media":0,"parent":0,"menu_order":0,"comment_status":"closed","ping_status":"closed","template":"","meta":{"footnotes":""},"class_list":["post-662","page","type-page","status-publish","hentry"],"blocksy_meta":[],"_links":{"self":[{"href":"https:\/\/hricerasmus.eu\/hr\/wp-json\/wp\/v2\/pages\/662","targetHints":{"allow":["GET"]}}],"collection":[{"href":"https:\/\/hricerasmus.eu\/hr\/wp-json\/wp\/v2\/pages"}],"about":[{"href":"https:\/\/hricerasmus.eu\/hr\/wp-json\/wp\/v2\/types\/page"}],"author":[{"embeddable":true,"href":"https:\/\/hricerasmus.eu\/hr\/wp-json\/wp\/v2\/users\/2"}],"replies":[{"embeddable":true,"href":"https:\/\/hricerasmus.eu\/hr\/wp-json\/wp\/v2\/comments?post=662"}],"version-history":[{"count":10,"href":"https:\/\/hricerasmus.eu\/hr\/wp-json\/wp\/v2\/pages\/662\/revisions"}],"predecessor-version":[{"id":754,"href":"https:\/\/hricerasmus.eu\/hr\/wp-json\/wp\/v2\/pages\/662\/revisions\/754"}],"wp:attachment":[{"href":"https:\/\/hricerasmus.eu\/hr\/wp-json\/wp\/v2\/media?parent=662"}],"curies":[{"name":"radni list","href":"https:\/\/api.w.org\/{rel}","templated":true}]}}