{"id":815,"date":"2025-07-16T11:27:54","date_gmt":"2025-07-16T11:27:54","guid":{"rendered":"https:\/\/hricerasmus.eu\/?page_id=815"},"modified":"2025-07-17T09:31:40","modified_gmt":"2025-07-17T09:31:40","slug":"mvngo-training-for-sport-operators","status":"publish","type":"page","link":"https:\/\/hricerasmus.eu\/hr\/mvngo-training-for-sport-operators\/","title":{"rendered":"Obuka za sportske trenere i dru\u0161tvene operatere - MVNGO"},"content":{"rendered":"<div data-elementor-type=\"wp-page\" data-elementor-id=\"815\" class=\"elementor elementor-815\">\n\t\t\t\t\t\t<section class=\"has_eae_slider elementor-section elementor-top-section elementor-element elementor-element-ae2857b elementor-section-boxed elementor-section-height-default elementor-section-height-default\" data-eae-slider=\"21175\" data-id=\"ae2857b\" data-element_type=\"section\" data-e-type=\"section\">\n\t\t\t\t\t\t<div class=\"elementor-container elementor-column-gap-default\">\n\t\t\t\t\t<div class=\"has_eae_slider elementor-column elementor-col-100 elementor-top-column elementor-element elementor-element-3fc4832\" data-eae-slider=\"24210\" data-id=\"3fc4832\" data-element_type=\"column\" data-e-type=\"column\">\n\t\t\t<div class=\"elementor-widget-wrap elementor-element-populated\">\n\t\t\t\t\t\t<div class=\"elementor-element elementor-element-7cc075d elementor-widget-divider--view-line elementor-widget elementor-widget-divider\" data-id=\"7cc075d\" data-element_type=\"widget\" data-e-type=\"widget\" data-widget_type=\"divider.default\">\n\t\t\t\t<div class=\"elementor-widget-container\">\n\t\t\t\t\t\t\t<div class=\"elementor-divider\">\n\t\t\t<span class=\"elementor-divider-separator\">\n\t\t\t\t\t\t<\/span>\n\t\t<\/div>\n\t\t\t\t\t\t<\/div>\n\t\t\t\t<\/div>\n\t\t\t\t<div class=\"elementor-element elementor-element-135e0aa elementor-widget elementor-widget-image\" data-id=\"135e0aa\" data-element_type=\"widget\" data-e-type=\"widget\" data-widget_type=\"image.default\">\n\t\t\t\t<div class=\"elementor-widget-container\">\n\t\t\t\t\t\t\t\t\t\t\t\t\t\t\t<img decoding=\"async\" width=\"250\" height=\"149\" src=\"https:\/\/hricerasmus.eu\/wp-content\/uploads\/2025\/05\/53252355.png\" class=\"attachment-full size-full wp-image-403\" alt=\"\" srcset=\"https:\/\/hricerasmus.eu\/wp-content\/uploads\/2025\/05\/53252355.png 250w, https:\/\/hricerasmus.eu\/wp-content\/uploads\/2025\/05\/53252355-18x12.png 18w\" sizes=\"(max-width: 250px) 100vw, 250px\" \/>\t\t\t\t\t\t\t\t\t\t\t\t\t\t\t<\/div>\n\t\t\t\t<\/div>\n\t\t\t\t<div class=\"elementor-element elementor-element-716e2fc elementor-widget elementor-widget-text-editor\" data-id=\"716e2fc\" data-element_type=\"widget\" data-e-type=\"widget\" data-widget_type=\"text-editor.default\">\n\t\t\t\t<div class=\"elementor-widget-container\">\n\t\t\t\t\t\t\t\t\t<p class=\"MsoNormal\"><b>Odgovorna organizacija:<\/b> Nevladina organizacija Mine Vaganti<br \/><b>Datum:<\/b> 21. do 23. rujna 2024.<br \/><b>Vrijeme:<\/b> od 10:00 do 13:00 sati svaki dan<br \/><b>Mjesto:<\/b> Sassari, Italija<br \/><b>Broj sudionika:<\/b> 8<\/p><p>\u00a0<\/p><p class=\"MsoNormal\">U Sassariju je odr\u017eana obuka kako bi se sportskim trenerima i socijalnim djelatnicima pru\u017eili u\u010dinkoviti alati za podr\u0161ku ranjivim mladima, posebno onima koji se suo\u010davaju s psiholo\u0161kim izazovima. Sudionici su sudjelovali u interaktivnim radionicama, grupnim raspravama i vje\u017ebama temeljenim na scenarijima usmjerenima na HRIC metodologiju. Format je kombinirao Obrazovanje kroz sport (ETS) s psiholo\u0161kim tehnikama i testiran je u praksi kako bi se osigurala njegova relevantnost. Povratne informacije prikupljene tijekom sesija pomo\u0107i \u0107e u usavr\u0161avanju metodologije za \u0161iru primjenu diljem Europe.<\/p><p class=\"MsoNormal\">\u00a0<\/p>\t\t\t\t\t\t\t\t<\/div>\n\t\t\t\t<\/div>\n\t\t\t\t<div class=\"elementor-element elementor-element-ac28d9d gallery-spacing-custom elementor-widget elementor-widget-image-gallery\" data-id=\"ac28d9d\" data-element_type=\"widget\" data-e-type=\"widget\" data-widget_type=\"image-gallery.default\">\n\t\t\t\t<div class=\"elementor-widget-container\">\n\t\t\t\t\t\t\t<div class=\"elementor-image-gallery\">\n\t\t\t<div id='gallery-1' class='gallery galleryid-815 gallery-columns-3 gallery-size-full'><figure class='gallery-item'>\n\t\t\t<div class='gallery-icon portrait'>\n\t\t\t\t<img fetchpriority=\"high\" decoding=\"async\" width=\"1200\" height=\"1600\" src=\"https:\/\/hricerasmus.eu\/wp-content\/uploads\/2025\/07\/WhatsApp-Image-2024-10-21-at-18.00.57.jpeg\" class=\"attachment-full size-full\" alt=\"\" srcset=\"https:\/\/hricerasmus.eu\/wp-content\/uploads\/2025\/07\/WhatsApp-Image-2024-10-21-at-18.00.57.jpeg 1200w, https:\/\/hricerasmus.eu\/wp-content\/uploads\/2025\/07\/WhatsApp-Image-2024-10-21-at-18.00.57-225x300.jpeg 225w, https:\/\/hricerasmus.eu\/wp-content\/uploads\/2025\/07\/WhatsApp-Image-2024-10-21-at-18.00.57-768x1024.jpeg 768w, https:\/\/hricerasmus.eu\/wp-content\/uploads\/2025\/07\/WhatsApp-Image-2024-10-21-at-18.00.57-1152x1536.jpeg 1152w, https:\/\/hricerasmus.eu\/wp-content\/uploads\/2025\/07\/WhatsApp-Image-2024-10-21-at-18.00.57-9x12.jpeg 9w\" sizes=\"(max-width: 1200px) 100vw, 1200px\" \/>\n\t\t\t<\/div><\/figure><figure class='gallery-item'>\n\t\t\t<div class='gallery-icon landscape'>\n\t\t\t\t<img decoding=\"async\" width=\"1600\" height=\"1200\" src=\"https:\/\/hricerasmus.eu\/wp-content\/uploads\/2025\/07\/WhatsApp-Image-2024-10-21-at-17.13.43-1.jpeg\" class=\"attachment-full size-full\" alt=\"\" srcset=\"https:\/\/hricerasmus.eu\/wp-content\/uploads\/2025\/07\/WhatsApp-Image-2024-10-21-at-17.13.43-1.jpeg 1600w, https:\/\/hricerasmus.eu\/wp-content\/uploads\/2025\/07\/WhatsApp-Image-2024-10-21-at-17.13.43-1-300x225.jpeg 300w, https:\/\/hricerasmus.eu\/wp-content\/uploads\/2025\/07\/WhatsApp-Image-2024-10-21-at-17.13.43-1-1024x768.jpeg 1024w, https:\/\/hricerasmus.eu\/wp-content\/uploads\/2025\/07\/WhatsApp-Image-2024-10-21-at-17.13.43-1-768x576.jpeg 768w, https:\/\/hricerasmus.eu\/wp-content\/uploads\/2025\/07\/WhatsApp-Image-2024-10-21-at-17.13.43-1-1536x1152.jpeg 1536w, https:\/\/hricerasmus.eu\/wp-content\/uploads\/2025\/07\/WhatsApp-Image-2024-10-21-at-17.13.43-1-16x12.jpeg 16w\" sizes=\"(max-width: 1600px) 100vw, 1600px\" \/>\n\t\t\t<\/div><\/figure><figure class='gallery-item'>\n\t\t\t<div class='gallery-icon landscape'>\n\t\t\t\t<img loading=\"lazy\" decoding=\"async\" width=\"1600\" height=\"1200\" src=\"https:\/\/hricerasmus.eu\/wp-content\/uploads\/2025\/07\/WhatsApp-Image-2024-10-21-at-17.07.28.jpeg\" class=\"attachment-full size-full\" alt=\"\" srcset=\"https:\/\/hricerasmus.eu\/wp-content\/uploads\/2025\/07\/WhatsApp-Image-2024-10-21-at-17.07.28.jpeg 1600w, https:\/\/hricerasmus.eu\/wp-content\/uploads\/2025\/07\/WhatsApp-Image-2024-10-21-at-17.07.28-300x225.jpeg 300w, https:\/\/hricerasmus.eu\/wp-content\/uploads\/2025\/07\/WhatsApp-Image-2024-10-21-at-17.07.28-1024x768.jpeg 1024w, https:\/\/hricerasmus.eu\/wp-content\/uploads\/2025\/07\/WhatsApp-Image-2024-10-21-at-17.07.28-768x576.jpeg 768w, https:\/\/hricerasmus.eu\/wp-content\/uploads\/2025\/07\/WhatsApp-Image-2024-10-21-at-17.07.28-1536x1152.jpeg 1536w, https:\/\/hricerasmus.eu\/wp-content\/uploads\/2025\/07\/WhatsApp-Image-2024-10-21-at-17.07.28-16x12.jpeg 16w\" sizes=\"(max-width: 1600px) 100vw, 1600px\" \/>\n\t\t\t<\/div><\/figure>\n\t\t<\/div>\n\t\t<\/div>\n\t\t\t\t\t\t<\/div>\n\t\t\t\t<\/div>\n\t\t\t\t\t<\/div>\n\t\t<\/div>\n\t\t\t\t\t<\/div>\n\t\t<\/section>\n\t\t\t\t<section class=\"has_eae_slider elementor-section elementor-top-section elementor-element elementor-element-082613c elementor-section-boxed elementor-section-height-default elementor-section-height-default\" data-eae-slider=\"77615\" data-id=\"082613c\" data-element_type=\"section\" data-e-type=\"section\">\n\t\t\t\t\t\t<div class=\"elementor-container elementor-column-gap-default\">\n\t\t\t\t\t<div class=\"has_eae_slider elementor-column elementor-col-100 elementor-top-column elementor-element elementor-element-956f5d9\" data-eae-slider=\"73469\" data-id=\"956f5d9\" data-element_type=\"column\" data-e-type=\"column\">\n\t\t\t<div class=\"elementor-widget-wrap elementor-element-populated\">\n\t\t\t\t\t\t<div class=\"elementor-element elementor-element-a6e826c elementor-widget-divider--view-line elementor-widget elementor-widget-divider\" data-id=\"a6e826c\" data-element_type=\"widget\" data-e-type=\"widget\" data-widget_type=\"divider.default\">\n\t\t\t\t<div class=\"elementor-widget-container\">\n\t\t\t\t\t\t\t<div class=\"elementor-divider\">\n\t\t\t<span class=\"elementor-divider-separator\">\n\t\t\t\t\t\t<\/span>\n\t\t<\/div>\n\t\t\t\t\t\t<\/div>\n\t\t\t\t<\/div>\n\t\t\t\t\t<\/div>\n\t\t<\/div>\n\t\t\t\t\t<\/div>\n\t\t<\/section>\n\t\t\t\t<\/div>","protected":false},"excerpt":{"rendered":"<p>Responsible organization: Mine Vaganti NGODate: September 21 to 23, 2024Time: 10:00 AM to 1:00 PM each dayLocation: Sassari, ItalyNumber of participants: 8 \u00a0 A training was held in Sassari to provide sport coaches and social operators with effective tools for supporting vulnerable youth, particularly those facing psychological challenges. Participants engaged in interactive workshops, group discussions, [&hellip;]<\/p>\n","protected":false},"author":2,"featured_media":0,"parent":0,"menu_order":0,"comment_status":"closed","ping_status":"closed","template":"","meta":{"footnotes":""},"class_list":["post-815","page","type-page","status-publish","hentry"],"blocksy_meta":[],"_links":{"self":[{"href":"https:\/\/hricerasmus.eu\/hr\/wp-json\/wp\/v2\/pages\/815","targetHints":{"allow":["GET"]}}],"collection":[{"href":"https:\/\/hricerasmus.eu\/hr\/wp-json\/wp\/v2\/pages"}],"about":[{"href":"https:\/\/hricerasmus.eu\/hr\/wp-json\/wp\/v2\/types\/page"}],"author":[{"embeddable":true,"href":"https:\/\/hricerasmus.eu\/hr\/wp-json\/wp\/v2\/users\/2"}],"replies":[{"embeddable":true,"href":"https:\/\/hricerasmus.eu\/hr\/wp-json\/wp\/v2\/comments?post=815"}],"version-history":[{"count":12,"href":"https:\/\/hricerasmus.eu\/hr\/wp-json\/wp\/v2\/pages\/815\/revisions"}],"predecessor-version":[{"id":915,"href":"https:\/\/hricerasmus.eu\/hr\/wp-json\/wp\/v2\/pages\/815\/revisions\/915"}],"wp:attachment":[{"href":"https:\/\/hricerasmus.eu\/hr\/wp-json\/wp\/v2\/media?parent=815"}],"curies":[{"name":"radni list","href":"https:\/\/api.w.org\/{rel}","templated":true}]}}