{"id":820,"date":"2025-07-16T12:46:28","date_gmt":"2025-07-16T12:46:28","guid":{"rendered":"https:\/\/hricerasmus.eu\/?page_id=820"},"modified":"2025-07-17T09:30:58","modified_gmt":"2025-07-17T09:30:58","slug":"sea-training-for-sport-operators","status":"publish","type":"page","link":"https:\/\/hricerasmus.eu\/hr\/sea-training-for-sport-operators\/","title":{"rendered":"Obuka za sportske trenere i dru\u0161tvene operatere - SEA"},"content":{"rendered":"<div data-elementor-type=\"wp-page\" data-elementor-id=\"820\" class=\"elementor elementor-820\">\n\t\t\t\t\t\t<section class=\"has_eae_slider elementor-section elementor-top-section elementor-element elementor-element-c0f8edb elementor-section-boxed elementor-section-height-default elementor-section-height-default\" data-eae-slider=\"59379\" data-id=\"c0f8edb\" data-element_type=\"section\" data-e-type=\"section\">\n\t\t\t\t\t\t<div class=\"elementor-container elementor-column-gap-default\">\n\t\t\t\t\t<div class=\"has_eae_slider elementor-column elementor-col-100 elementor-top-column elementor-element elementor-element-dba75a9\" data-eae-slider=\"99627\" data-id=\"dba75a9\" data-element_type=\"column\" data-e-type=\"column\">\n\t\t\t<div class=\"elementor-widget-wrap elementor-element-populated\">\n\t\t\t\t\t\t<div class=\"elementor-element elementor-element-eba207e elementor-widget-divider--view-line elementor-widget elementor-widget-divider\" data-id=\"eba207e\" data-element_type=\"widget\" data-e-type=\"widget\" data-widget_type=\"divider.default\">\n\t\t\t\t<div class=\"elementor-widget-container\">\n\t\t\t\t\t\t\t<div class=\"elementor-divider\">\n\t\t\t<span class=\"elementor-divider-separator\">\n\t\t\t\t\t\t<\/span>\n\t\t<\/div>\n\t\t\t\t\t\t<\/div>\n\t\t\t\t<\/div>\n\t\t\t\t<div class=\"elementor-element elementor-element-cd8a95f elementor-widget elementor-widget-image\" data-id=\"cd8a95f\" data-element_type=\"widget\" data-e-type=\"widget\" data-widget_type=\"image.default\">\n\t\t\t\t<div class=\"elementor-widget-container\">\n\t\t\t\t\t\t\t\t\t\t\t\t\t\t\t<img fetchpriority=\"high\" decoding=\"async\" width=\"261\" height=\"266\" src=\"https:\/\/hricerasmus.eu\/wp-content\/uploads\/2025\/05\/3523552.png\" class=\"attachment-full size-full wp-image-405\" alt=\"\" srcset=\"https:\/\/hricerasmus.eu\/wp-content\/uploads\/2025\/05\/3523552.png 261w, https:\/\/hricerasmus.eu\/wp-content\/uploads\/2025\/05\/3523552-12x12.png 12w\" sizes=\"(max-width: 261px) 100vw, 261px\" \/>\t\t\t\t\t\t\t\t\t\t\t\t\t\t\t<\/div>\n\t\t\t\t<\/div>\n\t\t\t\t<div class=\"elementor-element elementor-element-dc27937 elementor-widget elementor-widget-text-editor\" data-id=\"dc27937\" data-element_type=\"widget\" data-e-type=\"widget\" data-widget_type=\"text-editor.default\">\n\t\t\t\t<div class=\"elementor-widget-container\">\n\t\t\t\t\t\t\t\t\t<p><strong>Odgovorna organizacija:<\/strong> Savez za sportsku evoluciju<br \/><strong>Datum:<\/strong> 25. do 27. rujna 2024.<br \/><strong>Vrijeme:<\/strong> Svaki dan od 14:00 do 16:00 sati<br \/><strong>Mjesto:<\/strong> Lisabon, Portugal<br \/><strong>Broj sudionika:<\/strong> 5<\/p><p>U Lisabonu je odr\u017eana obuka za sportske trenere i dru\u0161tvene djelatnike o primjeni i prilagodbi HRIC metodologije u stvarnim \u017eivotnim kontekstima. Sudionici su sudjelovali u radionicama, suradni\u010dkim raspravama i vje\u017ebama temeljenim na scenarijima. Obuka je poslu\u017eila kao pilotni test za pristup, omogu\u0107uju\u0107i prikupljanje povratnih informacija za daljnje usavr\u0161avanje i budu\u0107u primjenu diljem Europe.<\/p>\t\t\t\t\t\t\t\t<\/div>\n\t\t\t\t<\/div>\n\t\t\t\t<div class=\"elementor-element elementor-element-94a8f26 gallery-spacing-custom elementor-widget elementor-widget-image-gallery\" data-id=\"94a8f26\" data-element_type=\"widget\" data-e-type=\"widget\" data-widget_type=\"image-gallery.default\">\n\t\t\t\t<div class=\"elementor-widget-container\">\n\t\t\t\t\t\t\t<div class=\"elementor-image-gallery\">\n\t\t\t<div id='gallery-1' class='gallery galleryid-820 gallery-columns-3 gallery-size-full'><figure class='gallery-item'>\n\t\t\t<div class='gallery-icon landscape'>\n\t\t\t\t<img decoding=\"async\" width=\"1620\" height=\"1080\" src=\"https:\/\/hricerasmus.eu\/wp-content\/uploads\/2025\/07\/491842235_1222045213264485_4097370193066085549_n.jpg\" class=\"attachment-full size-full\" alt=\"\" srcset=\"https:\/\/hricerasmus.eu\/wp-content\/uploads\/2025\/07\/491842235_1222045213264485_4097370193066085549_n.jpg 1620w, https:\/\/hricerasmus.eu\/wp-content\/uploads\/2025\/07\/491842235_1222045213264485_4097370193066085549_n-300x200.jpg 300w, https:\/\/hricerasmus.eu\/wp-content\/uploads\/2025\/07\/491842235_1222045213264485_4097370193066085549_n-1024x683.jpg 1024w, https:\/\/hricerasmus.eu\/wp-content\/uploads\/2025\/07\/491842235_1222045213264485_4097370193066085549_n-768x512.jpg 768w, https:\/\/hricerasmus.eu\/wp-content\/uploads\/2025\/07\/491842235_1222045213264485_4097370193066085549_n-1536x1024.jpg 1536w, https:\/\/hricerasmus.eu\/wp-content\/uploads\/2025\/07\/491842235_1222045213264485_4097370193066085549_n-18x12.jpg 18w\" sizes=\"(max-width: 1620px) 100vw, 1620px\" \/>\n\t\t\t<\/div><\/figure><figure class='gallery-item'>\n\t\t\t<div class='gallery-icon landscape'>\n\t\t\t\t<img decoding=\"async\" width=\"1620\" height=\"1080\" src=\"https:\/\/hricerasmus.eu\/wp-content\/uploads\/2025\/07\/491405722_1222045166597823_254986200313991594_n.jpg\" class=\"attachment-full size-full\" alt=\"\" srcset=\"https:\/\/hricerasmus.eu\/wp-content\/uploads\/2025\/07\/491405722_1222045166597823_254986200313991594_n.jpg 1620w, https:\/\/hricerasmus.eu\/wp-content\/uploads\/2025\/07\/491405722_1222045166597823_254986200313991594_n-300x200.jpg 300w, https:\/\/hricerasmus.eu\/wp-content\/uploads\/2025\/07\/491405722_1222045166597823_254986200313991594_n-1024x683.jpg 1024w, https:\/\/hricerasmus.eu\/wp-content\/uploads\/2025\/07\/491405722_1222045166597823_254986200313991594_n-768x512.jpg 768w, https:\/\/hricerasmus.eu\/wp-content\/uploads\/2025\/07\/491405722_1222045166597823_254986200313991594_n-1536x1024.jpg 1536w, https:\/\/hricerasmus.eu\/wp-content\/uploads\/2025\/07\/491405722_1222045166597823_254986200313991594_n-18x12.jpg 18w\" sizes=\"(max-width: 1620px) 100vw, 1620px\" \/>\n\t\t\t<\/div><\/figure><figure class='gallery-item'>\n\t\t\t<div class='gallery-icon landscape'>\n\t\t\t\t<img loading=\"lazy\" decoding=\"async\" width=\"1620\" height=\"1080\" src=\"https:\/\/hricerasmus.eu\/wp-content\/uploads\/2025\/07\/491835740_1222045489931124_831077438236875212_n.jpg\" class=\"attachment-full size-full\" alt=\"\" srcset=\"https:\/\/hricerasmus.eu\/wp-content\/uploads\/2025\/07\/491835740_1222045489931124_831077438236875212_n.jpg 1620w, https:\/\/hricerasmus.eu\/wp-content\/uploads\/2025\/07\/491835740_1222045489931124_831077438236875212_n-300x200.jpg 300w, https:\/\/hricerasmus.eu\/wp-content\/uploads\/2025\/07\/491835740_1222045489931124_831077438236875212_n-1024x683.jpg 1024w, https:\/\/hricerasmus.eu\/wp-content\/uploads\/2025\/07\/491835740_1222045489931124_831077438236875212_n-768x512.jpg 768w, https:\/\/hricerasmus.eu\/wp-content\/uploads\/2025\/07\/491835740_1222045489931124_831077438236875212_n-1536x1024.jpg 1536w, https:\/\/hricerasmus.eu\/wp-content\/uploads\/2025\/07\/491835740_1222045489931124_831077438236875212_n-18x12.jpg 18w\" sizes=\"(max-width: 1620px) 100vw, 1620px\" \/>\n\t\t\t<\/div><\/figure>\n\t\t<\/div>\n\t\t<\/div>\n\t\t\t\t\t\t<\/div>\n\t\t\t\t<\/div>\n\t\t\t\t\t<\/div>\n\t\t<\/div>\n\t\t\t\t\t<\/div>\n\t\t<\/section>\n\t\t\t\t<section class=\"has_eae_slider elementor-section elementor-top-section elementor-element elementor-element-082613c elementor-section-boxed elementor-section-height-default elementor-section-height-default\" data-eae-slider=\"59615\" data-id=\"082613c\" data-element_type=\"section\" data-e-type=\"section\">\n\t\t\t\t\t\t<div class=\"elementor-container elementor-column-gap-default\">\n\t\t\t\t\t<div class=\"has_eae_slider elementor-column elementor-col-100 elementor-top-column elementor-element elementor-element-956f5d9\" data-eae-slider=\"74281\" data-id=\"956f5d9\" data-element_type=\"column\" data-e-type=\"column\">\n\t\t\t<div class=\"elementor-widget-wrap elementor-element-populated\">\n\t\t\t\t\t\t<div class=\"elementor-element elementor-element-a6e826c elementor-widget-divider--view-line elementor-widget elementor-widget-divider\" data-id=\"a6e826c\" data-element_type=\"widget\" data-e-type=\"widget\" data-widget_type=\"divider.default\">\n\t\t\t\t<div class=\"elementor-widget-container\">\n\t\t\t\t\t\t\t<div class=\"elementor-divider\">\n\t\t\t<span class=\"elementor-divider-separator\">\n\t\t\t\t\t\t<\/span>\n\t\t<\/div>\n\t\t\t\t\t\t<\/div>\n\t\t\t\t<\/div>\n\t\t\t\t\t<\/div>\n\t\t<\/div>\n\t\t\t\t\t<\/div>\n\t\t<\/section>\n\t\t\t\t<\/div>","protected":false},"excerpt":{"rendered":"<p>Responsible organization: Sport Evolution AllianceDate: September 25 to 27, 2024Time: 2:00 PM to 4:00 PM each dayLocation: Lisbon, PortugalNumber of participants: 5 A training for sport coaches and social operators was given in Lisbon to apply and adapt the HRIC methodology in real-life contexts. Participants engaged in workshops, collaborative discussions, and scenario-based exercises. The training [&hellip;]<\/p>\n","protected":false},"author":2,"featured_media":0,"parent":0,"menu_order":0,"comment_status":"closed","ping_status":"closed","template":"","meta":{"footnotes":""},"class_list":["post-820","page","type-page","status-publish","hentry"],"blocksy_meta":[],"_links":{"self":[{"href":"https:\/\/hricerasmus.eu\/hr\/wp-json\/wp\/v2\/pages\/820","targetHints":{"allow":["GET"]}}],"collection":[{"href":"https:\/\/hricerasmus.eu\/hr\/wp-json\/wp\/v2\/pages"}],"about":[{"href":"https:\/\/hricerasmus.eu\/hr\/wp-json\/wp\/v2\/types\/page"}],"author":[{"embeddable":true,"href":"https:\/\/hricerasmus.eu\/hr\/wp-json\/wp\/v2\/users\/2"}],"replies":[{"embeddable":true,"href":"https:\/\/hricerasmus.eu\/hr\/wp-json\/wp\/v2\/comments?post=820"}],"version-history":[{"count":12,"href":"https:\/\/hricerasmus.eu\/hr\/wp-json\/wp\/v2\/pages\/820\/revisions"}],"predecessor-version":[{"id":914,"href":"https:\/\/hricerasmus.eu\/hr\/wp-json\/wp\/v2\/pages\/820\/revisions\/914"}],"wp:attachment":[{"href":"https:\/\/hricerasmus.eu\/hr\/wp-json\/wp\/v2\/media?parent=820"}],"curies":[{"name":"radni list","href":"https:\/\/api.w.org\/{rel}","templated":true}]}}