{"id":902,"date":"2025-07-17T09:17:44","date_gmt":"2025-07-17T09:17:44","guid":{"rendered":"https:\/\/hricerasmus.eu\/?page_id=902"},"modified":"2025-07-28T14:13:34","modified_gmt":"2025-07-28T14:13:34","slug":"training-for-sport-coaches-and-social-operators","status":"publish","type":"page","link":"https:\/\/hricerasmus.eu\/hr\/training-for-sport-coaches-and-social-operators\/","title":{"rendered":"Obuka za sportske trenere i socijalne operatere - URISOCA"},"content":{"rendered":"<div data-elementor-type=\"wp-page\" data-elementor-id=\"902\" class=\"elementor elementor-902\">\n\t\t\t\t\t\t<section class=\"has_eae_slider elementor-section elementor-top-section elementor-element elementor-element-57782d6 elementor-section-boxed elementor-section-height-default elementor-section-height-default\" data-eae-slider=\"13689\" data-id=\"57782d6\" data-element_type=\"section\" data-e-type=\"section\">\n\t\t\t\t\t\t<div class=\"elementor-container elementor-column-gap-default\">\n\t\t\t\t\t<div class=\"has_eae_slider elementor-column elementor-col-100 elementor-top-column elementor-element elementor-element-a29691a\" data-eae-slider=\"42749\" data-id=\"a29691a\" data-element_type=\"column\" data-e-type=\"column\">\n\t\t\t<div class=\"elementor-widget-wrap elementor-element-populated\">\n\t\t\t\t\t\t<div class=\"elementor-element elementor-element-87e8dce elementor-widget-divider--view-line elementor-widget elementor-widget-divider\" data-id=\"87e8dce\" data-element_type=\"widget\" data-e-type=\"widget\" data-widget_type=\"divider.default\">\n\t\t\t\t<div class=\"elementor-widget-container\">\n\t\t\t\t\t\t\t<div class=\"elementor-divider\">\n\t\t\t<span class=\"elementor-divider-separator\">\n\t\t\t\t\t\t<\/span>\n\t\t<\/div>\n\t\t\t\t\t\t<\/div>\n\t\t\t\t<\/div>\n\t\t\t\t<div class=\"elementor-element elementor-element-0f1f445 elementor-widget elementor-widget-image\" data-id=\"0f1f445\" data-element_type=\"widget\" data-e-type=\"widget\" data-widget_type=\"image.default\">\n\t\t\t\t<div class=\"elementor-widget-container\">\n\t\t\t\t\t\t\t\t\t\t\t\t\t\t\t<img decoding=\"async\" width=\"205\" height=\"100\" src=\"https:\/\/hricerasmus.eu\/wp-content\/uploads\/2025\/05\/43635625.png\" class=\"attachment-full size-full wp-image-406\" alt=\"\" srcset=\"https:\/\/hricerasmus.eu\/wp-content\/uploads\/2025\/05\/43635625.png 205w, https:\/\/hricerasmus.eu\/wp-content\/uploads\/2025\/05\/43635625-18x9.png 18w\" sizes=\"(max-width: 205px) 100vw, 205px\" \/>\t\t\t\t\t\t\t\t\t\t\t\t\t\t\t<\/div>\n\t\t\t\t<\/div>\n\t\t\t\t<div class=\"elementor-element elementor-element-bd23477 elementor-widget elementor-widget-text-editor\" data-id=\"bd23477\" data-element_type=\"widget\" data-e-type=\"widget\" data-widget_type=\"text-editor.default\">\n\t\t\t\t<div class=\"elementor-widget-container\">\n\t\t\t\t\t\t\t\t\t<p style=\"font-style: normal; font-variant-ligatures: normal; font-variant-caps: normal; font-weight: 400; font-size: 16px; font-family: Tahoma, sans-serif; margin-block-end: 24px;\"><strong>Odgovorna organizacija:<\/strong>\u00a0URISOCA<br \/><strong>Datum:<\/strong> 10. i 11. rujna 2024.<br \/><strong>Vrijeme:<\/strong>\u00a0od 14:00 do 16:00 sati<br \/><strong>Mjesto:<\/strong>\u00a0Ljubljana, Slovenija<br \/><strong>Broj sudionika:<\/strong> 4<\/p><p style=\"font-style: normal; font-variant-ligatures: normal; font-variant-caps: normal; font-weight: 400; font-size: 16px; font-family: Tahoma, sans-serif; margin-block-end: 24px;\">U Ljubljani je odr\u017ean dvodnevni trening kako bi se sportski treneri i socijalni djelatnici upoznali s inkluzivnim metodologijama za podr\u0161ku mladima s psiholo\u0161kim izazovima. Kroz radionice, vje\u017ebe temeljene na scenarijima i vr\u0161nja\u010dko u\u010denje, sudionici su istra\u017eili prakti\u010dnu primjenu HRIC formata.<\/p>\t\t\t\t\t\t\t\t<\/div>\n\t\t\t\t<\/div>\n\t\t\t\t\t<\/div>\n\t\t<\/div>\n\t\t\t\t\t<\/div>\n\t\t<\/section>\n\t\t\t\t<section class=\"has_eae_slider elementor-section elementor-top-section elementor-element elementor-element-082613c elementor-section-boxed elementor-section-height-default elementor-section-height-default\" data-eae-slider=\"23901\" data-id=\"082613c\" data-element_type=\"section\" data-e-type=\"section\">\n\t\t\t\t\t\t<div class=\"elementor-container elementor-column-gap-default\">\n\t\t\t\t\t<div class=\"has_eae_slider elementor-column elementor-col-100 elementor-top-column elementor-element elementor-element-956f5d9\" data-eae-slider=\"87589\" data-id=\"956f5d9\" data-element_type=\"column\" data-e-type=\"column\">\n\t\t\t<div class=\"elementor-widget-wrap elementor-element-populated\">\n\t\t\t\t\t\t<div class=\"elementor-element elementor-element-a6e826c elementor-widget-divider--view-line elementor-widget elementor-widget-divider\" data-id=\"a6e826c\" data-element_type=\"widget\" data-e-type=\"widget\" data-widget_type=\"divider.default\">\n\t\t\t\t<div class=\"elementor-widget-container\">\n\t\t\t\t\t\t\t<div class=\"elementor-divider\">\n\t\t\t<span class=\"elementor-divider-separator\">\n\t\t\t\t\t\t<\/span>\n\t\t<\/div>\n\t\t\t\t\t\t<\/div>\n\t\t\t\t<\/div>\n\t\t\t\t\t<\/div>\n\t\t<\/div>\n\t\t\t\t\t<\/div>\n\t\t<\/section>\n\t\t\t\t<\/div>","protected":false},"excerpt":{"rendered":"<p>Responsible organization:\u00a0URISOCADate: September 10 and 11, 2024Time:\u00a02:00 PM to 4:00 PMLocation:\u00a0Ljubljana, SloveniaNumber of participants: 4 A two-day training was held in Ljubljana to introduce sport coaches and social operators to inclusive methodologies for supporting young people with psychological challenges. Through workshops, scenario-based exercises, and peer learning, participants explored the practical application of the HRIC format.<\/p>","protected":false},"author":2,"featured_media":0,"parent":0,"menu_order":0,"comment_status":"closed","ping_status":"closed","template":"","meta":{"footnotes":""},"class_list":["post-902","page","type-page","status-publish","hentry"],"blocksy_meta":[],"_links":{"self":[{"href":"https:\/\/hricerasmus.eu\/hr\/wp-json\/wp\/v2\/pages\/902","targetHints":{"allow":["GET"]}}],"collection":[{"href":"https:\/\/hricerasmus.eu\/hr\/wp-json\/wp\/v2\/pages"}],"about":[{"href":"https:\/\/hricerasmus.eu\/hr\/wp-json\/wp\/v2\/types\/page"}],"author":[{"embeddable":true,"href":"https:\/\/hricerasmus.eu\/hr\/wp-json\/wp\/v2\/users\/2"}],"replies":[{"embeddable":true,"href":"https:\/\/hricerasmus.eu\/hr\/wp-json\/wp\/v2\/comments?post=902"}],"version-history":[{"count":11,"href":"https:\/\/hricerasmus.eu\/hr\/wp-json\/wp\/v2\/pages\/902\/revisions"}],"predecessor-version":[{"id":1017,"href":"https:\/\/hricerasmus.eu\/hr\/wp-json\/wp\/v2\/pages\/902\/revisions\/1017"}],"wp:attachment":[{"href":"https:\/\/hricerasmus.eu\/hr\/wp-json\/wp\/v2\/media?parent=902"}],"curies":[{"name":"radni list","href":"https:\/\/api.w.org\/{rel}","templated":true}]}}