{"id":917,"date":"2025-07-17T09:33:26","date_gmt":"2025-07-17T09:33:26","guid":{"rendered":"https:\/\/hricerasmus.eu\/?page_id=917"},"modified":"2025-07-28T09:35:37","modified_gmt":"2025-07-28T09:35:37","slug":"training-for-sport-coaches-and-social-operators-fipav","status":"publish","type":"page","link":"https:\/\/hricerasmus.eu\/hr\/training-for-sport-coaches-and-social-operators-fipav\/","title":{"rendered":"Obuka za sportske trenere i dru\u0161tvene operatere - FIPAV"},"content":{"rendered":"<div data-elementor-type=\"wp-page\" data-elementor-id=\"917\" class=\"elementor elementor-917\">\n\t\t\t\t\t\t<section class=\"has_eae_slider elementor-section elementor-top-section elementor-element elementor-element-c0f8edb elementor-section-boxed elementor-section-height-default elementor-section-height-default\" data-eae-slider=\"62432\" data-id=\"c0f8edb\" data-element_type=\"section\" data-e-type=\"section\">\n\t\t\t\t\t\t<div class=\"elementor-container elementor-column-gap-default\">\n\t\t\t\t\t<div class=\"has_eae_slider elementor-column elementor-col-100 elementor-top-column elementor-element elementor-element-dba75a9\" data-eae-slider=\"34491\" data-id=\"dba75a9\" data-element_type=\"column\" data-e-type=\"column\">\n\t\t\t<div class=\"elementor-widget-wrap elementor-element-populated\">\n\t\t\t\t\t\t<div class=\"elementor-element elementor-element-eba207e elementor-widget-divider--view-line elementor-widget elementor-widget-divider\" data-id=\"eba207e\" data-element_type=\"widget\" data-e-type=\"widget\" data-widget_type=\"divider.default\">\n\t\t\t\t<div class=\"elementor-widget-container\">\n\t\t\t\t\t\t\t<div class=\"elementor-divider\">\n\t\t\t<span class=\"elementor-divider-separator\">\n\t\t\t\t\t\t<\/span>\n\t\t<\/div>\n\t\t\t\t\t\t<\/div>\n\t\t\t\t<\/div>\n\t\t\t\t<div class=\"elementor-element elementor-element-cd8a95f elementor-widget elementor-widget-image\" data-id=\"cd8a95f\" data-element_type=\"widget\" data-e-type=\"widget\" data-widget_type=\"image.default\">\n\t\t\t\t<div class=\"elementor-widget-container\">\n\t\t\t\t\t\t\t\t\t\t\t\t\t\t\t<img fetchpriority=\"high\" decoding=\"async\" width=\"207\" height=\"244\" src=\"https:\/\/hricerasmus.eu\/wp-content\/uploads\/2025\/05\/438750923532.png\" class=\"attachment-medium_large size-medium_large wp-image-402\" alt=\"\" srcset=\"https:\/\/hricerasmus.eu\/wp-content\/uploads\/2025\/05\/438750923532.png 207w, https:\/\/hricerasmus.eu\/wp-content\/uploads\/2025\/05\/438750923532-10x12.png 10w\" sizes=\"(max-width: 207px) 100vw, 207px\" \/>\t\t\t\t\t\t\t\t\t\t\t\t\t\t\t<\/div>\n\t\t\t\t<\/div>\n\t\t\t\t<div class=\"elementor-element elementor-element-dc27937 elementor-widget elementor-widget-text-editor\" data-id=\"dc27937\" data-element_type=\"widget\" data-e-type=\"widget\" data-widget_type=\"text-editor.default\">\n\t\t\t\t<div class=\"elementor-widget-container\">\n\t\t\t\t\t\t\t\t\t<p class=\"MsoNormal\"><b>\u00a0<\/b><\/p><p class=\"MsoNormal\"><b>\u00a0<\/b><\/p><p class=\"MsoNormal\"><b>Odgovorna organizacija:<\/b> FIPAV<br \/><b>Datum:<\/b> 10. i 11. rujna 2024.<br \/><b>Vrijeme:<\/b> od 14:00 do 16:00 sati<br \/><b>Mjesto:<\/b> Verona, Italija<br \/><b>Broj sudionika:<\/b> 4<\/p><p class=\"MsoNormal\">U Veroni je provedena dvodnevna obuka s ciljem ja\u010danja kapaciteta sportskih trenera i socijalnih djelatnika u kori\u0161tenju inkluzivnih sportskih pristupa. Sudionici su sudjelovali u interaktivnim radionicama i prakti\u010dnim vje\u017ebama, s naglaskom na primjenu HRIC metodologije u stvarnim \u017eivotnim situacijama. Aktivnost je tako\u0111er poslu\u017eila kao faza testiranja, prikupljaju\u0107i vrijedne povratne informacije za pobolj\u0161anje formata za \u0161iru europsku provedbu.<\/p>\t\t\t\t\t\t\t\t<\/div>\n\t\t\t\t<\/div>\n\t\t\t\t<div class=\"elementor-element elementor-element-94a8f26 gallery-spacing-custom elementor-widget elementor-widget-image-gallery\" data-id=\"94a8f26\" data-element_type=\"widget\" data-e-type=\"widget\" data-widget_type=\"image-gallery.default\">\n\t\t\t\t<div class=\"elementor-widget-container\">\n\t\t\t\t\t\t\t<div class=\"elementor-image-gallery\">\n\t\t\t<div id='gallery-1' class='gallery galleryid-917 gallery-columns-3 gallery-size-full'><figure class='gallery-item'>\n\t\t\t<div class='gallery-icon landscape'>\n\t\t\t\t<img decoding=\"async\" width=\"16320\" height=\"7532\" src=\"https:\/\/hricerasmus.eu\/wp-content\/uploads\/2025\/07\/20250723_100606.jpg\" class=\"attachment-full size-full\" alt=\"\" \/>\n\t\t\t<\/div><\/figure><figure class='gallery-item'>\n\t\t\t<div class='gallery-icon landscape'>\n\t\t\t\t<img decoding=\"async\" width=\"16320\" height=\"7532\" src=\"https:\/\/hricerasmus.eu\/wp-content\/uploads\/2025\/07\/20250723_100646.jpg\" class=\"attachment-full size-full\" alt=\"\" \/>\n\t\t\t<\/div><\/figure><figure class='gallery-item'>\n\t\t\t<div class='gallery-icon landscape'>\n\t\t\t\t<img loading=\"lazy\" decoding=\"async\" width=\"2560\" height=\"1181\" src=\"https:\/\/hricerasmus.eu\/wp-content\/uploads\/2025\/07\/20250723_100721-scaled.jpg\" class=\"attachment-full size-full\" alt=\"\" srcset=\"https:\/\/hricerasmus.eu\/wp-content\/uploads\/2025\/07\/20250723_100721-scaled.jpg 2560w, https:\/\/hricerasmus.eu\/wp-content\/uploads\/2025\/07\/20250723_100721-300x138.jpg 300w, https:\/\/hricerasmus.eu\/wp-content\/uploads\/2025\/07\/20250723_100721-1024x473.jpg 1024w, https:\/\/hricerasmus.eu\/wp-content\/uploads\/2025\/07\/20250723_100721-768x354.jpg 768w, https:\/\/hricerasmus.eu\/wp-content\/uploads\/2025\/07\/20250723_100721-1536x709.jpg 1536w, https:\/\/hricerasmus.eu\/wp-content\/uploads\/2025\/07\/20250723_100721-2048x945.jpg 2048w, https:\/\/hricerasmus.eu\/wp-content\/uploads\/2025\/07\/20250723_100721-18x8.jpg 18w\" sizes=\"(max-width: 2560px) 100vw, 2560px\" \/>\n\t\t\t<\/div><\/figure>\n\t\t<\/div>\n\t\t<\/div>\n\t\t\t\t\t\t<\/div>\n\t\t\t\t<\/div>\n\t\t\t\t\t<\/div>\n\t\t<\/div>\n\t\t\t\t\t<\/div>\n\t\t<\/section>\n\t\t\t\t<section class=\"has_eae_slider elementor-section elementor-top-section elementor-element elementor-element-082613c elementor-section-boxed elementor-section-height-default elementor-section-height-default\" data-eae-slider=\"30495\" data-id=\"082613c\" data-element_type=\"section\" data-e-type=\"section\">\n\t\t\t\t\t\t<div class=\"elementor-container elementor-column-gap-default\">\n\t\t\t\t\t<div class=\"has_eae_slider elementor-column elementor-col-100 elementor-top-column elementor-element elementor-element-956f5d9\" data-eae-slider=\"89602\" data-id=\"956f5d9\" data-element_type=\"column\" data-e-type=\"column\">\n\t\t\t<div class=\"elementor-widget-wrap elementor-element-populated\">\n\t\t\t\t\t\t<div class=\"elementor-element elementor-element-a6e826c elementor-widget-divider--view-line elementor-widget elementor-widget-divider\" data-id=\"a6e826c\" data-element_type=\"widget\" data-e-type=\"widget\" data-widget_type=\"divider.default\">\n\t\t\t\t<div class=\"elementor-widget-container\">\n\t\t\t\t\t\t\t<div class=\"elementor-divider\">\n\t\t\t<span class=\"elementor-divider-separator\">\n\t\t\t\t\t\t<\/span>\n\t\t<\/div>\n\t\t\t\t\t\t<\/div>\n\t\t\t\t<\/div>\n\t\t\t\t\t<\/div>\n\t\t<\/div>\n\t\t\t\t\t<\/div>\n\t\t<\/section>\n\t\t\t\t<\/div>","protected":false},"excerpt":{"rendered":"<p>\u00a0 \u00a0 Responsible organization: FIPAVDate: September 10 and 11, 2024Time: 2:00 PM to 4:00 PMLocation: Verona, ItalyNumber of participants: 4 A two-day training was conducted in Verona to strengthen the capacity of sport coaches and social operators in using inclusive sport approaches. Participants engaged in interactive workshops and practical exercises, focusing on applying the HRIC [&hellip;]<\/p>\n","protected":false},"author":2,"featured_media":0,"parent":0,"menu_order":0,"comment_status":"closed","ping_status":"closed","template":"","meta":{"footnotes":""},"class_list":["post-917","page","type-page","status-publish","hentry"],"blocksy_meta":[],"_links":{"self":[{"href":"https:\/\/hricerasmus.eu\/hr\/wp-json\/wp\/v2\/pages\/917","targetHints":{"allow":["GET"]}}],"collection":[{"href":"https:\/\/hricerasmus.eu\/hr\/wp-json\/wp\/v2\/pages"}],"about":[{"href":"https:\/\/hricerasmus.eu\/hr\/wp-json\/wp\/v2\/types\/page"}],"author":[{"embeddable":true,"href":"https:\/\/hricerasmus.eu\/hr\/wp-json\/wp\/v2\/users\/2"}],"replies":[{"embeddable":true,"href":"https:\/\/hricerasmus.eu\/hr\/wp-json\/wp\/v2\/comments?post=917"}],"version-history":[{"count":10,"href":"https:\/\/hricerasmus.eu\/hr\/wp-json\/wp\/v2\/pages\/917\/revisions"}],"predecessor-version":[{"id":1011,"href":"https:\/\/hricerasmus.eu\/hr\/wp-json\/wp\/v2\/pages\/917\/revisions\/1011"}],"wp:attachment":[{"href":"https:\/\/hricerasmus.eu\/hr\/wp-json\/wp\/v2\/media?parent=917"}],"curies":[{"name":"radni list","href":"https:\/\/api.w.org\/{rel}","templated":true}]}}