{"id":643,"date":"2025-07-04T12:06:41","date_gmt":"2025-07-04T12:06:41","guid":{"rendered":"https:\/\/hricerasmus.eu\/?page_id=643"},"modified":"2025-07-04T16:36:48","modified_gmt":"2025-07-04T16:36:48","slug":"mvngo-national-conference","status":"publish","type":"page","link":"https:\/\/hricerasmus.eu\/it\/mvngo-national-conference\/","title":{"rendered":"Conferenza nazionale MVNGO"},"content":{"rendered":"<div data-elementor-type=\"wp-page\" data-elementor-id=\"643\" class=\"elementor elementor-643\">\n\t\t\t\t\t\t<section class=\"has_eae_slider elementor-section elementor-top-section elementor-element elementor-element-ae2857b elementor-section-boxed elementor-section-height-default elementor-section-height-default\" data-eae-slider=\"31166\" data-id=\"ae2857b\" data-element_type=\"section\" data-e-type=\"section\">\n\t\t\t\t\t\t<div class=\"elementor-container elementor-column-gap-default\">\n\t\t\t\t\t<div class=\"has_eae_slider elementor-column elementor-col-100 elementor-top-column elementor-element elementor-element-3fc4832\" data-eae-slider=\"51153\" data-id=\"3fc4832\" data-element_type=\"column\" data-e-type=\"column\">\n\t\t\t<div class=\"elementor-widget-wrap elementor-element-populated\">\n\t\t\t\t\t\t<div class=\"elementor-element elementor-element-135e0aa elementor-widget elementor-widget-image\" data-id=\"135e0aa\" data-element_type=\"widget\" data-e-type=\"widget\" data-widget_type=\"image.default\">\n\t\t\t\t<div class=\"elementor-widget-container\">\n\t\t\t\t\t\t\t\t\t\t\t\t\t\t\t<img decoding=\"async\" width=\"250\" height=\"149\" src=\"https:\/\/hricerasmus.eu\/wp-content\/uploads\/2025\/05\/53252355.png\" class=\"attachment-full size-full wp-image-403\" alt=\"\" srcset=\"https:\/\/hricerasmus.eu\/wp-content\/uploads\/2025\/05\/53252355.png 250w, https:\/\/hricerasmus.eu\/wp-content\/uploads\/2025\/05\/53252355-18x12.png 18w\" sizes=\"(max-width: 250px) 100vw, 250px\" \/>\t\t\t\t\t\t\t\t\t\t\t\t\t\t\t<\/div>\n\t\t\t\t<\/div>\n\t\t\t\t<div class=\"elementor-element elementor-element-716e2fc elementor-widget elementor-widget-text-editor\" data-id=\"716e2fc\" data-element_type=\"widget\" data-e-type=\"widget\" data-widget_type=\"text-editor.default\">\n\t\t\t\t<div class=\"elementor-widget-container\">\n\t\t\t\t\t\t\t\t\t<p><span style=\"font-variant-ligatures: inherit; font-variant-caps: inherit;\">Le conferenze di disseminazione hanno presentato i risultati del progetto e incoraggiato la collaborazione tra 40 partecipanti. Gli eventi hanno coinvolto NEET, organizzazioni sportive, istituti di istruzione giovanile, ONG, allenatori, educatori e responsabili politici, tutti impegnati a condividere esperienze, discutere i risultati ed esplorare opportunit\u00e0 future.<\/span><\/p><p><span style=\"font-family: inherit; font-size: inherit; font-style: inherit; font-variant-ligatures: inherit; font-variant-caps: inherit; font-weight: inherit;\">\ud83d\udcc5 Data: 9 maggio 2025&nbsp;<\/span><\/p>\n<p>\ud83d\udccd Luogo: Sassari, Italia&nbsp;<\/p>\n<p>\u23f1\ufe0f Durata: 3 ore&nbsp;<\/p>\n<p>\ud83d\udc65 Numero di partecipanti: 40&nbsp;<\/p>\n<p><span data-contrast=\"auto\">Il 9 maggio 2025, Mine Vaganti NGO ha organizzato con successo la Conferenza Nazionale di divulgazione del Progetto HRIC a Sassari, in Italia. L'obiettivo di questo evento era promuovere la missione del progetto, condividerne i risultati chiave e promuovere una maggiore consapevolezza sul ruolo dell'Educazione Attraverso lo Sport (ETS) nel sostenere la salute mentale dei giovani.<\/span><span data-ccp-props=\"{&quot;201341983&quot;:0,&quot;335551550&quot;:6,&quot;335551620&quot;:6,&quot;335559739&quot;:160,&quot;335559740&quot;:278}\">&nbsp;<\/span><\/p>\n<p><span data-contrast=\"auto\">In preparazione all&#039;evento, la conferenza \u00e8 stata attivamente promossa attraverso i social media, inviti diretti agli stakeholder e attivit\u00e0 di sensibilizzazione della comunit\u00e0, rivolgendosi specificamente a giovani, organizzazioni locali e istituti scolastici. L&#039;evento ha riunito oltre 40 partecipanti provenienti da Sassari e dalle citt\u00e0 limitrofe, tra cui rappresentanti di ONG, club sportivi, studenti dell&#039;Universit\u00e0 di Sassari e stakeholder locali.<\/span><span data-ccp-props=\"{&quot;335551550&quot;:6,&quot;335551620&quot;:6}\">&nbsp;<\/span><\/p>\t\t\t\t\t\t\t\t<\/div>\n\t\t\t\t<\/div>\n\t\t\t\t<div class=\"elementor-element elementor-element-ac28d9d gallery-spacing-custom elementor-widget elementor-widget-image-gallery\" data-id=\"ac28d9d\" data-element_type=\"widget\" data-e-type=\"widget\" data-widget_type=\"image-gallery.default\">\n\t\t\t\t<div class=\"elementor-widget-container\">\n\t\t\t\t\t\t\t<div class=\"elementor-image-gallery\">\n\t\t\t<div id='gallery-1' class='gallery galleryid-643 gallery-columns-3 gallery-size-full'><figure class='gallery-item'>\n\t\t\t<div class='gallery-icon landscape'>\n\t\t\t\t<img fetchpriority=\"high\" decoding=\"async\" width=\"1280\" height=\"960\" src=\"https:\/\/hricerasmus.eu\/wp-content\/uploads\/2025\/05\/mvngo.jpg\" class=\"attachment-full size-full\" alt=\"\" srcset=\"https:\/\/hricerasmus.eu\/wp-content\/uploads\/2025\/05\/mvngo.jpg 1280w, https:\/\/hricerasmus.eu\/wp-content\/uploads\/2025\/05\/mvngo-300x225.jpg 300w, https:\/\/hricerasmus.eu\/wp-content\/uploads\/2025\/05\/mvngo-1024x768.jpg 1024w, https:\/\/hricerasmus.eu\/wp-content\/uploads\/2025\/05\/mvngo-768x576.jpg 768w, https:\/\/hricerasmus.eu\/wp-content\/uploads\/2025\/05\/mvngo-16x12.jpg 16w\" sizes=\"(max-width: 1280px) 100vw, 1280px\" \/>\n\t\t\t<\/div><\/figure><figure class='gallery-item'>\n\t\t\t<div class='gallery-icon landscape'>\n\t\t\t\t<img decoding=\"async\" width=\"1280\" height=\"960\" src=\"https:\/\/hricerasmus.eu\/wp-content\/uploads\/2025\/05\/mvngo1.jpg\" class=\"attachment-full size-full\" alt=\"\" srcset=\"https:\/\/hricerasmus.eu\/wp-content\/uploads\/2025\/05\/mvngo1.jpg 1280w, https:\/\/hricerasmus.eu\/wp-content\/uploads\/2025\/05\/mvngo1-300x225.jpg 300w, https:\/\/hricerasmus.eu\/wp-content\/uploads\/2025\/05\/mvngo1-1024x768.jpg 1024w, https:\/\/hricerasmus.eu\/wp-content\/uploads\/2025\/05\/mvngo1-768x576.jpg 768w, https:\/\/hricerasmus.eu\/wp-content\/uploads\/2025\/05\/mvngo1-16x12.jpg 16w\" sizes=\"(max-width: 1280px) 100vw, 1280px\" \/>\n\t\t\t<\/div><\/figure><figure class='gallery-item'>\n\t\t\t<div class='gallery-icon landscape'>\n\t\t\t\t<img loading=\"lazy\" decoding=\"async\" width=\"1280\" height=\"960\" src=\"https:\/\/hricerasmus.eu\/wp-content\/uploads\/2025\/05\/mvngo2.jpg\" class=\"attachment-full size-full\" alt=\"\" srcset=\"https:\/\/hricerasmus.eu\/wp-content\/uploads\/2025\/05\/mvngo2.jpg 1280w, https:\/\/hricerasmus.eu\/wp-content\/uploads\/2025\/05\/mvngo2-300x225.jpg 300w, https:\/\/hricerasmus.eu\/wp-content\/uploads\/2025\/05\/mvngo2-1024x768.jpg 1024w, https:\/\/hricerasmus.eu\/wp-content\/uploads\/2025\/05\/mvngo2-768x576.jpg 768w, https:\/\/hricerasmus.eu\/wp-content\/uploads\/2025\/05\/mvngo2-16x12.jpg 16w\" sizes=\"(max-width: 1280px) 100vw, 1280px\" \/>\n\t\t\t<\/div><\/figure>\n\t\t<\/div>\n\t\t<\/div>\n\t\t\t\t\t\t<\/div>\n\t\t\t\t<\/div>\n\t\t\t\t\t<\/div>\n\t\t<\/div>\n\t\t\t\t\t<\/div>\n\t\t<\/section>\n\t\t\t\t<section class=\"has_eae_slider elementor-section elementor-top-section elementor-element elementor-element-c7ee3f7 elementor-section-boxed elementor-section-height-default elementor-section-height-default\" data-eae-slider=\"57744\" data-id=\"c7ee3f7\" data-element_type=\"section\" data-e-type=\"section\">\n\t\t\t\t\t\t<div class=\"elementor-container elementor-column-gap-default\">\n\t\t\t\t\t<div class=\"has_eae_slider elementor-column elementor-col-100 elementor-top-column elementor-element elementor-element-ce46ec0\" data-eae-slider=\"50838\" data-id=\"ce46ec0\" data-element_type=\"column\" data-e-type=\"column\">\n\t\t\t<div class=\"elementor-widget-wrap elementor-element-populated\">\n\t\t\t\t\t\t<div class=\"elementor-element elementor-element-fcfd355 elementor-widget-divider--view-line elementor-widget elementor-widget-divider\" data-id=\"fcfd355\" data-element_type=\"widget\" data-e-type=\"widget\" data-widget_type=\"divider.default\">\n\t\t\t\t<div class=\"elementor-widget-container\">\n\t\t\t\t\t\t\t<div class=\"elementor-divider\">\n\t\t\t<span class=\"elementor-divider-separator\">\n\t\t\t\t\t\t<\/span>\n\t\t<\/div>\n\t\t\t\t\t\t<\/div>\n\t\t\t\t<\/div>\n\t\t\t\t\t<\/div>\n\t\t<\/div>\n\t\t\t\t\t<\/div>\n\t\t<\/section>\n\t\t\t\t<\/div>","protected":false},"excerpt":{"rendered":"<p>Dissemination Conferences presented project results and encouraged collaboration among 40 participants. The events included NEETs, sport organizations, youth education institutions, NGOs, coaches, educators, and policymakers, all engaging in sharing experiences, discussing outcomes, and exploring future opportunities. \ud83d\udcc5 Date: 9th of May 2025&nbsp; \ud83d\udccd Location: Sassari, Italy&nbsp; \u23f1\ufe0f Duration: 3 hours&nbsp; \ud83d\udc65 Number of Participants: 40&nbsp; [&hellip;]<\/p>\n","protected":false},"author":2,"featured_media":0,"parent":0,"menu_order":0,"comment_status":"closed","ping_status":"closed","template":"","meta":{"footnotes":""},"class_list":["post-643","page","type-page","status-publish","hentry"],"blocksy_meta":[],"_links":{"self":[{"href":"https:\/\/hricerasmus.eu\/it\/wp-json\/wp\/v2\/pages\/643","targetHints":{"allow":["GET"]}}],"collection":[{"href":"https:\/\/hricerasmus.eu\/it\/wp-json\/wp\/v2\/pages"}],"about":[{"href":"https:\/\/hricerasmus.eu\/it\/wp-json\/wp\/v2\/types\/page"}],"author":[{"embeddable":true,"href":"https:\/\/hricerasmus.eu\/it\/wp-json\/wp\/v2\/users\/2"}],"replies":[{"embeddable":true,"href":"https:\/\/hricerasmus.eu\/it\/wp-json\/wp\/v2\/comments?post=643"}],"version-history":[{"count":10,"href":"https:\/\/hricerasmus.eu\/it\/wp-json\/wp\/v2\/pages\/643\/revisions"}],"predecessor-version":[{"id":745,"href":"https:\/\/hricerasmus.eu\/it\/wp-json\/wp\/v2\/pages\/643\/revisions\/745"}],"wp:attachment":[{"href":"https:\/\/hricerasmus.eu\/it\/wp-json\/wp\/v2\/media?parent=643"}],"curies":[{"name":"parola chiave","href":"https:\/\/api.w.org\/{rel}","templated":true}]}}