{"id":810,"date":"2025-07-16T11:21:55","date_gmt":"2025-07-16T11:21:55","guid":{"rendered":"https:\/\/hricerasmus.eu\/?page_id=810"},"modified":"2025-07-17T09:32:01","modified_gmt":"2025-07-17T09:32:01","slug":"rss-training-for-sport-operators","status":"publish","type":"page","link":"https:\/\/hricerasmus.eu\/it\/rss-training-for-sport-operators\/","title":{"rendered":"Formazione per Allenatori Sportivi e Operatori Sociali - RSS"},"content":{"rendered":"<div data-elementor-type=\"wp-page\" data-elementor-id=\"810\" class=\"elementor elementor-810\">\n\t\t\t\t\t\t<section class=\"has_eae_slider elementor-section elementor-top-section elementor-element elementor-element-57782d6 elementor-section-boxed elementor-section-height-default elementor-section-height-default\" data-eae-slider=\"77135\" data-id=\"57782d6\" data-element_type=\"section\" data-e-type=\"section\">\n\t\t\t\t\t\t<div class=\"elementor-container elementor-column-gap-default\">\n\t\t\t\t\t<div class=\"has_eae_slider elementor-column elementor-col-100 elementor-top-column elementor-element elementor-element-a29691a\" data-eae-slider=\"26625\" data-id=\"a29691a\" data-element_type=\"column\" data-e-type=\"column\">\n\t\t\t<div class=\"elementor-widget-wrap elementor-element-populated\">\n\t\t\t\t\t\t<div class=\"elementor-element elementor-element-87e8dce elementor-widget-divider--view-line elementor-widget elementor-widget-divider\" data-id=\"87e8dce\" data-element_type=\"widget\" data-e-type=\"widget\" data-widget_type=\"divider.default\">\n\t\t\t\t<div class=\"elementor-widget-container\">\n\t\t\t\t\t\t\t<div class=\"elementor-divider\">\n\t\t\t<span class=\"elementor-divider-separator\">\n\t\t\t\t\t\t<\/span>\n\t\t<\/div>\n\t\t\t\t\t\t<\/div>\n\t\t\t\t<\/div>\n\t\t\t\t<div class=\"elementor-element elementor-element-0f1f445 elementor-widget elementor-widget-image\" data-id=\"0f1f445\" data-element_type=\"widget\" data-e-type=\"widget\" data-widget_type=\"image.default\">\n\t\t\t\t<div class=\"elementor-widget-container\">\n\t\t\t\t\t\t\t\t\t\t\t\t\t\t\t<img decoding=\"async\" width=\"235\" height=\"180\" src=\"https:\/\/hricerasmus.eu\/wp-content\/uploads\/2025\/05\/352352523.png\" class=\"attachment-full size-full wp-image-433\" alt=\"\" srcset=\"https:\/\/hricerasmus.eu\/wp-content\/uploads\/2025\/05\/352352523.png 235w, https:\/\/hricerasmus.eu\/wp-content\/uploads\/2025\/05\/352352523-16x12.png 16w\" sizes=\"(max-width: 235px) 100vw, 235px\" \/>\t\t\t\t\t\t\t\t\t\t\t\t\t\t\t<\/div>\n\t\t\t\t<\/div>\n\t\t\t\t<div class=\"elementor-element elementor-element-bd23477 elementor-widget elementor-widget-text-editor\" data-id=\"bd23477\" data-element_type=\"widget\" data-e-type=\"widget\" data-widget_type=\"text-editor.default\">\n\t\t\t\t<div class=\"elementor-widget-container\">\n\t\t\t\t\t\t\t\t\t<p><b>Organizzazione responsabile:<\/b> Rijecki Sportski Savez<br \/><b>Data:<\/b> Dal 20 al 24 settembre 2024<br \/><b>Orario:<\/b> dalle 12:00 alle 14:00 ogni giorno<br \/><b>Luogo:<\/b> Fiume, Croazia<br \/><b>Numero di partecipanti:<\/b> 6<\/p><p><span style=\"font-size: 12.0pt; line-height: 115%; font-family: 'Aptos',sans-serif; mso-ascii-theme-font: minor-latin; mso-fareast-font-family: Aptos; mso-fareast-theme-font: minor-latin; mso-hansi-theme-font: minor-latin; mso-bidi-font-family: 'Times New Roman'; mso-bidi-theme-font: minor-bidi; mso-ansi-language: EN-GB; mso-fareast-language: EN-US; mso-bidi-language: AR-SA;\">A Fiume si \u00e8 tenuto un corso di formazione per allenatori sportivi e operatori sociali per migliorare la loro capacit\u00e0 di supportare i giovani che affrontano difficolt\u00e0 psicologiche come ansia, depressione e disturbo da stress post-traumatico. Il programma ha introdotto un metodo che combina l&#039;Educazione Attraverso lo Sport (ETS) con tecniche psicologiche. Attraverso workshop interattivi, giochi di ruolo ed esercizi basati su scenari, i partecipanti hanno testato e perfezionato questi strumenti. La formazione ha promosso l&#039;apprendimento pratico, la collaborazione intersettoriale e lo sviluppo di strategie inclusive per migliorare il benessere mentale tra i giovani vulnerabili.<\/span><\/p>\t\t\t\t\t\t\t\t<\/div>\n\t\t\t\t<\/div>\n\t\t\t\t<div class=\"elementor-element elementor-element-4b5405f gallery-spacing-custom elementor-widget elementor-widget-image-gallery\" data-id=\"4b5405f\" data-element_type=\"widget\" data-e-type=\"widget\" data-widget_type=\"image-gallery.default\">\n\t\t\t\t<div class=\"elementor-widget-container\">\n\t\t\t\t\t\t\t<div class=\"elementor-image-gallery\">\n\t\t\t<div id='gallery-1' class='gallery galleryid-810 gallery-columns-3 gallery-size-full'><figure class='gallery-item'>\n\t\t\t<div class='gallery-icon portrait'>\n\t\t\t\t<img fetchpriority=\"high\" decoding=\"async\" width=\"1500\" height=\"2000\" src=\"https:\/\/hricerasmus.eu\/wp-content\/uploads\/2025\/07\/tcrijeka5.jpg\" class=\"attachment-full size-full\" alt=\"\" srcset=\"https:\/\/hricerasmus.eu\/wp-content\/uploads\/2025\/07\/tcrijeka5.jpg 1500w, https:\/\/hricerasmus.eu\/wp-content\/uploads\/2025\/07\/tcrijeka5-225x300.jpg 225w, https:\/\/hricerasmus.eu\/wp-content\/uploads\/2025\/07\/tcrijeka5-768x1024.jpg 768w, https:\/\/hricerasmus.eu\/wp-content\/uploads\/2025\/07\/tcrijeka5-1152x1536.jpg 1152w, https:\/\/hricerasmus.eu\/wp-content\/uploads\/2025\/07\/tcrijeka5-9x12.jpg 9w\" sizes=\"(max-width: 1500px) 100vw, 1500px\" \/>\n\t\t\t<\/div><\/figure><figure class='gallery-item'>\n\t\t\t<div class='gallery-icon portrait'>\n\t\t\t\t<img decoding=\"async\" width=\"1500\" height=\"2000\" src=\"https:\/\/hricerasmus.eu\/wp-content\/uploads\/2025\/07\/tcrijeka4.jpg\" class=\"attachment-full size-full\" alt=\"\" srcset=\"https:\/\/hricerasmus.eu\/wp-content\/uploads\/2025\/07\/tcrijeka4.jpg 1500w, https:\/\/hricerasmus.eu\/wp-content\/uploads\/2025\/07\/tcrijeka4-225x300.jpg 225w, https:\/\/hricerasmus.eu\/wp-content\/uploads\/2025\/07\/tcrijeka4-768x1024.jpg 768w, https:\/\/hricerasmus.eu\/wp-content\/uploads\/2025\/07\/tcrijeka4-1152x1536.jpg 1152w, https:\/\/hricerasmus.eu\/wp-content\/uploads\/2025\/07\/tcrijeka4-9x12.jpg 9w\" sizes=\"(max-width: 1500px) 100vw, 1500px\" \/>\n\t\t\t<\/div><\/figure><figure class='gallery-item'>\n\t\t\t<div class='gallery-icon portrait'>\n\t\t\t\t<img loading=\"lazy\" decoding=\"async\" width=\"1500\" height=\"2000\" src=\"https:\/\/hricerasmus.eu\/wp-content\/uploads\/2025\/07\/tcrijeka1.jpg\" class=\"attachment-full size-full\" alt=\"\" srcset=\"https:\/\/hricerasmus.eu\/wp-content\/uploads\/2025\/07\/tcrijeka1.jpg 1500w, https:\/\/hricerasmus.eu\/wp-content\/uploads\/2025\/07\/tcrijeka1-225x300.jpg 225w, https:\/\/hricerasmus.eu\/wp-content\/uploads\/2025\/07\/tcrijeka1-768x1024.jpg 768w, https:\/\/hricerasmus.eu\/wp-content\/uploads\/2025\/07\/tcrijeka1-1152x1536.jpg 1152w, https:\/\/hricerasmus.eu\/wp-content\/uploads\/2025\/07\/tcrijeka1-9x12.jpg 9w\" sizes=\"(max-width: 1500px) 100vw, 1500px\" \/>\n\t\t\t<\/div><\/figure>\n\t\t<\/div>\n\t\t<\/div>\n\t\t\t\t\t\t<\/div>\n\t\t\t\t<\/div>\n\t\t\t\t\t<\/div>\n\t\t<\/div>\n\t\t\t\t\t<\/div>\n\t\t<\/section>\n\t\t\t\t<section class=\"has_eae_slider elementor-section elementor-top-section elementor-element elementor-element-082613c elementor-section-boxed elementor-section-height-default elementor-section-height-default\" data-eae-slider=\"52877\" data-id=\"082613c\" data-element_type=\"section\" data-e-type=\"section\">\n\t\t\t\t\t\t<div class=\"elementor-container elementor-column-gap-default\">\n\t\t\t\t\t<div class=\"has_eae_slider elementor-column elementor-col-100 elementor-top-column elementor-element elementor-element-956f5d9\" data-eae-slider=\"85350\" data-id=\"956f5d9\" data-element_type=\"column\" data-e-type=\"column\">\n\t\t\t<div class=\"elementor-widget-wrap elementor-element-populated\">\n\t\t\t\t\t\t<div class=\"elementor-element elementor-element-a6e826c elementor-widget-divider--view-line elementor-widget elementor-widget-divider\" data-id=\"a6e826c\" data-element_type=\"widget\" data-e-type=\"widget\" data-widget_type=\"divider.default\">\n\t\t\t\t<div class=\"elementor-widget-container\">\n\t\t\t\t\t\t\t<div class=\"elementor-divider\">\n\t\t\t<span class=\"elementor-divider-separator\">\n\t\t\t\t\t\t<\/span>\n\t\t<\/div>\n\t\t\t\t\t\t<\/div>\n\t\t\t\t<\/div>\n\t\t\t\t\t<\/div>\n\t\t<\/div>\n\t\t\t\t\t<\/div>\n\t\t<\/section>\n\t\t\t\t<\/div>","protected":false},"excerpt":{"rendered":"<p>Responsible organization: Rijecki Sportski SavezDate: September 20 to 24, 2024Time: 12:00 PM to 2:00 PM each dayLocation: Rijeka, CroatiaNumber of participants: 6 A training for sport coaches and social operators was given in Rijeka to enhance their ability to support young people experiencing psychological challenges such as anxiety, depression, and PTSD. The program introduced a [&hellip;]<\/p>\n","protected":false},"author":2,"featured_media":0,"parent":0,"menu_order":0,"comment_status":"closed","ping_status":"closed","template":"","meta":{"footnotes":""},"class_list":["post-810","page","type-page","status-publish","hentry"],"blocksy_meta":[],"_links":{"self":[{"href":"https:\/\/hricerasmus.eu\/it\/wp-json\/wp\/v2\/pages\/810","targetHints":{"allow":["GET"]}}],"collection":[{"href":"https:\/\/hricerasmus.eu\/it\/wp-json\/wp\/v2\/pages"}],"about":[{"href":"https:\/\/hricerasmus.eu\/it\/wp-json\/wp\/v2\/types\/page"}],"author":[{"embeddable":true,"href":"https:\/\/hricerasmus.eu\/it\/wp-json\/wp\/v2\/users\/2"}],"replies":[{"embeddable":true,"href":"https:\/\/hricerasmus.eu\/it\/wp-json\/wp\/v2\/comments?post=810"}],"version-history":[{"count":12,"href":"https:\/\/hricerasmus.eu\/it\/wp-json\/wp\/v2\/pages\/810\/revisions"}],"predecessor-version":[{"id":916,"href":"https:\/\/hricerasmus.eu\/it\/wp-json\/wp\/v2\/pages\/810\/revisions\/916"}],"wp:attachment":[{"href":"https:\/\/hricerasmus.eu\/it\/wp-json\/wp\/v2\/media?parent=810"}],"curies":[{"name":"parola chiave","href":"https:\/\/api.w.org\/{rel}","templated":true}]}}