{"id":1042,"date":"2025-08-04T08:22:55","date_gmt":"2025-08-04T08:22:55","guid":{"rendered":"https:\/\/hricerasmus.eu\/?page_id=1042"},"modified":"2025-08-27T20:29:58","modified_gmt":"2025-08-27T20:29:58","slug":"privacy-policy","status":"publish","type":"page","link":"https:\/\/hricerasmus.eu\/pt\/privacy-policy\/","title":{"rendered":"Privacy Policy Page"},"content":{"rendered":"<div data-elementor-type=\"wp-post\" data-elementor-id=\"1042\" class=\"elementor elementor-1042\">\n\t\t\t\t\t\t<section class=\"has_eae_slider elementor-section elementor-top-section elementor-element elementor-element-10e73dc elementor-section-boxed elementor-section-height-default elementor-section-height-default\" data-eae-slider=\"87551\" data-id=\"10e73dc\" data-element_type=\"section\" data-e-type=\"section\">\n\t\t\t\t\t\t<div class=\"elementor-container elementor-column-gap-default\">\n\t\t\t\t\t<div class=\"has_eae_slider elementor-column elementor-col-100 elementor-top-column elementor-element elementor-element-41aa720\" data-eae-slider=\"88855\" data-id=\"41aa720\" data-element_type=\"column\" data-e-type=\"column\" data-settings=\"{&quot;background_background&quot;:&quot;classic&quot;}\">\n\t\t\t<div class=\"elementor-widget-wrap elementor-element-populated\">\n\t\t\t\t\t\t<div class=\"elementor-element elementor-element-976c5e3 elementor-widget elementor-widget-heading\" data-id=\"976c5e3\" data-element_type=\"widget\" data-e-type=\"widget\" data-widget_type=\"heading.default\">\n\t\t\t\t<div class=\"elementor-widget-container\">\n\t\t\t\t\t<h2 class=\"elementor-heading-title elementor-size-default\">pol\u00edtica de Privacidade<\/h2>\t\t\t\t<\/div>\n\t\t\t\t<\/div>\n\t\t\t\t\t<\/div>\n\t\t<\/div>\n\t\t\t\t\t<\/div>\n\t\t<\/section>\n\t\t\t\t<section class=\"has_eae_slider elementor-section elementor-top-section elementor-element elementor-element-126c2c0 elementor-section-boxed elementor-section-height-default elementor-section-height-default\" data-eae-slider=\"81404\" data-id=\"126c2c0\" data-element_type=\"section\" data-e-type=\"section\">\n\t\t\t\t\t\t<div class=\"elementor-container elementor-column-gap-default\">\n\t\t\t\t\t<div class=\"has_eae_slider elementor-column elementor-col-100 elementor-top-column elementor-element elementor-element-8f5d49d\" data-eae-slider=\"53952\" data-id=\"8f5d49d\" data-element_type=\"column\" data-e-type=\"column\">\n\t\t\t<div class=\"elementor-widget-wrap elementor-element-populated\">\n\t\t\t\t\t\t<div class=\"elementor-element elementor-element-0fb1e95 elementor-widget-divider--view-line elementor-widget elementor-widget-divider\" data-id=\"0fb1e95\" data-element_type=\"widget\" data-e-type=\"widget\" data-widget_type=\"divider.default\">\n\t\t\t\t<div class=\"elementor-widget-container\">\n\t\t\t\t\t\t\t<div class=\"elementor-divider\">\n\t\t\t<span class=\"elementor-divider-separator\">\n\t\t\t\t\t\t<\/span>\n\t\t<\/div>\n\t\t\t\t\t\t<\/div>\n\t\t\t\t<\/div>\n\t\t\t\t<div class=\"elementor-element elementor-element-97a9d83 elementor-widget elementor-widget-text-editor\" data-id=\"97a9d83\" data-element_type=\"widget\" data-e-type=\"widget\" data-widget_type=\"text-editor.default\">\n\t\t\t\t<div class=\"elementor-widget-container\">\n\t\t\t\t\t\t\t\t\t<p style=\"font-style: normal; font-variant-ligatures: normal; font-variant-caps: normal; font-weight: 400; font-size: 18px; font-family: Mulish, sans-serif; margin-block-end: 27px; color: #38454a; background-color: #ffffff;\">No<strong>&nbsp;HRIC<\/strong>, estamos comprometidos em proteger sua privacidade e processar seus dados pessoais de forma legal, justa e transparente, de acordo com o Regulamento Geral de Prote\u00e7\u00e3o de Dados (UE)&nbsp;<strong>2016\/679 (RGPD)<\/strong>&nbsp;e quaisquer outras leis de prote\u00e7\u00e3o de dados aplic\u00e1veis.<br>Esta Pol\u00edtica de Privacidade explica como coletamos, usamos, armazenamos e protegemos seus dados pessoais quando voc\u00ea usa nosso site.<\/p>\n<h3 style=\"--theme-font-family: Mulish, Sans-Serif; --theme-font-weight: 900; --theme-font-size: 30px; --theme-line-height: 1.5; font-style: normal; font-variant-ligatures: normal; font-variant-caps: normal; font-weight: 900; font-size: 30px; line-height: 1.5; font-family: Mulish, sans-serif; color: #0a1821; letter-spacing: normal; text-transform: none; text-decoration: none; margin-block-end: 19px; background-color: #ffffff;\">1. Controlador de Dados<\/h3>\n<p style=\"font-style: normal; font-variant-ligatures: normal; font-variant-caps: normal; font-weight: 400; font-size: 18px; font-family: Mulish, sans-serif; margin-block-end: 27px; color: #38454a; background-color: #ffffff;\">O controlador de dados respons\u00e1vel pelo processamento dos seus dados pessoais neste site \u00e9:<\/p>\n<p style=\"font-style: normal; font-variant-ligatures: normal; font-variant-caps: normal; font-weight: 400; font-size: 18px; font-family: Mulish, sans-serif; margin-block-end: 27px; color: #38454a; background-color: #ffffff;\">Nome do Coordenador \/ Nome da Organiza\u00e7\u00e3o<\/p>\n<p style=\"font-style: normal; font-variant-ligatures: normal; font-variant-caps: normal; font-weight: 400; font-size: 18px; font-family: Mulish, sans-serif; margin-block-end: 27px; color: #38454a; background-color: #ffffff;\">Endere\u00e7o: Via del Fiore bianco 13A, 07100 Sassari (SS) It\u00e1lia<br>E-mail:&nbsp;<a style=\"transition: 0.12s cubic-bezier(0.455, 0.03, 0.515, 0.955); color: #224db7;\" href=\"mailto:eletesertek@gmail.com\">info@minevaganti.org<\/a><\/p>\n<p style=\"font-style: normal; font-variant-ligatures: normal; font-variant-caps: normal; font-weight: 400; font-size: 18px; font-family: Mulish, sans-serif; margin-block-end: 27px; color: #38454a; background-color: #ffffff;\">Caso tenha alguma d\u00favida sobre seus dados ou queira exercer seus direitos sob o GDPR, entre em contato conosco usando os detalhes acima.<\/p>\n<h3 style=\"--theme-font-family: Mulish, Sans-Serif; --theme-font-weight: 900; --theme-font-size: 30px; --theme-line-height: 1.5; font-style: normal; font-variant-ligatures: normal; font-variant-caps: normal; font-weight: 900; font-size: 30px; line-height: 1.5; font-family: Mulish, sans-serif; color: #0a1821; letter-spacing: normal; text-transform: none; text-decoration: none; margin-block-end: 19px; background-color: #ffffff;\">2. Categorias de dados coletados<\/h3>\n<p style=\"font-style: normal; font-variant-ligatures: normal; font-variant-caps: normal; font-weight: 400; font-size: 18px; font-family: Mulish, sans-serif; margin-block-end: 27px; color: #38454a; background-color: #ffffff;\">Podemos coletar as seguintes categorias de dados:<\/p>\n<ul style=\"font-style: normal; font-variant-ligatures: normal; font-variant-caps: normal; font-weight: 400; font-size: 18px; font-family: Mulish, sans-serif; padding-inline-start: 45px; margin-block-end: 27px; color: #38454a; background-color: #ffffff;\">\n<li><span style=\"font-weight: bold;\">Dados de navega\u00e7\u00e3o<\/span>: Endere\u00e7o IP, tipo de navegador, sistema operacional, data e hora de acesso, p\u00e1ginas visitadas (coletados automaticamente para fins t\u00e9cnicos e de seguran\u00e7a).<\/li>\n<li><span style=\"font-weight: bold;\">Dados Pessoais<\/span>: Nome, sobrenome, endere\u00e7o de e-mail e quaisquer outras informa\u00e7\u00f5es fornecidas voluntariamente por meio de formul\u00e1rios de contato ou registro.<\/li>\n<li><span style=\"font-weight: bold;\">Cookies e tecnologias semelhantes<\/span>: Informa\u00e7\u00f5es coletadas por meio de cookies ou ferramentas de rastreamento semelhantes (consulte a Se\u00e7\u00e3o 6).<\/li>\n<\/ul>\n<p style=\"font-style: normal; font-variant-ligatures: normal; font-variant-caps: normal; font-weight: 400; font-size: 18px; font-family: Mulish, sans-serif; margin-block-end: 27px; color: #38454a; background-color: #ffffff;\">N\u00e3o coletamos intencionalmente dados de indiv\u00edduos menores de 16 anos. Se descobrirmos que tais dados foram coletados sem o consentimento dos pais, n\u00f3s os excluiremos imediatamente.<\/p>\n<h3 style=\"--theme-font-family: Mulish, Sans-Serif; --theme-font-weight: 900; --theme-font-size: 30px; --theme-line-height: 1.5; font-style: normal; font-variant-ligatures: normal; font-variant-caps: normal; font-weight: 900; font-size: 30px; line-height: 1.5; font-family: Mulish, sans-serif; color: #0a1821; letter-spacing: normal; text-transform: none; text-decoration: none; margin-block-end: 19px; background-color: #ffffff;\">3. Como coletamos dados<\/h3>\n<ul style=\"font-style: normal; font-variant-ligatures: normal; font-variant-caps: normal; font-weight: 400; font-size: 18px; font-family: Mulish, sans-serif; padding-inline-start: 45px; margin-block-end: 27px; color: #38454a; background-color: #ffffff;\">\n<li>Quando voc\u00ea navega em nosso site.<\/li>\n<li>Quando voc\u00ea preenche um formul\u00e1rio de contato, registro ou assinatura.<\/li>\n<li>Por meio de cookies e tecnologias semelhantes.<\/li>\n<li>Quando voc\u00ea interage com conte\u00fado de terceiros incorporado (por exemplo, v\u00eddeos, mapas).<\/li>\n<\/ul>\n<h3 style=\"--theme-font-family: Mulish, Sans-Serif; --theme-font-weight: 900; --theme-font-size: 30px; --theme-line-height: 1.5; font-style: normal; font-variant-ligatures: normal; font-variant-caps: normal; font-weight: 900; font-size: 30px; line-height: 1.5; font-family: Mulish, sans-serif; color: #0a1821; letter-spacing: normal; text-transform: none; text-decoration: none; margin-block-end: 19px; background-color: #ffffff;\">4. Finalidade e Base Legal do Processamento<\/h3>\n<p style=\"font-style: normal; font-variant-ligatures: normal; font-variant-caps: normal; font-weight: 400; font-size: 18px; font-family: Mulish, sans-serif; margin-block-end: 27px; color: #38454a; background-color: #ffffff;\">Seus dados pessoais s\u00e3o processados para os seguintes prop\u00f3sitos:<\/p>\n<ul style=\"font-style: normal; font-variant-ligatures: normal; font-variant-caps: normal; font-weight: 400; font-size: 18px; font-family: Mulish, sans-serif; padding-inline-start: 45px; margin-block-end: 27px; color: #38454a; background-color: #ffffff;\">\n<li>Para garantir a funcionalidade, a seguran\u00e7a e o desempenho do site \u2013 processado de acordo com o Artigo 6(1)(f) do GDPR (interesse leg\u00edtimo).<\/li>\n<li>Para responder a solicita\u00e7\u00f5es de contato ou registro \u2013 processadas de acordo com o Artigo 6(1)(a) do GDPR (consentimento).<\/li>\n<li>Para analisar o uso do site e melhorar a experi\u00eancia do usu\u00e1rio por meio de cookies n\u00e3o essenciais \u2013 processados de acordo com o Artigo 6(1)(a) do GDPR (consentimento).<\/li>\n<li>Para cumprir com obriga\u00e7\u00f5es legais, incluindo requisitos administrativos e de relat\u00f3rios \u2013 processados de acordo com o Artigo 6(1)(c) do GDPR (obriga\u00e7\u00e3o legal).<\/li>\n<\/ul>\n<p style=\"font-style: normal; font-variant-ligatures: normal; font-variant-caps: normal; font-weight: 400; font-size: 18px; font-family: Mulish, sans-serif; margin-block-end: 27px; color: #38454a; background-color: #ffffff;\">N\u00e3o usamos seus dados pessoais para tomada de decis\u00e3o automatizada ou cria\u00e7\u00e3o de perfil.<\/p>\n<h3 style=\"--theme-font-family: Mulish, Sans-Serif; --theme-font-weight: 900; --theme-font-size: 30px; --theme-line-height: 1.5; font-style: normal; font-variant-ligatures: normal; font-variant-caps: normal; font-weight: 900; font-size: 30px; line-height: 1.5; font-family: Mulish, sans-serif; color: #0a1821; letter-spacing: normal; text-transform: none; text-decoration: none; margin-block-end: 19px; background-color: #ffffff;\">5. Per\u00edodo de reten\u00e7\u00e3o de dados<\/h3>\n<div style=\"color: #38454a; font-family: Mulish, sans-serif; font-size: 18px; background-color: #ffffff;\">\n<div>Os dados pessoais ser\u00e3o armazenados apenas pelo tempo necess\u00e1rio para cumprir as finalidades para as quais foram coletados e de acordo com a dura\u00e7\u00e3o do projeto.&nbsp;<\/div>\n<div>Salvo disposi\u00e7\u00e3o em contr\u00e1rio por motivos legais, administrativos ou de auditoria, os dados pessoais ser\u00e3o exclu\u00eddos no m\u00e1ximo dois (2) anos ap\u00f3s o t\u00e9rmino oficial do projeto.&nbsp;<\/div>\n<div>&nbsp;<\/div>\n<h3 style=\"--theme-font-family: Mulish, Sans-Serif; --theme-font-weight: 900; --theme-font-size: 30px; --theme-line-height: 1.5; font-style: normal; font-weight: 900; font-size: 30px; line-height: 1.5; font-family: Mulish, sans-serif; color: #0a1821; letter-spacing: normal; text-transform: none; text-decoration: none solid #0a1821; margin-block-end: 0px;\">6. Compartilhamento de dados e servi\u00e7os de terceiros<\/h3>\n<\/div>\n<div style=\"color: #38454a; font-family: Mulish, sans-serif; font-size: 18px; background-color: #ffffff;\">\n<p style=\"margin-block-end: 27px;\">Utilizamos cookies para melhorar a funcionalidade do nosso site, analisar o uso e habilitar determinados recursos. Os cookies s\u00e3o categorizados como:<\/p>\n<ul style=\"padding-inline-start: 45px; margin-block-end: 27px;\">\n<li>Cookies estritamente necess\u00e1rios \u2013 necess\u00e1rios para o funcionamento do site (n\u00e3o podem ser desativados).<\/li>\n<li>Cookies funcionais \u2013 Permitem funcionalidade e personaliza\u00e7\u00e3o adicionais.<\/li>\n<li>Cookies anal\u00edticos \u2013 Ajude-nos a entender o tr\u00e1fego do site (por exemplo, Google Analytics).<\/li>\n<\/ul>\n<p style=\"margin-block-end: 27px;\">Voc\u00ea pode gerenciar suas prefer\u00eancias de cookies por meio da nossa Ferramenta de Consentimento de Cookies (desenvolvida pela CookieYes) e retirar seu consentimento a qualquer momento.<\/p>\n<h3 style=\"--theme-font-family: Mulish, Sans-Serif; --theme-font-weight: 900; --theme-font-size: 30px; --theme-line-height: 1.5; font-style: normal; font-weight: 900; font-size: 30px; line-height: 1.5; font-family: Mulish, sans-serif; color: #0a1821; letter-spacing: normal; text-transform: none; text-decoration: none solid #0a1821; margin-block-end: 19px;\">7. Compartilhamento de dados e servi\u00e7os de terceiros<\/h3>\n<p style=\"margin-block-end: 27px;\">N\u00e3o vendemos nem comercializamos seus dados pessoais. No entanto, podemos compartilh\u00e1-los com provedores de servi\u00e7os confi\u00e1veis para garantir a funcionalidade do site. Estes podem incluir:<\/p>\n<ul style=\"padding-inline-start: 45px; margin-block-end: 27px;\">\n<li>YouTube \u2013 V\u00eddeos incorporados.<\/li>\n<li>Google Analytics \/ WP Statistics \u2013 An\u00e1lise de sites.<\/li>\n<li>Outros plugins do WordPress \u2013 Entrega de conte\u00fado e intera\u00e7\u00e3o do usu\u00e1rio.<\/li>\n<\/ul>\n<p style=\"margin-block-end: 27px;\">Alguns desses provedores podem processar dados fora da UE\/EEE (por exemplo, nos Estados Unidos). Nesses casos, garantimos a conformidade com o GDPR por meio de:<\/p>\n<ul style=\"padding-inline-start: 45px; margin-block-end: 27px;\">\n<li>Decis\u00f5es de Adequa\u00e7\u00e3o emitidas pela Comiss\u00e3o Europeia, ou<\/li>\n<li>Cl\u00e1usulas Contratuais Padr\u00e3o (CCPs) aprovadas pela Comiss\u00e3o Europeia.<\/li>\n<\/ul>\n<p style=\"margin-block-end: 27px;\">Links para pol\u00edticas de privacidade de terceiros:<\/p>\n<ul style=\"padding-inline-start: 45px; margin-block-end: 27px;\">\n<li>Google:&nbsp;<a style=\"transition: 0.12s cubic-bezier(0.455, 0.03, 0.515, 0.955); color: #224db7;\" href=\"https:\/\/policies.google.com\/privacy\">https:\/\/policies.google.com\/privacy<\/a><\/li>\n<li>YouTube:&nbsp;<a href=\"https:\/\/www.youtube.com\/t\/privacy\" target=\"_blank\">https:\/\/www.youtube.com\/t\/privacy<\/a><\/li>\n<\/ul>\n<h3 style=\"--theme-font-family: Mulish, Sans-Serif; --theme-font-weight: 900; --theme-font-size: 30px; --theme-line-height: 1.5; font-style: normal; font-weight: 900; font-size: 30px; line-height: 1.5; font-family: Mulish, sans-serif; color: #0a1821; letter-spacing: normal; text-transform: none; text-decoration: none solid #0a1821; margin-block-end: 19px;\">8. Seus direitos de prote\u00e7\u00e3o de dados<\/h3>\n<p style=\"margin-block-end: 27px;\">Voc\u00ea tem o direito de:<\/p>\n<ul style=\"padding-inline-start: 45px; margin-block-end: 27px;\">\n<li>Acesse seus dados pessoais (Art. 15 GDPR).<\/li>\n<li>Retificar dados imprecisos ou incompletos (Art. 16 GDPR).<\/li>\n<li>Solicitar a elimina\u00e7\u00e3o dos seus dados (Art. 17 RGPD).<\/li>\n<li>Restringir o processamento em determinadas circunst\u00e2ncias (Art. 18 GDPR).<\/li>\n<li>Obje\u00e7\u00e3o ao processamento com base em interesse leg\u00edtimo (Art. 21 GDPR).<\/li>\n<li>Receba seus dados em um formato port\u00e1til (Art. 20 GDPR).<\/li>\n<li>Retirar o consentimento a qualquer momento sem afetar a legalidade do processamento anterior \u00e0 retirada (Art. 7 GDPR).<\/li>\n<li>Registre uma reclama\u00e7\u00e3o junto \u00e0 Autoridade Nacional de Prote\u00e7\u00e3o de Dados.<\/li>\n<\/ul>\n<p style=\"margin-block-end: 27px;\">Para exercer esses direitos, entre em contato conosco pelo endere\u00e7o de e-mail fornecido na Se\u00e7\u00e3o 1.<\/p>\n<h3 style=\"--theme-font-family: Mulish, Sans-Serif; --theme-font-weight: 900; --theme-font-size: 30px; --theme-line-height: 1.5; font-style: normal; font-weight: 900; font-size: 30px; line-height: 1.5; font-family: Mulish, sans-serif; color: #0a1821; letter-spacing: normal; text-transform: none; text-decoration: none solid #0a1821; margin-block-end: 19px;\">9. Medidas de seguran\u00e7a<\/h3>\n<p style=\"margin-block-end: 27px;\">Implementamos medidas t\u00e9cnicas e organizacionais apropriadas para garantir a seguran\u00e7a dos seus dados pessoais, incluindo criptografia (SSL\/TLS), controles de acesso e auditorias de seguran\u00e7a regulares.<\/p>\n<h3 style=\"--theme-font-family: Mulish, Sans-Serif; --theme-font-weight: 900; --theme-font-size: 30px; --theme-line-height: 1.5; font-style: normal; font-weight: 900; font-size: 30px; line-height: 1.5; font-family: Mulish, sans-serif; color: #0a1821; letter-spacing: normal; text-transform: none; text-decoration: none solid #0a1821; margin-block-end: 19px;\">10. Atualiza\u00e7\u00f5es<\/h3>\n<p style=\"margin-block-end: 27px;\">Esta Pol\u00edtica de Privacidade poder\u00e1 ser atualizada para refletir altera\u00e7\u00f5es legais, t\u00e9cnicas ou operacionais. Todas as atualiza\u00e7\u00f5es ser\u00e3o publicadas nesta p\u00e1gina.<\/p>\n<\/div>\t\t\t\t\t\t\t\t<\/div>\n\t\t\t\t<\/div>\n\t\t\t\t\t<\/div>\n\t\t<\/div>\n\t\t\t\t\t<\/div>\n\t\t<\/section>\n\t\t\t\t<\/div>","protected":false},"excerpt":{"rendered":"<p>Privacy Policy At&nbsp;HRIC, we are committed to protecting your privacy and processing your personal data lawfully, fairly, and transparently in accordance with the General Data Protection Regulation (EU)&nbsp;2016\/679 (GDPR)&nbsp;and any other applicable data protection laws.This Privacy Policy explains how we collect, use, store, and protect your personal data when you use our website. 1. Data [&hellip;]<\/p>\n","protected":false},"author":1,"featured_media":0,"parent":0,"menu_order":0,"comment_status":"closed","ping_status":"closed","template":"","meta":{"footnotes":""},"class_list":["post-1042","page","type-page","status-publish","hentry"],"blocksy_meta":{"content_style_source":"inherit","disable_header":"no","disable_share_box":"no","styles_descriptor":{"styles":{"desktop":"","tablet":"","mobile":""},"google_fonts":[],"version":6},"has_hero_section":"disabled","hero_elements":[{"id":"custom_title","enabled":false,"heading_tag":"h1","title":"In\u00edcio","__id":"XeIS_AYcxPfWEE2mD7PY3"},{"id":"custom_description","enabled":false,"description_visibility":{"desktop":true,"tablet":true,"mobile":false},"__id":"2Q8XJJk5b7qFPmz0Q0_ov"},{"id":"custom_meta","enabled":false,"meta_elements":[{"id":"author","enabled":true,"label":"By","has_author_avatar":"yes","avatar_size":25},{"id":"post_date","enabled":true,"label":"On","date_format_source":"default","date_format":"M j, Y"},{"id":"updated_date","enabled":false,"label":"On","date_format_source":"default","date_format":"M j, Y"},{"id":"categories","enabled":false,"label":"In","style":"simple"},{"id":"comments","enabled":true}],"page_meta_elements":{"joined":true,"articles_count":true,"comments":true},"__id":"ffXRKOMYaDx4Ug3gtAf2H"},{"id":"breadcrumbs","enabled":false,"__id":"QiV0TuUj88My3MYavxiFu"}]},"_links":{"self":[{"href":"https:\/\/hricerasmus.eu\/pt\/wp-json\/wp\/v2\/pages\/1042","targetHints":{"allow":["GET"]}}],"collection":[{"href":"https:\/\/hricerasmus.eu\/pt\/wp-json\/wp\/v2\/pages"}],"about":[{"href":"https:\/\/hricerasmus.eu\/pt\/wp-json\/wp\/v2\/types\/page"}],"author":[{"embeddable":true,"href":"https:\/\/hricerasmus.eu\/pt\/wp-json\/wp\/v2\/users\/1"}],"replies":[{"embeddable":true,"href":"https:\/\/hricerasmus.eu\/pt\/wp-json\/wp\/v2\/comments?post=1042"}],"version-history":[{"count":17,"href":"https:\/\/hricerasmus.eu\/pt\/wp-json\/wp\/v2\/pages\/1042\/revisions"}],"predecessor-version":[{"id":1096,"href":"https:\/\/hricerasmus.eu\/pt\/wp-json\/wp\/v2\/pages\/1042\/revisions\/1096"}],"wp:attachment":[{"href":"https:\/\/hricerasmus.eu\/pt\/wp-json\/wp\/v2\/media?parent=1042"}],"curies":[{"name":"wp","href":"https:\/\/api.w.org\/{rel}","templated":true}]}}