{"id":382,"date":"2025-05-15T20:44:18","date_gmt":"2025-05-15T20:44:18","guid":{"rendered":"https:\/\/hricerasmus.eu\/?page_id=382"},"modified":"2025-07-04T16:41:02","modified_gmt":"2025-07-04T16:41:02","slug":"kick-off-meeting-italy","status":"publish","type":"page","link":"https:\/\/hricerasmus.eu\/pt\/kick-off-meeting-italy\/","title":{"rendered":"Reuni\u00e3o de Kick Off \u2013 It\u00e1lia"},"content":{"rendered":"<div data-elementor-type=\"wp-page\" data-elementor-id=\"382\" class=\"elementor elementor-382\">\n\t\t\t\t\t\t<section class=\"has_eae_slider elementor-section elementor-top-section elementor-element elementor-element-eac5c28 elementor-section-boxed elementor-section-height-default elementor-section-height-default\" data-eae-slider=\"10653\" data-id=\"eac5c28\" data-element_type=\"section\" data-e-type=\"section\">\n\t\t\t\t\t\t<div class=\"elementor-container elementor-column-gap-default\">\n\t\t\t\t\t<div class=\"has_eae_slider elementor-column elementor-col-100 elementor-top-column elementor-element elementor-element-bed4082\" data-eae-slider=\"73372\" data-id=\"bed4082\" data-element_type=\"column\" data-e-type=\"column\">\n\t\t\t<div class=\"elementor-widget-wrap elementor-element-populated\">\n\t\t\t\t\t\t<div class=\"elementor-element elementor-element-fa49aef elementor-widget elementor-widget-text-editor\" data-id=\"fa49aef\" data-element_type=\"widget\" data-e-type=\"widget\" data-widget_type=\"text-editor.default\">\n\t\t\t\t<div class=\"elementor-widget-container\">\n\t\t\t\t\t\t\t\t\t<p><span class=\"TextRun SCXW107999457 BCX0\" lang=\"EN-US\" xml:lang=\"EN-US\" data-contrast=\"none\"><span class=\"NormalTextRun SCXW107999457 BCX0\">Todos os parceiros se reuniram em Roma para a reuni\u00e3o de lan\u00e7amento do HRIC <\/span><span class=\"SpellingError SCXW107999457 BCX0\">projeto.\u00a0<\/span><span class=\"SpellingError SCXW107999457 BCX0\">Durante<\/span><span class=\"NormalTextRun SCXW107999457 BCX0\"> Na reuni\u00e3o, os representantes das organiza\u00e7\u00f5es participantes acordaram os pr\u00f3ximos passos e discutiram a implementa\u00e7\u00e3o do projeto <\/span><span class=\"SpellingError SCXW107999457 BCX0\">fases.\u00a0<\/span><span class=\"SpellingError SCXW107999457 BCX0\">N\u00f3s<\/span><span class=\"NormalTextRun SCXW107999457 BCX0\"> alinhados em objectivos e planos, deixando todos entusiasmados e prontos para iniciar esta viagem comum.<\/span><\/span><span class=\"EOP SCXW107999457 BCX0\" data-ccp-props=\"{}\">\u00a0<\/span><\/p>\t\t\t\t\t\t\t\t<\/div>\n\t\t\t\t<\/div>\n\t\t\t\t<div class=\"elementor-element elementor-element-328777c gallery-spacing-custom elementor-widget elementor-widget-image-gallery\" data-id=\"328777c\" data-element_type=\"widget\" data-e-type=\"widget\" data-widget_type=\"image-gallery.default\">\n\t\t\t\t<div class=\"elementor-widget-container\">\n\t\t\t\t\t\t\t<div class=\"elementor-image-gallery\">\n\t\t\t<div id='gallery-1' class='gallery galleryid-382 gallery-columns-3 gallery-size-full'><figure class='gallery-item'>\n\t\t\t<div class='gallery-icon landscape'>\n\t\t\t\t<img fetchpriority=\"high\" decoding=\"async\" width=\"2000\" height=\"1500\" src=\"https:\/\/hricerasmus.eu\/wp-content\/uploads\/2024\/08\/452642465_1037702907278102_1391795816518613663_n.jpg\" class=\"attachment-full size-full\" alt=\"\" srcset=\"https:\/\/hricerasmus.eu\/wp-content\/uploads\/2024\/08\/452642465_1037702907278102_1391795816518613663_n.jpg 2000w, https:\/\/hricerasmus.eu\/wp-content\/uploads\/2024\/08\/452642465_1037702907278102_1391795816518613663_n-300x225.jpg 300w, https:\/\/hricerasmus.eu\/wp-content\/uploads\/2024\/08\/452642465_1037702907278102_1391795816518613663_n-1024x768.jpg 1024w, https:\/\/hricerasmus.eu\/wp-content\/uploads\/2024\/08\/452642465_1037702907278102_1391795816518613663_n-768x576.jpg 768w, https:\/\/hricerasmus.eu\/wp-content\/uploads\/2024\/08\/452642465_1037702907278102_1391795816518613663_n-1536x1152.jpg 1536w\" sizes=\"(max-width: 2000px) 100vw, 2000px\" \/>\n\t\t\t<\/div><\/figure><figure class='gallery-item'>\n\t\t\t<div class='gallery-icon landscape'>\n\t\t\t\t<img decoding=\"async\" width=\"2000\" height=\"1500\" src=\"https:\/\/hricerasmus.eu\/wp-content\/uploads\/2024\/08\/452523574_1504025736913705_2532594837018547662_n.jpg\" class=\"attachment-full size-full\" alt=\"\" srcset=\"https:\/\/hricerasmus.eu\/wp-content\/uploads\/2024\/08\/452523574_1504025736913705_2532594837018547662_n.jpg 2000w, https:\/\/hricerasmus.eu\/wp-content\/uploads\/2024\/08\/452523574_1504025736913705_2532594837018547662_n-300x225.jpg 300w, https:\/\/hricerasmus.eu\/wp-content\/uploads\/2024\/08\/452523574_1504025736913705_2532594837018547662_n-1024x768.jpg 1024w, https:\/\/hricerasmus.eu\/wp-content\/uploads\/2024\/08\/452523574_1504025736913705_2532594837018547662_n-768x576.jpg 768w, https:\/\/hricerasmus.eu\/wp-content\/uploads\/2024\/08\/452523574_1504025736913705_2532594837018547662_n-1536x1152.jpg 1536w\" sizes=\"(max-width: 2000px) 100vw, 2000px\" \/>\n\t\t\t<\/div><\/figure><figure class='gallery-item'>\n\t\t\t<div class='gallery-icon landscape'>\n\t\t\t\t<img decoding=\"async\" width=\"2040\" height=\"1530\" src=\"https:\/\/hricerasmus.eu\/wp-content\/uploads\/2024\/08\/451446910_331671219914662_3147076946663734478_n.jpg\" class=\"attachment-full size-full\" alt=\"\" srcset=\"https:\/\/hricerasmus.eu\/wp-content\/uploads\/2024\/08\/451446910_331671219914662_3147076946663734478_n.jpg 2040w, https:\/\/hricerasmus.eu\/wp-content\/uploads\/2024\/08\/451446910_331671219914662_3147076946663734478_n-300x225.jpg 300w, https:\/\/hricerasmus.eu\/wp-content\/uploads\/2024\/08\/451446910_331671219914662_3147076946663734478_n-1024x768.jpg 1024w, https:\/\/hricerasmus.eu\/wp-content\/uploads\/2024\/08\/451446910_331671219914662_3147076946663734478_n-768x576.jpg 768w, https:\/\/hricerasmus.eu\/wp-content\/uploads\/2024\/08\/451446910_331671219914662_3147076946663734478_n-1536x1152.jpg 1536w\" sizes=\"(max-width: 2040px) 100vw, 2040px\" \/>\n\t\t\t<\/div><\/figure>\n\t\t<\/div>\n\t\t<\/div>\n\t\t\t\t\t\t<\/div>\n\t\t\t\t<\/div>\n\t\t\t\t\t<\/div>\n\t\t<\/div>\n\t\t\t\t\t<\/div>\n\t\t<\/section>\n\t\t\t\t<section class=\"has_eae_slider elementor-section elementor-top-section elementor-element elementor-element-41b8f6c elementor-section-boxed elementor-section-height-default elementor-section-height-default\" data-eae-slider=\"87329\" data-id=\"41b8f6c\" data-element_type=\"section\" data-e-type=\"section\">\n\t\t\t\t\t\t<div class=\"elementor-container elementor-column-gap-default\">\n\t\t\t\t\t<div class=\"has_eae_slider elementor-column elementor-col-100 elementor-top-column elementor-element elementor-element-20e839d\" data-eae-slider=\"62808\" data-id=\"20e839d\" data-element_type=\"column\" data-e-type=\"column\">\n\t\t\t<div class=\"elementor-widget-wrap elementor-element-populated\">\n\t\t\t\t\t\t<div class=\"elementor-element elementor-element-461189b elementor-widget-divider--view-line elementor-widget elementor-widget-divider\" data-id=\"461189b\" data-element_type=\"widget\" data-e-type=\"widget\" data-widget_type=\"divider.default\">\n\t\t\t\t<div class=\"elementor-widget-container\">\n\t\t\t\t\t\t\t<div class=\"elementor-divider\">\n\t\t\t<span class=\"elementor-divider-separator\">\n\t\t\t\t\t\t<\/span>\n\t\t<\/div>\n\t\t\t\t\t\t<\/div>\n\t\t\t\t<\/div>\n\t\t\t\t\t<\/div>\n\t\t<\/div>\n\t\t\t\t\t<\/div>\n\t\t<\/section>\n\t\t\t\t<\/div>","protected":false},"excerpt":{"rendered":"<p>All partners gathered in Rome for the kickoff meeting of the HRIC project.\u00a0During the Meeting, the participating organizations representatives have agreed on the next steps and discussed the project\u2019s implementation phases.\u00a0We aligned on goals and plans, leaving everyone enthusiastic and ready to start this common journey.\u00a0<\/p>","protected":false},"author":2,"featured_media":0,"parent":0,"menu_order":0,"comment_status":"closed","ping_status":"closed","template":"","meta":{"footnotes":""},"class_list":["post-382","page","type-page","status-publish","hentry"],"blocksy_meta":[],"_links":{"self":[{"href":"https:\/\/hricerasmus.eu\/pt\/wp-json\/wp\/v2\/pages\/382","targetHints":{"allow":["GET"]}}],"collection":[{"href":"https:\/\/hricerasmus.eu\/pt\/wp-json\/wp\/v2\/pages"}],"about":[{"href":"https:\/\/hricerasmus.eu\/pt\/wp-json\/wp\/v2\/types\/page"}],"author":[{"embeddable":true,"href":"https:\/\/hricerasmus.eu\/pt\/wp-json\/wp\/v2\/users\/2"}],"replies":[{"embeddable":true,"href":"https:\/\/hricerasmus.eu\/pt\/wp-json\/wp\/v2\/comments?post=382"}],"version-history":[{"count":7,"href":"https:\/\/hricerasmus.eu\/pt\/wp-json\/wp\/v2\/pages\/382\/revisions"}],"predecessor-version":[{"id":760,"href":"https:\/\/hricerasmus.eu\/pt\/wp-json\/wp\/v2\/pages\/382\/revisions\/760"}],"wp:attachment":[{"href":"https:\/\/hricerasmus.eu\/pt\/wp-json\/wp\/v2\/media?parent=382"}],"curies":[{"name":"wp","href":"https:\/\/api.w.org\/{rel}","templated":true}]}}