{"id":576,"date":"2025-06-18T13:31:36","date_gmt":"2025-06-18T13:31:36","guid":{"rendered":"https:\/\/hricerasmus.eu\/?page_id=576"},"modified":"2025-06-18T13:47:46","modified_gmt":"2025-06-18T13:47:46","slug":"final-international-conference","status":"publish","type":"page","link":"https:\/\/hricerasmus.eu\/pt\/final-international-conference\/","title":{"rendered":"Confer\u00eancia Internacional Final"},"content":{"rendered":"<div data-elementor-type=\"wp-page\" data-elementor-id=\"576\" class=\"elementor elementor-576\">\n\t\t\t\t\t\t<section class=\"has_eae_slider elementor-section elementor-top-section elementor-element elementor-element-0021c77 elementor-section-boxed elementor-section-height-default elementor-section-height-default\" data-eae-slider=\"94207\" data-id=\"0021c77\" data-element_type=\"section\" data-e-type=\"section\">\n\t\t\t\t\t\t<div class=\"elementor-container elementor-column-gap-default\">\n\t\t\t\t\t<div class=\"has_eae_slider elementor-column elementor-col-100 elementor-top-column elementor-element elementor-element-42a9591\" data-eae-slider=\"41759\" data-id=\"42a9591\" data-element_type=\"column\" data-e-type=\"column\">\n\t\t\t<div class=\"elementor-widget-wrap elementor-element-populated\">\n\t\t\t\t\t\t<div class=\"elementor-element elementor-element-1a1c774 elementor-widget elementor-widget-text-editor\" data-id=\"1a1c774\" data-element_type=\"widget\" data-e-type=\"widget\" data-widget_type=\"text-editor.default\">\n\t\t\t\t<div class=\"elementor-widget-container\">\n\t\t\t\t\t\t\t\t\t<p>O evento final de divulga\u00e7\u00e3o do projeto HRIC \u2013 a Confer\u00eancia Internacional Multiplicadora \u2013 ocorreu em Portugal, com a participa\u00e7\u00e3o de 80 participantes. Este importante encontro reuniu todos os parceiros do projeto, oferecendo uma oportunidade \u00fanica para apresentar os resultados do projeto, compartilhar experi\u00eancias e discutir o impacto do HRIC na promo\u00e7\u00e3o dos direitos humanos no esporte. O evento proporcionou uma vibrante troca de ideias e lan\u00e7ou as bases para futuras colabora\u00e7\u00f5es no campo da governan\u00e7a esportiva inclusiva e baseada em direitos.<\/p>\t\t\t\t\t\t\t\t<\/div>\n\t\t\t\t<\/div>\n\t\t\t\t\t<\/div>\n\t\t<\/div>\n\t\t\t\t\t<\/div>\n\t\t<\/section>\n\t\t\t\t<section class=\"has_eae_slider elementor-section elementor-top-section elementor-element elementor-element-e7d7189 elementor-section-boxed elementor-section-height-default elementor-section-height-default\" data-eae-slider=\"53113\" data-id=\"e7d7189\" data-element_type=\"section\" data-e-type=\"section\">\n\t\t\t\t\t\t<div class=\"elementor-container elementor-column-gap-default\">\n\t\t\t\t\t<div class=\"has_eae_slider elementor-column elementor-col-100 elementor-top-column elementor-element elementor-element-75401e5\" data-eae-slider=\"22094\" data-id=\"75401e5\" data-element_type=\"column\" data-e-type=\"column\">\n\t\t\t<div class=\"elementor-widget-wrap elementor-element-populated\">\n\t\t\t\t\t\t<div class=\"elementor-element elementor-element-ec04683 gallery-spacing-custom elementor-widget elementor-widget-image-gallery\" data-id=\"ec04683\" data-element_type=\"widget\" data-e-type=\"widget\" data-widget_type=\"image-gallery.default\">\n\t\t\t\t<div class=\"elementor-widget-container\">\n\t\t\t\t\t\t\t<div class=\"elementor-image-gallery\">\n\t\t\t<div id='gallery-1' class='gallery galleryid-576 gallery-columns-3 gallery-size-medium'><figure class='gallery-item'>\n\t\t\t<div class='gallery-icon landscape'>\n\t\t\t\t<a data-elementor-open-lightbox=\"yes\" data-elementor-lightbox-slideshow=\"ec04683\" data-elementor-lightbox-title=\"2025.05.29_SEA_Mental_Health_Univ_Europeia_039\" data-e-action-hash=\"#elementor-action%3Aaction%3Dlightbox%26settings%3DeyJpZCI6NTgyLCJ1cmwiOiJodHRwczpcL1wvaHJpY2VyYXNtdXMuZXVcL3dwLWNvbnRlbnRcL3VwbG9hZHNcLzIwMjVcLzA2XC8yMDI1LjA1LjI5X1NFQV9NZW50YWxfSGVhbHRoX1VuaXZfRXVyb3BlaWFfMDM5LmpwZyIsInNsaWRlc2hvdyI6ImVjMDQ2ODMifQ%3D%3D\" href='https:\/\/hricerasmus.eu\/wp-content\/uploads\/2025\/06\/2025.05.29_SEA_Mental_Health_Univ_Europeia_039.jpg'><img fetchpriority=\"high\" decoding=\"async\" width=\"300\" height=\"200\" src=\"https:\/\/hricerasmus.eu\/wp-content\/uploads\/2025\/06\/2025.05.29_SEA_Mental_Health_Univ_Europeia_039-300x200.jpg\" class=\"attachment-medium size-medium\" alt=\"\" srcset=\"https:\/\/hricerasmus.eu\/wp-content\/uploads\/2025\/06\/2025.05.29_SEA_Mental_Health_Univ_Europeia_039-300x200.jpg 300w, https:\/\/hricerasmus.eu\/wp-content\/uploads\/2025\/06\/2025.05.29_SEA_Mental_Health_Univ_Europeia_039-1024x683.jpg 1024w, https:\/\/hricerasmus.eu\/wp-content\/uploads\/2025\/06\/2025.05.29_SEA_Mental_Health_Univ_Europeia_039-768x512.jpg 768w, https:\/\/hricerasmus.eu\/wp-content\/uploads\/2025\/06\/2025.05.29_SEA_Mental_Health_Univ_Europeia_039-1536x1024.jpg 1536w, https:\/\/hricerasmus.eu\/wp-content\/uploads\/2025\/06\/2025.05.29_SEA_Mental_Health_Univ_Europeia_039-2048x1365.jpg 2048w, https:\/\/hricerasmus.eu\/wp-content\/uploads\/2025\/06\/2025.05.29_SEA_Mental_Health_Univ_Europeia_039-18x12.jpg 18w\" sizes=\"(max-width: 300px) 100vw, 300px\" \/><\/a>\n\t\t\t<\/div><\/figure><figure class='gallery-item'>\n\t\t\t<div class='gallery-icon landscape'>\n\t\t\t\t<a data-elementor-open-lightbox=\"yes\" data-elementor-lightbox-slideshow=\"ec04683\" data-elementor-lightbox-title=\"2025.05.29_SEA_Mental_Health_Univ_Europeia_013\" data-e-action-hash=\"#elementor-action%3Aaction%3Dlightbox%26settings%3DeyJpZCI6NTgzLCJ1cmwiOiJodHRwczpcL1wvaHJpY2VyYXNtdXMuZXVcL3dwLWNvbnRlbnRcL3VwbG9hZHNcLzIwMjVcLzA2XC8yMDI1LjA1LjI5X1NFQV9NZW50YWxfSGVhbHRoX1VuaXZfRXVyb3BlaWFfMDEzLmpwZyIsInNsaWRlc2hvdyI6ImVjMDQ2ODMifQ%3D%3D\" href='https:\/\/hricerasmus.eu\/wp-content\/uploads\/2025\/06\/2025.05.29_SEA_Mental_Health_Univ_Europeia_013.jpg'><img decoding=\"async\" width=\"300\" height=\"200\" src=\"https:\/\/hricerasmus.eu\/wp-content\/uploads\/2025\/06\/2025.05.29_SEA_Mental_Health_Univ_Europeia_013-300x200.jpg\" class=\"attachment-medium size-medium\" alt=\"\" srcset=\"https:\/\/hricerasmus.eu\/wp-content\/uploads\/2025\/06\/2025.05.29_SEA_Mental_Health_Univ_Europeia_013-300x200.jpg 300w, https:\/\/hricerasmus.eu\/wp-content\/uploads\/2025\/06\/2025.05.29_SEA_Mental_Health_Univ_Europeia_013-1024x683.jpg 1024w, https:\/\/hricerasmus.eu\/wp-content\/uploads\/2025\/06\/2025.05.29_SEA_Mental_Health_Univ_Europeia_013-768x512.jpg 768w, https:\/\/hricerasmus.eu\/wp-content\/uploads\/2025\/06\/2025.05.29_SEA_Mental_Health_Univ_Europeia_013-1536x1024.jpg 1536w, https:\/\/hricerasmus.eu\/wp-content\/uploads\/2025\/06\/2025.05.29_SEA_Mental_Health_Univ_Europeia_013-2048x1365.jpg 2048w, https:\/\/hricerasmus.eu\/wp-content\/uploads\/2025\/06\/2025.05.29_SEA_Mental_Health_Univ_Europeia_013-18x12.jpg 18w\" sizes=\"(max-width: 300px) 100vw, 300px\" \/><\/a>\n\t\t\t<\/div><\/figure><figure class='gallery-item'>\n\t\t\t<div class='gallery-icon landscape'>\n\t\t\t\t<a data-elementor-open-lightbox=\"yes\" data-elementor-lightbox-slideshow=\"ec04683\" data-elementor-lightbox-title=\"2025.05.29_SEA_Mental_Health_Univ_Europeia_006\" data-e-action-hash=\"#elementor-action%3Aaction%3Dlightbox%26settings%3DeyJpZCI6NTg0LCJ1cmwiOiJodHRwczpcL1wvaHJpY2VyYXNtdXMuZXVcL3dwLWNvbnRlbnRcL3VwbG9hZHNcLzIwMjVcLzA2XC8yMDI1LjA1LjI5X1NFQV9NZW50YWxfSGVhbHRoX1VuaXZfRXVyb3BlaWFfMDA2LmpwZyIsInNsaWRlc2hvdyI6ImVjMDQ2ODMifQ%3D%3D\" href='https:\/\/hricerasmus.eu\/wp-content\/uploads\/2025\/06\/2025.05.29_SEA_Mental_Health_Univ_Europeia_006.jpg'><img decoding=\"async\" width=\"300\" height=\"200\" src=\"https:\/\/hricerasmus.eu\/wp-content\/uploads\/2025\/06\/2025.05.29_SEA_Mental_Health_Univ_Europeia_006-300x200.jpg\" class=\"attachment-medium size-medium\" alt=\"\" srcset=\"https:\/\/hricerasmus.eu\/wp-content\/uploads\/2025\/06\/2025.05.29_SEA_Mental_Health_Univ_Europeia_006-300x200.jpg 300w, https:\/\/hricerasmus.eu\/wp-content\/uploads\/2025\/06\/2025.05.29_SEA_Mental_Health_Univ_Europeia_006-1024x683.jpg 1024w, https:\/\/hricerasmus.eu\/wp-content\/uploads\/2025\/06\/2025.05.29_SEA_Mental_Health_Univ_Europeia_006-768x512.jpg 768w, https:\/\/hricerasmus.eu\/wp-content\/uploads\/2025\/06\/2025.05.29_SEA_Mental_Health_Univ_Europeia_006-1536x1024.jpg 1536w, https:\/\/hricerasmus.eu\/wp-content\/uploads\/2025\/06\/2025.05.29_SEA_Mental_Health_Univ_Europeia_006-2048x1365.jpg 2048w, https:\/\/hricerasmus.eu\/wp-content\/uploads\/2025\/06\/2025.05.29_SEA_Mental_Health_Univ_Europeia_006-18x12.jpg 18w\" sizes=\"(max-width: 300px) 100vw, 300px\" \/><\/a>\n\t\t\t<\/div><\/figure>\n\t\t<\/div>\n\t\t<\/div>\n\t\t\t\t\t\t<\/div>\n\t\t\t\t<\/div>\n\t\t\t\t\t<\/div>\n\t\t<\/div>\n\t\t\t\t\t<\/div>\n\t\t<\/section>\n\t\t\t\t<section class=\"has_eae_slider elementor-section elementor-top-section elementor-element elementor-element-6e69d30 elementor-section-boxed elementor-section-height-default elementor-section-height-default\" data-eae-slider=\"19608\" data-id=\"6e69d30\" data-element_type=\"section\" data-e-type=\"section\">\n\t\t\t\t\t\t<div class=\"elementor-container elementor-column-gap-default\">\n\t\t\t\t\t<div class=\"has_eae_slider elementor-column elementor-col-100 elementor-top-column elementor-element elementor-element-a14c269\" data-eae-slider=\"60050\" data-id=\"a14c269\" data-element_type=\"column\" data-e-type=\"column\">\n\t\t\t<div class=\"elementor-widget-wrap elementor-element-populated\">\n\t\t\t\t\t\t<div class=\"elementor-element elementor-element-3e93a88 elementor-widget-divider--view-line elementor-widget elementor-widget-divider\" data-id=\"3e93a88\" data-element_type=\"widget\" data-e-type=\"widget\" data-widget_type=\"divider.default\">\n\t\t\t\t<div class=\"elementor-widget-container\">\n\t\t\t\t\t\t\t<div class=\"elementor-divider\">\n\t\t\t<span class=\"elementor-divider-separator\">\n\t\t\t\t\t\t<\/span>\n\t\t<\/div>\n\t\t\t\t\t\t<\/div>\n\t\t\t\t<\/div>\n\t\t\t\t\t<\/div>\n\t\t<\/div>\n\t\t\t\t\t<\/div>\n\t\t<\/section>\n\t\t\t\t<\/div>","protected":false},"excerpt":{"rendered":"<p>The final dissemination event of the HRIC project \u2013 the International Multiplier Conference \u2013 took place in Portugal with the participation of 80 attendees. This important gathering brought together all project partners, offering a unique opportunity to present the project results, share experiences, and discuss the impact of HRIC on the promotion of human rights [&hellip;]<\/p>\n","protected":false},"author":2,"featured_media":0,"parent":0,"menu_order":0,"comment_status":"closed","ping_status":"closed","template":"","meta":{"footnotes":""},"class_list":["post-576","page","type-page","status-publish","hentry"],"blocksy_meta":[],"_links":{"self":[{"href":"https:\/\/hricerasmus.eu\/pt\/wp-json\/wp\/v2\/pages\/576","targetHints":{"allow":["GET"]}}],"collection":[{"href":"https:\/\/hricerasmus.eu\/pt\/wp-json\/wp\/v2\/pages"}],"about":[{"href":"https:\/\/hricerasmus.eu\/pt\/wp-json\/wp\/v2\/types\/page"}],"author":[{"embeddable":true,"href":"https:\/\/hricerasmus.eu\/pt\/wp-json\/wp\/v2\/users\/2"}],"replies":[{"embeddable":true,"href":"https:\/\/hricerasmus.eu\/pt\/wp-json\/wp\/v2\/comments?post=576"}],"version-history":[{"count":10,"href":"https:\/\/hricerasmus.eu\/pt\/wp-json\/wp\/v2\/pages\/576\/revisions"}],"predecessor-version":[{"id":593,"href":"https:\/\/hricerasmus.eu\/pt\/wp-json\/wp\/v2\/pages\/576\/revisions\/593"}],"wp:attachment":[{"href":"https:\/\/hricerasmus.eu\/pt\/wp-json\/wp\/v2\/media?parent=576"}],"curies":[{"name":"wp","href":"https:\/\/api.w.org\/{rel}","templated":true}]}}