{"id":1042,"date":"2025-08-04T08:22:55","date_gmt":"2025-08-04T08:22:55","guid":{"rendered":"https:\/\/hricerasmus.eu\/?page_id=1042"},"modified":"2025-08-27T20:29:58","modified_gmt":"2025-08-27T20:29:58","slug":"privacy-policy","status":"publish","type":"page","link":"https:\/\/hricerasmus.eu\/sl\/privacy-policy\/","title":{"rendered":"Privacy Policy Page"},"content":{"rendered":"<div data-elementor-type=\"wp-post\" data-elementor-id=\"1042\" class=\"elementor elementor-1042\">\n\t\t\t\t\t\t<section class=\"has_eae_slider elementor-section elementor-top-section elementor-element elementor-element-10e73dc elementor-section-boxed elementor-section-height-default elementor-section-height-default\" data-eae-slider=\"87551\" data-id=\"10e73dc\" data-element_type=\"section\" data-e-type=\"section\">\n\t\t\t\t\t\t<div class=\"elementor-container elementor-column-gap-default\">\n\t\t\t\t\t<div class=\"has_eae_slider elementor-column elementor-col-100 elementor-top-column elementor-element elementor-element-41aa720\" data-eae-slider=\"88855\" data-id=\"41aa720\" data-element_type=\"column\" data-e-type=\"column\" data-settings=\"{&quot;background_background&quot;:&quot;classic&quot;}\">\n\t\t\t<div class=\"elementor-widget-wrap elementor-element-populated\">\n\t\t\t\t\t\t<div class=\"elementor-element elementor-element-976c5e3 elementor-widget elementor-widget-heading\" data-id=\"976c5e3\" data-element_type=\"widget\" data-e-type=\"widget\" data-widget_type=\"heading.default\">\n\t\t\t\t<div class=\"elementor-widget-container\">\n\t\t\t\t\t<h2 class=\"elementor-heading-title elementor-size-default\">Pravilnik o zasebnosti<\/h2>\t\t\t\t<\/div>\n\t\t\t\t<\/div>\n\t\t\t\t\t<\/div>\n\t\t<\/div>\n\t\t\t\t\t<\/div>\n\t\t<\/section>\n\t\t\t\t<section class=\"has_eae_slider elementor-section elementor-top-section elementor-element elementor-element-126c2c0 elementor-section-boxed elementor-section-height-default elementor-section-height-default\" data-eae-slider=\"81404\" data-id=\"126c2c0\" data-element_type=\"section\" data-e-type=\"section\">\n\t\t\t\t\t\t<div class=\"elementor-container elementor-column-gap-default\">\n\t\t\t\t\t<div class=\"has_eae_slider elementor-column elementor-col-100 elementor-top-column elementor-element elementor-element-8f5d49d\" data-eae-slider=\"53952\" data-id=\"8f5d49d\" data-element_type=\"column\" data-e-type=\"column\">\n\t\t\t<div class=\"elementor-widget-wrap elementor-element-populated\">\n\t\t\t\t\t\t<div class=\"elementor-element elementor-element-0fb1e95 elementor-widget-divider--view-line elementor-widget elementor-widget-divider\" data-id=\"0fb1e95\" data-element_type=\"widget\" data-e-type=\"widget\" data-widget_type=\"divider.default\">\n\t\t\t\t<div class=\"elementor-widget-container\">\n\t\t\t\t\t\t\t<div class=\"elementor-divider\">\n\t\t\t<span class=\"elementor-divider-separator\">\n\t\t\t\t\t\t<\/span>\n\t\t<\/div>\n\t\t\t\t\t\t<\/div>\n\t\t\t\t<\/div>\n\t\t\t\t<div class=\"elementor-element elementor-element-97a9d83 elementor-widget elementor-widget-text-editor\" data-id=\"97a9d83\" data-element_type=\"widget\" data-e-type=\"widget\" data-widget_type=\"text-editor.default\">\n\t\t\t\t<div class=\"elementor-widget-container\">\n\t\t\t\t\t\t\t\t\t<p style=\"font-style: normal; font-variant-ligatures: normal; font-variant-caps: normal; font-weight: 400; font-size: 18px; font-family: Mulish, sans-serif; margin-block-end: 27px; color: #38454a; background-color: #ffffff;\">Ob<strong>&nbsp;HRIC<\/strong>, zavezani smo k varovanju va\u0161e zasebnosti in zakoniti, po\u0161teni in pregledni obdelavi va\u0161ih osebnih podatkov v skladu s Splo\u0161no uredbo o varstvu podatkov (EU)&nbsp;<strong>2016\/679 (Splo\u0161na uredba o varstvu podatkov)<\/strong>&nbsp;in vse druge veljavne zakone o varstvu podatkov.<br>Ta politika zasebnosti pojasnjuje, kako zbiramo, uporabljamo, shranjujemo in varujemo va\u0161e osebne podatke, ko uporabljate na\u0161o spletno stran.<\/p>\n<h3 style=\"--theme-font-family: Mulish, Sans-Serif; --theme-font-weight: 900; --theme-font-size: 30px; --theme-line-height: 1.5; font-style: normal; font-variant-ligatures: normal; font-variant-caps: normal; font-weight: 900; font-size: 30px; line-height: 1.5; font-family: Mulish, sans-serif; color: #0a1821; letter-spacing: normal; text-transform: none; text-decoration: none; margin-block-end: 19px; background-color: #ffffff;\">1. Upravljavec podatkov<\/h3>\n<p style=\"font-style: normal; font-variant-ligatures: normal; font-variant-caps: normal; font-weight: 400; font-size: 18px; font-family: Mulish, sans-serif; margin-block-end: 27px; color: #38454a; background-color: #ffffff;\">Upravljavec podatkov, odgovoren za obdelavo va\u0161ih osebnih podatkov na tem spletnem mestu, je:<\/p>\n<p style=\"font-style: normal; font-variant-ligatures: normal; font-variant-caps: normal; font-weight: 400; font-size: 18px; font-family: Mulish, sans-serif; margin-block-end: 27px; color: #38454a; background-color: #ffffff;\">Ime koordinatorja \/ Ime organizacije<\/p>\n<p style=\"font-style: normal; font-variant-ligatures: normal; font-variant-caps: normal; font-weight: 400; font-size: 18px; font-family: Mulish, sans-serif; margin-block-end: 27px; color: #38454a; background-color: #ffffff;\">Naslov: Via del Fiore bianco 13A, 07100 Sassari (SS) Italija<br>E-po\u0161ta:&nbsp;<a style=\"transition: 0.12s cubic-bezier(0.455, 0.03, 0.515, 0.955); color: #224db7;\" href=\"mailto:eletesertek@gmail.com\">info@minevaganti.org<\/a><\/p>\n<p style=\"font-style: normal; font-variant-ligatures: normal; font-variant-caps: normal; font-weight: 400; font-size: 18px; font-family: Mulish, sans-serif; margin-block-end: 27px; color: #38454a; background-color: #ffffff;\">\u010ce imate kakr\u0161na koli vpra\u0161anja o svojih podatkih ali \u017eelite uveljavljati svoje pravice v skladu z GDPR, nas lahko kontaktirate z uporabo zgornjih podatkov.<\/p>\n<h3 style=\"--theme-font-family: Mulish, Sans-Serif; --theme-font-weight: 900; --theme-font-size: 30px; --theme-line-height: 1.5; font-style: normal; font-variant-ligatures: normal; font-variant-caps: normal; font-weight: 900; font-size: 30px; line-height: 1.5; font-family: Mulish, sans-serif; color: #0a1821; letter-spacing: normal; text-transform: none; text-decoration: none; margin-block-end: 19px; background-color: #ffffff;\">2. Kategorije zbranih podatkov<\/h3>\n<p style=\"font-style: normal; font-variant-ligatures: normal; font-variant-caps: normal; font-weight: 400; font-size: 18px; font-family: Mulish, sans-serif; margin-block-end: 27px; color: #38454a; background-color: #ffffff;\">Zbiramo lahko naslednje kategorije podatkov:<\/p>\n<ul style=\"font-style: normal; font-variant-ligatures: normal; font-variant-caps: normal; font-weight: 400; font-size: 18px; font-family: Mulish, sans-serif; padding-inline-start: 45px; margin-block-end: 27px; color: #38454a; background-color: #ffffff;\">\n<li><span style=\"font-weight: bold;\">Podatki brskanja<\/span>IP-naslov, vrsta brskalnika, operacijski sistem, datum in ura dostopa, obiskane strani (podatki se samodejno zbirajo za tehni\u010dne in varnostne namene).<\/li>\n<li><span style=\"font-weight: bold;\">Osebni podatki<\/span>Ime, priimek, e-po\u0161tni naslov in vsi drugi podatki, ki jih prostovoljno posredujete prek kontaktnih ali registracijskih obrazcev.<\/li>\n<li><span style=\"font-weight: bold;\">Pi\u0161kotki in podobne tehnologije<\/span>: Informacije, zbrane prek pi\u0161kotkov ali podobnih orodij za sledenje (glejte 6. razdelek).<\/li>\n<\/ul>\n<p style=\"font-style: normal; font-variant-ligatures: normal; font-variant-caps: normal; font-weight: 400; font-size: 18px; font-family: Mulish, sans-serif; margin-block-end: 27px; color: #38454a; background-color: #ffffff;\">Zavestno ne zbiramo podatkov od posameznikov, mlaj\u0161ih od 16 let. \u010ce ugotovimo, da so bili tak\u0161ni podatki zbrani brez star\u0161evskega soglasja, jih bomo takoj izbrisali.<\/p>\n<h3 style=\"--theme-font-family: Mulish, Sans-Serif; --theme-font-weight: 900; --theme-font-size: 30px; --theme-line-height: 1.5; font-style: normal; font-variant-ligatures: normal; font-variant-caps: normal; font-weight: 900; font-size: 30px; line-height: 1.5; font-family: Mulish, sans-serif; color: #0a1821; letter-spacing: normal; text-transform: none; text-decoration: none; margin-block-end: 19px; background-color: #ffffff;\">3. Kako zbiramo podatke<\/h3>\n<ul style=\"font-style: normal; font-variant-ligatures: normal; font-variant-caps: normal; font-weight: 400; font-size: 18px; font-family: Mulish, sans-serif; padding-inline-start: 45px; margin-block-end: 27px; color: #38454a; background-color: #ffffff;\">\n<li>Ko brskate po na\u0161i spletni strani.<\/li>\n<li>Ko izpolnite kontaktni, registracijski ali naro\u010dni\u0161ki obrazec.<\/li>\n<li>Prek pi\u0161kotkov in podobnih tehnologij.<\/li>\n<li>Ko uporabljate vdelano vsebino tretjih oseb (npr. videoposnetke, zemljevide).<\/li>\n<\/ul>\n<h3 style=\"--theme-font-family: Mulish, Sans-Serif; --theme-font-weight: 900; --theme-font-size: 30px; --theme-line-height: 1.5; font-style: normal; font-variant-ligatures: normal; font-variant-caps: normal; font-weight: 900; font-size: 30px; line-height: 1.5; font-family: Mulish, sans-serif; color: #0a1821; letter-spacing: normal; text-transform: none; text-decoration: none; margin-block-end: 19px; background-color: #ffffff;\">4. Namen in pravna podlaga obdelave<\/h3>\n<p style=\"font-style: normal; font-variant-ligatures: normal; font-variant-caps: normal; font-weight: 400; font-size: 18px; font-family: Mulish, sans-serif; margin-block-end: 27px; color: #38454a; background-color: #ffffff;\">Va\u0161i osebni podatki se obdelujejo za naslednje namene:<\/p>\n<ul style=\"font-style: normal; font-variant-ligatures: normal; font-variant-caps: normal; font-weight: 400; font-size: 18px; font-family: Mulish, sans-serif; padding-inline-start: 45px; margin-block-end: 27px; color: #38454a; background-color: #ffffff;\">\n<li>Za zagotavljanje funkcionalnosti, varnosti in delovanja spletnega mesta \u2013 obdelava v skladu s \u010dlenom 6(1)(f) GDPR (zakoniti interes).<\/li>\n<li>Za odgovor na zahteve za stik ali registracijo \u2013 obdelano v skladu s \u010dlenom 6(1)(a) GDPR (soglasje).<\/li>\n<li>Za analizo uporabe spletnega mesta in izbolj\u0161anje uporabni\u0161ke izku\u0161nje z nebistvenimi pi\u0161kotki \u2013 obdelano v skladu s \u010dlenom 6(1)(a) GDPR (soglasje).<\/li>\n<li>Za izpolnjevanje zakonskih obveznosti, vklju\u010dno z upravnimi in poro\u010devalskimi zahtevami \u2013 obdelano v skladu s \u010dlenom 6(1)(c) GDPR (zakonska obveznost).<\/li>\n<\/ul>\n<p style=\"font-style: normal; font-variant-ligatures: normal; font-variant-caps: normal; font-weight: 400; font-size: 18px; font-family: Mulish, sans-serif; margin-block-end: 27px; color: #38454a; background-color: #ffffff;\">Va\u0161ih osebnih podatkov ne uporabljamo za avtomatizirano sprejemanje odlo\u010ditev ali profiliranje.<\/p>\n<h3 style=\"--theme-font-family: Mulish, Sans-Serif; --theme-font-weight: 900; --theme-font-size: 30px; --theme-line-height: 1.5; font-style: normal; font-variant-ligatures: normal; font-variant-caps: normal; font-weight: 900; font-size: 30px; line-height: 1.5; font-family: Mulish, sans-serif; color: #0a1821; letter-spacing: normal; text-transform: none; text-decoration: none; margin-block-end: 19px; background-color: #ffffff;\">5. Obdobje hrambe podatkov<\/h3>\n<div style=\"color: #38454a; font-family: Mulish, sans-serif; font-size: 18px; background-color: #ffffff;\">\n<div>Osebni podatki bodo shranjeni le toliko \u010dasa, kolikor bo potrebno za izpolnitev namenov, za katere so bili zbrani, in v skladu s trajanjem projekta.&nbsp;<\/div>\n<div>Razen \u010de ni druga\u010de zahtevano za pravne, upravne ali revizijske namene, bodo osebni podatki izbrisani najkasneje dve (2) leti po uradnem koncu projekta.&nbsp;<\/div>\n<div>&nbsp;<\/div>\n<h3 style=\"--theme-font-family: Mulish, Sans-Serif; --theme-font-weight: 900; --theme-font-size: 30px; --theme-line-height: 1.5; font-style: normal; font-weight: 900; font-size: 30px; line-height: 1.5; font-family: Mulish, sans-serif; color: #0a1821; letter-spacing: normal; text-transform: none; text-decoration: none solid #0a1821; margin-block-end: 0px;\">6. Deljenje podatkov in storitve tretjih oseb<\/h3>\n<\/div>\n<div style=\"color: #38454a; font-family: Mulish, sans-serif; font-size: 18px; background-color: #ffffff;\">\n<p style=\"margin-block-end: 27px;\">Pi\u0161kotke uporabljamo za izbolj\u0161anje delovanja na\u0161ega spletnega mesta, analizo uporabe in omogo\u010danje dolo\u010denih funkcij. Pi\u0161kotki so razvr\u0161\u010deni v naslednje kategorije:<\/p>\n<ul style=\"padding-inline-start: 45px; margin-block-end: 27px;\">\n<li>Nujno potrebni pi\u0161kotki \u2013 Obvezni za delovanje spletnega mesta (ni jih mogo\u010de onemogo\u010diti).<\/li>\n<li>Funkcionalni pi\u0161kotki \u2013 omogo\u010dajo dodatno funkcionalnost in personalizacijo.<\/li>\n<li>Analiti\u010dni pi\u0161kotki \u2013 pomagajo nam razumeti promet na spletnem mestu (npr. Google Analytics).<\/li>\n<\/ul>\n<p style=\"margin-block-end: 27px;\">Nastavitve pi\u0161kotkov lahko upravljate z na\u0161im orodjem za soglasje k pi\u0161kotkom (ki ga poganja CookieYes) in svoje soglasje kadar koli prekli\u010dete.<\/p>\n<h3 style=\"--theme-font-family: Mulish, Sans-Serif; --theme-font-weight: 900; --theme-font-size: 30px; --theme-line-height: 1.5; font-style: normal; font-weight: 900; font-size: 30px; line-height: 1.5; font-family: Mulish, sans-serif; color: #0a1821; letter-spacing: normal; text-transform: none; text-decoration: none solid #0a1821; margin-block-end: 19px;\">7. Deljenje podatkov in storitve tretjih oseb<\/h3>\n<p style=\"margin-block-end: 27px;\">Va\u0161ih osebnih podatkov ne prodajamo in z njimi ne trgujemo. Vendar pa jih lahko delimo z zaupanja vrednimi ponudniki storitev, da zagotovimo delovanje spletnega mesta. Ti lahko vklju\u010dujejo:<\/p>\n<ul style=\"padding-inline-start: 45px; margin-block-end: 27px;\">\n<li>YouTube \u2013 Vdelani videoposnetki.<\/li>\n<li>Google Analytics \/ WP Statistics \u2013 Analitika spletnih strani.<\/li>\n<li>Drugi vti\u010dniki za WordPress \u2013 Dostava vsebine in interakcija z uporabniki.<\/li>\n<\/ul>\n<p style=\"margin-block-end: 27px;\">Nekateri od teh ponudnikov lahko obdelujejo podatke zunaj EU\/EGP (npr. v Zdru\u017eenih dr\u017eavah Amerike). V takih primerih zagotavljamo skladnost z GDPR z:<\/p>\n<ul style=\"padding-inline-start: 45px; margin-block-end: 27px;\">\n<li>sklepi o ustreznosti, ki jih je izdala Evropska komisija, ali<\/li>\n<li>Standardne pogodbene klavzule (STC), ki jih je odobrila Evropska komisija.<\/li>\n<\/ul>\n<p style=\"margin-block-end: 27px;\">Povezave do politik zasebnosti tretjih oseb:<\/p>\n<ul style=\"padding-inline-start: 45px; margin-block-end: 27px;\">\n<li>Googla:&nbsp;<a style=\"transition: 0.12s cubic-bezier(0.455, 0.03, 0.515, 0.955); color: #224db7;\" href=\"https:\/\/policies.google.com\/privacy\">https:\/\/policies.google.com\/privacy<\/a><\/li>\n<li>YouTube:&nbsp;<a href=\"https:\/\/www.youtube.com\/t\/privacy\" target=\"_blank\">https:\/\/www.youtube.com\/t\/privacy<\/a><\/li>\n<\/ul>\n<h3 style=\"--theme-font-family: Mulish, Sans-Serif; --theme-font-weight: 900; --theme-font-size: 30px; --theme-line-height: 1.5; font-style: normal; font-weight: 900; font-size: 30px; line-height: 1.5; font-family: Mulish, sans-serif; color: #0a1821; letter-spacing: normal; text-transform: none; text-decoration: none solid #0a1821; margin-block-end: 19px;\">8. Va\u0161e pravice do varstva podatkov<\/h3>\n<p style=\"margin-block-end: 27px;\">Imate pravico do:<\/p>\n<ul style=\"padding-inline-start: 45px; margin-block-end: 27px;\">\n<li>Dostop do va\u0161ih osebnih podatkov (15. \u010dlen GDPR).<\/li>\n<li>Popravite neto\u010dne ali nepopolne podatke (16. \u010dlen GDPR).<\/li>\n<li>Zahtevajte izbris svojih podatkov (17. \u010dlen GDPR).<\/li>\n<li>Omejite obdelavo v dolo\u010denih okoli\u0161\u010dinah (18. \u010dlen GDPR).<\/li>\n<li>Ugovor obdelavi na podlagi zakonitega interesa (21. \u010dlen GDPR).<\/li>\n<li>Prejemajte svoje podatke v prenosljivi obliki (20. \u010dlen GDPR).<\/li>\n<li>Soglasje lahko kadar koli prekli\u010dete, ne da bi to vplivalo na zakonitost obdelave pred preklicem (7. \u010dlen GDPR).<\/li>\n<li>Vlo\u017eite prito\u017ebo pri svojem nacionalnem organu za varstvo podatkov.<\/li>\n<\/ul>\n<p style=\"margin-block-end: 27px;\">Za uveljavljanje teh pravic se obrnite na nas na e-po\u0161tni naslov, naveden v 1. razdelku.<\/p>\n<h3 style=\"--theme-font-family: Mulish, Sans-Serif; --theme-font-weight: 900; --theme-font-size: 30px; --theme-line-height: 1.5; font-style: normal; font-weight: 900; font-size: 30px; line-height: 1.5; font-family: Mulish, sans-serif; color: #0a1821; letter-spacing: normal; text-transform: none; text-decoration: none solid #0a1821; margin-block-end: 19px;\">9. Varnostni ukrepi<\/h3>\n<p style=\"margin-block-end: 27px;\">Za zagotavljanje varnosti va\u0161ih osebnih podatkov izvajamo ustrezne tehni\u010dne in organizacijske ukrepe, vklju\u010dno s \u0161ifriranjem (SSL\/TLS), nadzorom dostopa in rednimi varnostnimi pregledi.<\/p>\n<h3 style=\"--theme-font-family: Mulish, Sans-Serif; --theme-font-weight: 900; --theme-font-size: 30px; --theme-line-height: 1.5; font-style: normal; font-weight: 900; font-size: 30px; line-height: 1.5; font-family: Mulish, sans-serif; color: #0a1821; letter-spacing: normal; text-transform: none; text-decoration: none solid #0a1821; margin-block-end: 19px;\">10. Posodobitve<\/h3>\n<p style=\"margin-block-end: 27px;\">Ta politika zasebnosti se lahko posodobi, da odra\u017ea pravne, tehni\u010dne ali operativne spremembe. Vse posodobitve bodo objavljene na tej strani.<\/p>\n<\/div>\t\t\t\t\t\t\t\t<\/div>\n\t\t\t\t<\/div>\n\t\t\t\t\t<\/div>\n\t\t<\/div>\n\t\t\t\t\t<\/div>\n\t\t<\/section>\n\t\t\t\t<\/div>","protected":false},"excerpt":{"rendered":"<p>Privacy Policy At&nbsp;HRIC, we are committed to protecting your privacy and processing your personal data lawfully, fairly, and transparently in accordance with the General Data Protection Regulation (EU)&nbsp;2016\/679 (GDPR)&nbsp;and any other applicable data protection laws.This Privacy Policy explains how we collect, use, store, and protect your personal data when you use our website. 1. Data [&hellip;]<\/p>\n","protected":false},"author":1,"featured_media":0,"parent":0,"menu_order":0,"comment_status":"closed","ping_status":"closed","template":"","meta":{"footnotes":""},"class_list":["post-1042","page","type-page","status-publish","hentry"],"blocksy_meta":{"content_style_source":"inherit","disable_header":"no","disable_share_box":"no","styles_descriptor":{"styles":{"desktop":"","tablet":"","mobile":""},"google_fonts":[],"version":6},"has_hero_section":"disabled","hero_elements":[{"id":"custom_title","enabled":false,"heading_tag":"h1","title":"Domov","__id":"XeIS_AYcxPfWEE2mD7PY3"},{"id":"custom_description","enabled":false,"description_visibility":{"desktop":true,"tablet":true,"mobile":false},"__id":"2Q8XJJk5b7qFPmz0Q0_ov"},{"id":"custom_meta","enabled":false,"meta_elements":[{"id":"author","enabled":true,"label":"By","has_author_avatar":"yes","avatar_size":25},{"id":"post_date","enabled":true,"label":"On","date_format_source":"default","date_format":"M j, Y"},{"id":"updated_date","enabled":false,"label":"On","date_format_source":"default","date_format":"M j, Y"},{"id":"categories","enabled":false,"label":"In","style":"simple"},{"id":"comments","enabled":true}],"page_meta_elements":{"joined":true,"articles_count":true,"comments":true},"__id":"ffXRKOMYaDx4Ug3gtAf2H"},{"id":"breadcrumbs","enabled":false,"__id":"QiV0TuUj88My3MYavxiFu"}]},"_links":{"self":[{"href":"https:\/\/hricerasmus.eu\/sl\/wp-json\/wp\/v2\/pages\/1042","targetHints":{"allow":["GET"]}}],"collection":[{"href":"https:\/\/hricerasmus.eu\/sl\/wp-json\/wp\/v2\/pages"}],"about":[{"href":"https:\/\/hricerasmus.eu\/sl\/wp-json\/wp\/v2\/types\/page"}],"author":[{"embeddable":true,"href":"https:\/\/hricerasmus.eu\/sl\/wp-json\/wp\/v2\/users\/1"}],"replies":[{"embeddable":true,"href":"https:\/\/hricerasmus.eu\/sl\/wp-json\/wp\/v2\/comments?post=1042"}],"version-history":[{"count":17,"href":"https:\/\/hricerasmus.eu\/sl\/wp-json\/wp\/v2\/pages\/1042\/revisions"}],"predecessor-version":[{"id":1096,"href":"https:\/\/hricerasmus.eu\/sl\/wp-json\/wp\/v2\/pages\/1042\/revisions\/1096"}],"wp:attachment":[{"href":"https:\/\/hricerasmus.eu\/sl\/wp-json\/wp\/v2\/media?parent=1042"}],"curies":[{"name":"delovni list","href":"https:\/\/api.w.org\/{rel}","templated":true}]}}