{"id":388,"date":"2025-05-15T20:48:51","date_gmt":"2025-05-15T20:48:51","guid":{"rendered":"https:\/\/hricerasmus.eu\/?page_id=388"},"modified":"2025-07-04T16:41:39","modified_gmt":"2025-07-04T16:41:39","slug":"mid-term-evaluation-meeting-croatia","status":"publish","type":"page","link":"https:\/\/hricerasmus.eu\/sl\/mid-term-evaluation-meeting-croatia\/","title":{"rendered":"Vmesni evalvacijski sestanek \u2013 Hrva\u0161ka"},"content":{"rendered":"<div data-elementor-type=\"wp-page\" data-elementor-id=\"388\" class=\"elementor elementor-388\">\n\t\t\t\t\t\t<section class=\"has_eae_slider elementor-section elementor-top-section elementor-element elementor-element-eac5c28 elementor-section-boxed elementor-section-height-default elementor-section-height-default\" data-eae-slider=\"91569\" data-id=\"eac5c28\" data-element_type=\"section\" data-e-type=\"section\">\n\t\t\t\t\t\t<div class=\"elementor-container elementor-column-gap-default\">\n\t\t\t\t\t<div class=\"has_eae_slider elementor-column elementor-col-100 elementor-top-column elementor-element elementor-element-bed4082\" data-eae-slider=\"71060\" data-id=\"bed4082\" data-element_type=\"column\" data-e-type=\"column\">\n\t\t\t<div class=\"elementor-widget-wrap elementor-element-populated\">\n\t\t\t\t\t\t<div class=\"elementor-element elementor-element-fa49aef elementor-widget elementor-widget-text-editor\" data-id=\"fa49aef\" data-element_type=\"widget\" data-e-type=\"widget\" data-widget_type=\"text-editor.default\">\n\t\t\t\t<div class=\"elementor-widget-container\">\n\t\t\t\t\t\t\t\t\t<p>Na ocenjevalnem sestanku na Reki na Hrva\u0161kem smo razpravljali o napredku projekta HRIC in ocenili kakovost izvedenih dejavnosti. Klju\u010dna podro\u010dja, na katera smo se osredoto\u010dili, so bila u\u010dinkovitost oblike usposabljanja za \u0161portne trenerje in socialne izvajalce ter razvoj priro\u010dnika in politi\u010dnih priporo\u010dil.<\/p>\t\t\t\t\t\t\t\t<\/div>\n\t\t\t\t<\/div>\n\t\t\t\t<div class=\"elementor-element elementor-element-328777c gallery-spacing-custom elementor-widget elementor-widget-image-gallery\" data-id=\"328777c\" data-element_type=\"widget\" data-e-type=\"widget\" data-widget_type=\"image-gallery.default\">\n\t\t\t\t<div class=\"elementor-widget-container\">\n\t\t\t\t\t\t\t<div class=\"elementor-image-gallery\">\n\t\t\t<div id='gallery-1' class='gallery galleryid-388 gallery-columns-3 gallery-size-full'><figure class='gallery-item'>\n\t\t\t<div class='gallery-icon landscape'>\n\t\t\t\t<img fetchpriority=\"high\" decoding=\"async\" width=\"1600\" height=\"1200\" src=\"https:\/\/hricerasmus.eu\/wp-content\/uploads\/2024\/08\/449564665_839365414741679_8623123445458999840_n.jpg\" class=\"attachment-full size-full\" alt=\"\" srcset=\"https:\/\/hricerasmus.eu\/wp-content\/uploads\/2024\/08\/449564665_839365414741679_8623123445458999840_n.jpg 1600w, https:\/\/hricerasmus.eu\/wp-content\/uploads\/2024\/08\/449564665_839365414741679_8623123445458999840_n-300x225.jpg 300w, https:\/\/hricerasmus.eu\/wp-content\/uploads\/2024\/08\/449564665_839365414741679_8623123445458999840_n-1024x768.jpg 1024w, https:\/\/hricerasmus.eu\/wp-content\/uploads\/2024\/08\/449564665_839365414741679_8623123445458999840_n-768x576.jpg 768w, https:\/\/hricerasmus.eu\/wp-content\/uploads\/2024\/08\/449564665_839365414741679_8623123445458999840_n-1536x1152.jpg 1536w\" sizes=\"(max-width: 1600px) 100vw, 1600px\" \/>\n\t\t\t<\/div><\/figure>\n\t\t<\/div>\n\t\t<\/div>\n\t\t\t\t\t\t<\/div>\n\t\t\t\t<\/div>\n\t\t\t\t\t<\/div>\n\t\t<\/div>\n\t\t\t\t\t<\/div>\n\t\t<\/section>\n\t\t\t\t<section class=\"has_eae_slider elementor-section elementor-top-section elementor-element elementor-element-8ec1d9d elementor-section-boxed elementor-section-height-default elementor-section-height-default\" data-eae-slider=\"25956\" data-id=\"8ec1d9d\" data-element_type=\"section\" data-e-type=\"section\">\n\t\t\t\t\t\t<div class=\"elementor-container elementor-column-gap-default\">\n\t\t\t\t\t<div class=\"has_eae_slider elementor-column elementor-col-100 elementor-top-column elementor-element elementor-element-57c4701\" data-eae-slider=\"22385\" data-id=\"57c4701\" data-element_type=\"column\" data-e-type=\"column\">\n\t\t\t<div class=\"elementor-widget-wrap elementor-element-populated\">\n\t\t\t\t\t\t<div class=\"elementor-element elementor-element-9508c6d elementor-widget-divider--view-line elementor-widget elementor-widget-divider\" data-id=\"9508c6d\" data-element_type=\"widget\" data-e-type=\"widget\" data-widget_type=\"divider.default\">\n\t\t\t\t<div class=\"elementor-widget-container\">\n\t\t\t\t\t\t\t<div class=\"elementor-divider\">\n\t\t\t<span class=\"elementor-divider-separator\">\n\t\t\t\t\t\t<\/span>\n\t\t<\/div>\n\t\t\t\t\t\t<\/div>\n\t\t\t\t<\/div>\n\t\t\t\t\t<\/div>\n\t\t<\/div>\n\t\t\t\t\t<\/div>\n\t\t<\/section>\n\t\t\t\t<\/div>","protected":false},"excerpt":{"rendered":"<p>Na ocenjevalnem sestanku na Reki na Hrva\u0161kem smo razpravljali o napredku projekta HRIC in ocenili kakovost izvedenih dejavnosti. Klju\u010dna podro\u010dja, na katera smo se osredoto\u010dili, so bila u\u010dinkovitost oblike usposabljanja za \u0161portne trenerje in socialne izvajalce ter razvoj priro\u010dnika in politi\u010dnih priporo\u010dil.<\/p>","protected":false},"author":2,"featured_media":0,"parent":0,"menu_order":0,"comment_status":"closed","ping_status":"closed","template":"","meta":{"footnotes":""},"class_list":["post-388","page","type-page","status-publish","hentry"],"blocksy_meta":[],"_links":{"self":[{"href":"https:\/\/hricerasmus.eu\/sl\/wp-json\/wp\/v2\/pages\/388","targetHints":{"allow":["GET"]}}],"collection":[{"href":"https:\/\/hricerasmus.eu\/sl\/wp-json\/wp\/v2\/pages"}],"about":[{"href":"https:\/\/hricerasmus.eu\/sl\/wp-json\/wp\/v2\/types\/page"}],"author":[{"embeddable":true,"href":"https:\/\/hricerasmus.eu\/sl\/wp-json\/wp\/v2\/users\/2"}],"replies":[{"embeddable":true,"href":"https:\/\/hricerasmus.eu\/sl\/wp-json\/wp\/v2\/comments?post=388"}],"version-history":[{"count":7,"href":"https:\/\/hricerasmus.eu\/sl\/wp-json\/wp\/v2\/pages\/388\/revisions"}],"predecessor-version":[{"id":763,"href":"https:\/\/hricerasmus.eu\/sl\/wp-json\/wp\/v2\/pages\/388\/revisions\/763"}],"wp:attachment":[{"href":"https:\/\/hricerasmus.eu\/sl\/wp-json\/wp\/v2\/media?parent=388"}],"curies":[{"name":"delovni list","href":"https:\/\/api.w.org\/{rel}","templated":true}]}}