{"id":609,"date":"2025-07-02T20:34:42","date_gmt":"2025-07-02T20:34:42","guid":{"rendered":"https:\/\/hricerasmus.eu\/?page_id=609"},"modified":"2025-07-10T10:38:57","modified_gmt":"2025-07-10T10:38:57","slug":"local-workshops-fipav","status":"publish","type":"page","link":"https:\/\/hricerasmus.eu\/sl\/local-workshops-fipav\/","title":{"rendered":"Lokalne delavnice \u2013 FIPAV"},"content":{"rendered":"<div data-elementor-type=\"wp-page\" data-elementor-id=\"609\" class=\"elementor elementor-609\">\n\t\t\t\t\t\t<section class=\"has_eae_slider elementor-section elementor-top-section elementor-element elementor-element-eac5c28 elementor-section-boxed elementor-section-height-default elementor-section-height-default\" data-eae-slider=\"51927\" data-id=\"eac5c28\" data-element_type=\"section\" data-e-type=\"section\">\n\t\t\t\t\t\t<div class=\"elementor-container elementor-column-gap-default\">\n\t\t\t\t\t<div class=\"has_eae_slider elementor-column elementor-col-100 elementor-top-column elementor-element elementor-element-bed4082\" data-eae-slider=\"53110\" data-id=\"bed4082\" data-element_type=\"column\" data-e-type=\"column\">\n\t\t\t<div class=\"elementor-widget-wrap elementor-element-populated\">\n\t\t\t\t\t\t<div class=\"elementor-element elementor-element-dcefc8b elementor-widget-divider--view-line elementor-widget elementor-widget-divider\" data-id=\"dcefc8b\" data-element_type=\"widget\" data-e-type=\"widget\" data-widget_type=\"divider.default\">\n\t\t\t\t<div class=\"elementor-widget-container\">\n\t\t\t\t\t\t\t<div class=\"elementor-divider\">\n\t\t\t<span class=\"elementor-divider-separator\">\n\t\t\t\t\t\t<\/span>\n\t\t<\/div>\n\t\t\t\t\t\t<\/div>\n\t\t\t\t<\/div>\n\t\t\t\t<div class=\"elementor-element elementor-element-ec29246 elementor-widget elementor-widget-image\" data-id=\"ec29246\" data-element_type=\"widget\" data-e-type=\"widget\" data-widget_type=\"image.default\">\n\t\t\t\t<div class=\"elementor-widget-container\">\n\t\t\t\t\t\t\t\t\t\t\t\t\t\t\t<img fetchpriority=\"high\" decoding=\"async\" width=\"207\" height=\"244\" src=\"https:\/\/hricerasmus.eu\/wp-content\/uploads\/2025\/05\/438750923532.png\" class=\"attachment-full size-full wp-image-402\" alt=\"\" srcset=\"https:\/\/hricerasmus.eu\/wp-content\/uploads\/2025\/05\/438750923532.png 207w, https:\/\/hricerasmus.eu\/wp-content\/uploads\/2025\/05\/438750923532-10x12.png 10w\" sizes=\"(max-width: 207px) 100vw, 207px\" \/>\t\t\t\t\t\t\t\t\t\t\t\t\t\t\t<\/div>\n\t\t\t\t<\/div>\n\t\t\t\t<div class=\"elementor-element elementor-element-fa49aef elementor-widget elementor-widget-text-editor\" data-id=\"fa49aef\" data-element_type=\"widget\" data-e-type=\"widget\" data-widget_type=\"text-editor.default\">\n\t\t\t\t<div class=\"elementor-widget-container\">\n\t\t\t\t\t\t\t\t\t<p><b style=\"font-family: inherit; font-size: inherit; font-style: inherit; font-variant-ligatures: inherit; font-variant-caps: inherit;\"><span data-contrast=\"auto\">Odgovorna organizacija<\/span><\/b><span data-contrast=\"auto\" style=\"font-family: inherit; font-size: inherit; font-style: inherit; font-variant-ligatures: inherit; font-variant-caps: inherit; font-weight: inherit;\">FIPAV<\/span><span data-ccp-props=\"{}\" style=\"font-family: inherit; font-size: inherit; font-style: inherit; font-variant-ligatures: inherit; font-variant-caps: inherit; font-weight: inherit;\">&nbsp;<\/span><\/p>\n<p><b><span data-contrast=\"auto\">Datum<\/span><\/b><span data-contrast=\"auto\">: 3. april 2025<\/span><span data-ccp-props=\"{}\">&nbsp;<\/span><\/p>\n<p><b><span data-contrast=\"auto\">\u010cas<\/span><\/b><span data-contrast=\"auto\">: 17.00<\/span><span data-ccp-props=\"{}\">&nbsp;<\/span><\/p>\n<p><b><span data-contrast=\"auto\">Lokacija<\/span><\/b><span data-contrast=\"auto\">Verona (Italija)<\/span><span data-ccp-props=\"{}\">&nbsp;<\/span><\/p>\n<p><b><span data-contrast=\"auto\">\u0160tevilo udele\u017eencev<\/span><\/b><span data-contrast=\"auto\">: 13<\/span><span data-ccp-props=\"{}\">&nbsp;<\/span><\/p>\n<p><span data-contrast=\"auto\">Lokalna aktivnost je potekala na \u0161portnem kampusu Univerze v Veroni med treningom sede\u010de odbojke za lokalne mlade z in brez invalidnosti, tako mo\u0161ke kot \u017eenske.<\/span><span data-contrast=\"auto\">13 udele\u017eencev, ki so sodelovali v lokalni dejavnosti, je bilo starih med 19 in 40 let. Nekateri so imeli nekaj znanja o sede\u010di odbojki, nekateri so bili o njej popolnoma slepi, nekateri pa so bili sami \u0161portniki tega \u0161porta.<\/span><span data-ccp-props=\"{}\">&nbsp;<\/span><\/p>\n<div style=\"margin: 0px; padding: 0px; user-select: text; -webkit-user-drag: none; -webkit-tap-highlight-color: transparent; overflow: visible; cursor: text; clear: both; position: relative; direction: ltr; color: #000000; font-family: 'Segoe UI', 'Segoe UI Web', Arial, Verdana, sans-serif; font-size: 12px; text-align: start; background-color: #ffffff;\">\n<p style=\"margin-bottom: 10.6667px; user-select: text; -webkit-user-drag: none; -webkit-tap-highlight-color: transparent; overflow-wrap: break-word; white-space-collapse: preserve; font-weight: normal; font-style: normal; vertical-align: baseline; font-kerning: none; background-color: transparent; color: windowtext;\"><span style=\"font-family: Calibri, Calibri_EmbeddedFont, Calibri_MSFontService, sans-serif; font-size: 12pt; background-color: transparent; color: windowtext; font-variant-ligatures: inherit; font-variant-caps: inherit;\">&nbsp;<\/span><\/p>\n<\/div>\t\t\t\t\t\t\t\t<\/div>\n\t\t\t\t<\/div>\n\t\t\t\t<div class=\"elementor-element elementor-element-328777c gallery-spacing-custom elementor-widget elementor-widget-image-gallery\" data-id=\"328777c\" data-element_type=\"widget\" data-e-type=\"widget\" data-widget_type=\"image-gallery.default\">\n\t\t\t\t<div class=\"elementor-widget-container\">\n\t\t\t\t\t\t\t<div class=\"elementor-image-gallery\">\n\t\t\t<div id='gallery-1' class='gallery galleryid-609 gallery-columns-3 gallery-size-full'><figure class='gallery-item'>\n\t\t\t<div class='gallery-icon landscape'>\n\t\t\t\t<img decoding=\"async\" width=\"1600\" height=\"1200\" src=\"https:\/\/hricerasmus.eu\/wp-content\/uploads\/2025\/04\/WhatsApp-Image-2025-04-03-at-23.11.42.jpeg\" class=\"attachment-full size-full\" alt=\"\" srcset=\"https:\/\/hricerasmus.eu\/wp-content\/uploads\/2025\/04\/WhatsApp-Image-2025-04-03-at-23.11.42.jpeg 1600w, https:\/\/hricerasmus.eu\/wp-content\/uploads\/2025\/04\/WhatsApp-Image-2025-04-03-at-23.11.42-300x225.jpeg 300w, https:\/\/hricerasmus.eu\/wp-content\/uploads\/2025\/04\/WhatsApp-Image-2025-04-03-at-23.11.42-1024x768.jpeg 1024w, https:\/\/hricerasmus.eu\/wp-content\/uploads\/2025\/04\/WhatsApp-Image-2025-04-03-at-23.11.42-768x576.jpeg 768w, https:\/\/hricerasmus.eu\/wp-content\/uploads\/2025\/04\/WhatsApp-Image-2025-04-03-at-23.11.42-1536x1152.jpeg 1536w\" sizes=\"(max-width: 1600px) 100vw, 1600px\" \/>\n\t\t\t<\/div><\/figure><figure class='gallery-item'>\n\t\t\t<div class='gallery-icon landscape'>\n\t\t\t\t<img decoding=\"async\" width=\"1600\" height=\"1200\" src=\"https:\/\/hricerasmus.eu\/wp-content\/uploads\/2025\/04\/WhatsApp-Image-2025-04-03-at-23.11.40.jpeg\" class=\"attachment-full size-full\" alt=\"\" srcset=\"https:\/\/hricerasmus.eu\/wp-content\/uploads\/2025\/04\/WhatsApp-Image-2025-04-03-at-23.11.40.jpeg 1600w, https:\/\/hricerasmus.eu\/wp-content\/uploads\/2025\/04\/WhatsApp-Image-2025-04-03-at-23.11.40-300x225.jpeg 300w, https:\/\/hricerasmus.eu\/wp-content\/uploads\/2025\/04\/WhatsApp-Image-2025-04-03-at-23.11.40-1024x768.jpeg 1024w, https:\/\/hricerasmus.eu\/wp-content\/uploads\/2025\/04\/WhatsApp-Image-2025-04-03-at-23.11.40-768x576.jpeg 768w, https:\/\/hricerasmus.eu\/wp-content\/uploads\/2025\/04\/WhatsApp-Image-2025-04-03-at-23.11.40-1536x1152.jpeg 1536w\" sizes=\"(max-width: 1600px) 100vw, 1600px\" \/>\n\t\t\t<\/div><\/figure><figure class='gallery-item'>\n\t\t\t<div class='gallery-icon landscape'>\n\t\t\t\t<img loading=\"lazy\" decoding=\"async\" width=\"1600\" height=\"1200\" src=\"https:\/\/hricerasmus.eu\/wp-content\/uploads\/2025\/04\/WhatsApp-Image-2025-04-03-at-23.11.47.jpeg\" class=\"attachment-full size-full\" alt=\"\" srcset=\"https:\/\/hricerasmus.eu\/wp-content\/uploads\/2025\/04\/WhatsApp-Image-2025-04-03-at-23.11.47.jpeg 1600w, https:\/\/hricerasmus.eu\/wp-content\/uploads\/2025\/04\/WhatsApp-Image-2025-04-03-at-23.11.47-300x225.jpeg 300w, https:\/\/hricerasmus.eu\/wp-content\/uploads\/2025\/04\/WhatsApp-Image-2025-04-03-at-23.11.47-1024x768.jpeg 1024w, https:\/\/hricerasmus.eu\/wp-content\/uploads\/2025\/04\/WhatsApp-Image-2025-04-03-at-23.11.47-768x576.jpeg 768w, https:\/\/hricerasmus.eu\/wp-content\/uploads\/2025\/04\/WhatsApp-Image-2025-04-03-at-23.11.47-1536x1152.jpeg 1536w\" sizes=\"(max-width: 1600px) 100vw, 1600px\" \/>\n\t\t\t<\/div><\/figure><figure class='gallery-item'>\n\t\t\t<div class='gallery-icon portrait'>\n\t\t\t\t<img loading=\"lazy\" decoding=\"async\" width=\"1200\" height=\"1600\" src=\"https:\/\/hricerasmus.eu\/wp-content\/uploads\/2025\/05\/WhatsApp-Image-2025-04-03-at-23.11.52.jpeg\" class=\"attachment-full size-full\" alt=\"\" srcset=\"https:\/\/hricerasmus.eu\/wp-content\/uploads\/2025\/05\/WhatsApp-Image-2025-04-03-at-23.11.52.jpeg 1200w, https:\/\/hricerasmus.eu\/wp-content\/uploads\/2025\/05\/WhatsApp-Image-2025-04-03-at-23.11.52-225x300.jpeg 225w, https:\/\/hricerasmus.eu\/wp-content\/uploads\/2025\/05\/WhatsApp-Image-2025-04-03-at-23.11.52-768x1024.jpeg 768w, https:\/\/hricerasmus.eu\/wp-content\/uploads\/2025\/05\/WhatsApp-Image-2025-04-03-at-23.11.52-1152x1536.jpeg 1152w, https:\/\/hricerasmus.eu\/wp-content\/uploads\/2025\/05\/WhatsApp-Image-2025-04-03-at-23.11.52-9x12.jpeg 9w\" sizes=\"(max-width: 1200px) 100vw, 1200px\" \/>\n\t\t\t<\/div><\/figure><figure class='gallery-item'>\n\t\t\t<div class='gallery-icon portrait'>\n\t\t\t\t<img loading=\"lazy\" decoding=\"async\" width=\"1200\" height=\"1600\" src=\"https:\/\/hricerasmus.eu\/wp-content\/uploads\/2025\/05\/WhatsApp-Image-2025-04-03-at-23.11.51.jpeg\" class=\"attachment-full size-full\" alt=\"\" srcset=\"https:\/\/hricerasmus.eu\/wp-content\/uploads\/2025\/05\/WhatsApp-Image-2025-04-03-at-23.11.51.jpeg 1200w, https:\/\/hricerasmus.eu\/wp-content\/uploads\/2025\/05\/WhatsApp-Image-2025-04-03-at-23.11.51-225x300.jpeg 225w, https:\/\/hricerasmus.eu\/wp-content\/uploads\/2025\/05\/WhatsApp-Image-2025-04-03-at-23.11.51-768x1024.jpeg 768w, https:\/\/hricerasmus.eu\/wp-content\/uploads\/2025\/05\/WhatsApp-Image-2025-04-03-at-23.11.51-1152x1536.jpeg 1152w, https:\/\/hricerasmus.eu\/wp-content\/uploads\/2025\/05\/WhatsApp-Image-2025-04-03-at-23.11.51-9x12.jpeg 9w\" sizes=\"(max-width: 1200px) 100vw, 1200px\" \/>\n\t\t\t<\/div><\/figure><figure class='gallery-item'>\n\t\t\t<div class='gallery-icon portrait'>\n\t\t\t\t<img loading=\"lazy\" decoding=\"async\" width=\"1200\" height=\"1600\" src=\"https:\/\/hricerasmus.eu\/wp-content\/uploads\/2025\/05\/WhatsApp-Image-2025-04-03-at-23.11.56.jpeg\" class=\"attachment-full size-full\" alt=\"\" srcset=\"https:\/\/hricerasmus.eu\/wp-content\/uploads\/2025\/05\/WhatsApp-Image-2025-04-03-at-23.11.56.jpeg 1200w, https:\/\/hricerasmus.eu\/wp-content\/uploads\/2025\/05\/WhatsApp-Image-2025-04-03-at-23.11.56-225x300.jpeg 225w, https:\/\/hricerasmus.eu\/wp-content\/uploads\/2025\/05\/WhatsApp-Image-2025-04-03-at-23.11.56-768x1024.jpeg 768w, https:\/\/hricerasmus.eu\/wp-content\/uploads\/2025\/05\/WhatsApp-Image-2025-04-03-at-23.11.56-1152x1536.jpeg 1152w, https:\/\/hricerasmus.eu\/wp-content\/uploads\/2025\/05\/WhatsApp-Image-2025-04-03-at-23.11.56-9x12.jpeg 9w\" sizes=\"(max-width: 1200px) 100vw, 1200px\" \/>\n\t\t\t<\/div><\/figure><figure class='gallery-item'>\n\t\t\t<div class='gallery-icon landscape'>\n\t\t\t\t<img loading=\"lazy\" decoding=\"async\" width=\"1600\" height=\"1200\" src=\"https:\/\/hricerasmus.eu\/wp-content\/uploads\/2025\/05\/WhatsApp-Image-2025-04-03-at-23.11.59.jpeg\" class=\"attachment-full size-full\" alt=\"\" srcset=\"https:\/\/hricerasmus.eu\/wp-content\/uploads\/2025\/05\/WhatsApp-Image-2025-04-03-at-23.11.59.jpeg 1600w, https:\/\/hricerasmus.eu\/wp-content\/uploads\/2025\/05\/WhatsApp-Image-2025-04-03-at-23.11.59-300x225.jpeg 300w, https:\/\/hricerasmus.eu\/wp-content\/uploads\/2025\/05\/WhatsApp-Image-2025-04-03-at-23.11.59-1024x768.jpeg 1024w, https:\/\/hricerasmus.eu\/wp-content\/uploads\/2025\/05\/WhatsApp-Image-2025-04-03-at-23.11.59-768x576.jpeg 768w, https:\/\/hricerasmus.eu\/wp-content\/uploads\/2025\/05\/WhatsApp-Image-2025-04-03-at-23.11.59-1536x1152.jpeg 1536w, https:\/\/hricerasmus.eu\/wp-content\/uploads\/2025\/05\/WhatsApp-Image-2025-04-03-at-23.11.59-16x12.jpeg 16w\" sizes=\"(max-width: 1600px) 100vw, 1600px\" \/>\n\t\t\t<\/div><\/figure>\n\t\t<\/div>\n\t\t<\/div>\n\t\t\t\t\t\t<\/div>\n\t\t\t\t<\/div>\n\t\t\t\t\t<\/div>\n\t\t<\/div>\n\t\t\t\t\t<\/div>\n\t\t<\/section>\n\t\t\t\t<section class=\"has_eae_slider elementor-section elementor-top-section elementor-element elementor-element-565f4e4 elementor-section-boxed elementor-section-height-default elementor-section-height-default\" data-eae-slider=\"29409\" data-id=\"565f4e4\" data-element_type=\"section\" data-e-type=\"section\">\n\t\t\t\t\t\t<div class=\"elementor-container elementor-column-gap-default\">\n\t\t\t\t\t<div class=\"has_eae_slider elementor-column elementor-col-100 elementor-top-column elementor-element elementor-element-8c76687\" data-eae-slider=\"43716\" data-id=\"8c76687\" data-element_type=\"column\" data-e-type=\"column\">\n\t\t\t<div class=\"elementor-widget-wrap elementor-element-populated\">\n\t\t\t\t\t\t<div class=\"elementor-element elementor-element-abd96ef elementor-widget-divider--view-line elementor-widget elementor-widget-divider\" data-id=\"abd96ef\" data-element_type=\"widget\" data-e-type=\"widget\" data-widget_type=\"divider.default\">\n\t\t\t\t<div class=\"elementor-widget-container\">\n\t\t\t\t\t\t\t<div class=\"elementor-divider\">\n\t\t\t<span class=\"elementor-divider-separator\">\n\t\t\t\t\t\t<\/span>\n\t\t<\/div>\n\t\t\t\t\t\t<\/div>\n\t\t\t\t<\/div>\n\t\t\t\t\t<\/div>\n\t\t<\/div>\n\t\t\t\t\t<\/div>\n\t\t<\/section>\n\t\t\t\t<\/div>","protected":false},"excerpt":{"rendered":"<p>Responsible organization: FIPAV&nbsp; Date: April 3th 2025&nbsp; Time: 5.00 PM&nbsp; Location: Verona (Italy)&nbsp; Number of participants: 13&nbsp; The local activity took place in the sport campus of the University of Verona during a Sitting volleyball training for local youngsters with and without disabilities both male and female.\u202fThe 13 participants that participated in the local activity [&hellip;]<\/p>\n","protected":false},"author":2,"featured_media":0,"parent":0,"menu_order":0,"comment_status":"closed","ping_status":"closed","template":"","meta":{"footnotes":""},"class_list":["post-609","page","type-page","status-publish","hentry"],"blocksy_meta":[],"_links":{"self":[{"href":"https:\/\/hricerasmus.eu\/sl\/wp-json\/wp\/v2\/pages\/609","targetHints":{"allow":["GET"]}}],"collection":[{"href":"https:\/\/hricerasmus.eu\/sl\/wp-json\/wp\/v2\/pages"}],"about":[{"href":"https:\/\/hricerasmus.eu\/sl\/wp-json\/wp\/v2\/types\/page"}],"author":[{"embeddable":true,"href":"https:\/\/hricerasmus.eu\/sl\/wp-json\/wp\/v2\/users\/2"}],"replies":[{"embeddable":true,"href":"https:\/\/hricerasmus.eu\/sl\/wp-json\/wp\/v2\/comments?post=609"}],"version-history":[{"count":13,"href":"https:\/\/hricerasmus.eu\/sl\/wp-json\/wp\/v2\/pages\/609\/revisions"}],"predecessor-version":[{"id":766,"href":"https:\/\/hricerasmus.eu\/sl\/wp-json\/wp\/v2\/pages\/609\/revisions\/766"}],"wp:attachment":[{"href":"https:\/\/hricerasmus.eu\/sl\/wp-json\/wp\/v2\/media?parent=609"}],"curies":[{"name":"delovni list","href":"https:\/\/api.w.org\/{rel}","templated":true}]}}