{"id":619,"date":"2025-07-02T20:39:01","date_gmt":"2025-07-02T20:39:01","guid":{"rendered":"https:\/\/hricerasmus.eu\/?page_id=619"},"modified":"2025-07-10T10:40:26","modified_gmt":"2025-07-10T10:40:26","slug":"local-workshops-rss","status":"publish","type":"page","link":"https:\/\/hricerasmus.eu\/sl\/local-workshops-rss\/","title":{"rendered":"Lokalne delavnice \u2013 RSS"},"content":{"rendered":"<div data-elementor-type=\"wp-page\" data-elementor-id=\"619\" class=\"elementor elementor-619\">\n\t\t\t\t\t\t<section class=\"has_eae_slider elementor-section elementor-top-section elementor-element elementor-element-57782d6 elementor-section-boxed elementor-section-height-default elementor-section-height-default\" data-eae-slider=\"53673\" data-id=\"57782d6\" data-element_type=\"section\" data-e-type=\"section\">\n\t\t\t\t\t\t<div class=\"elementor-container elementor-column-gap-default\">\n\t\t\t\t\t<div class=\"has_eae_slider elementor-column elementor-col-100 elementor-top-column elementor-element elementor-element-a29691a\" data-eae-slider=\"27625\" data-id=\"a29691a\" data-element_type=\"column\" data-e-type=\"column\">\n\t\t\t<div class=\"elementor-widget-wrap elementor-element-populated\">\n\t\t\t\t\t\t<div class=\"elementor-element elementor-element-0f1f445 elementor-widget elementor-widget-image\" data-id=\"0f1f445\" data-element_type=\"widget\" data-e-type=\"widget\" data-widget_type=\"image.default\">\n\t\t\t\t<div class=\"elementor-widget-container\">\n\t\t\t\t\t\t\t\t\t\t\t\t\t\t\t<img decoding=\"async\" width=\"235\" height=\"180\" src=\"https:\/\/hricerasmus.eu\/wp-content\/uploads\/2025\/05\/352352523.png\" class=\"attachment-full size-full wp-image-433\" alt=\"\" srcset=\"https:\/\/hricerasmus.eu\/wp-content\/uploads\/2025\/05\/352352523.png 235w, https:\/\/hricerasmus.eu\/wp-content\/uploads\/2025\/05\/352352523-16x12.png 16w\" sizes=\"(max-width: 235px) 100vw, 235px\" \/>\t\t\t\t\t\t\t\t\t\t\t\t\t\t\t<\/div>\n\t\t\t\t<\/div>\n\t\t\t\t<div class=\"elementor-element elementor-element-bd23477 elementor-widget elementor-widget-text-editor\" data-id=\"bd23477\" data-element_type=\"widget\" data-e-type=\"widget\" data-widget_type=\"text-editor.default\">\n\t\t\t\t<div class=\"elementor-widget-container\">\n\t\t\t\t\t\t\t\t\t<p style=\"font-style: normal; font-variant-ligatures: normal; font-variant-caps: normal; font-weight: 400; font-size: 16px; font-family: Tahoma, sans-serif; margin-block-end: 24px;\"><span class=\"TextRun SCXW142191300 BCX0\" lang=\"EN-GB\" xml:lang=\"EN-GB\" data-contrast=\"auto\" style=\"font-family: inherit; font-size: inherit; font-style: inherit; font-variant-ligatures: inherit; font-variant-caps: inherit; font-weight: inherit;\"><span class=\"NormalTextRun SCXW142191300 BCX0\"><br><\/span><\/span><\/p><p style=\"font-style: normal; font-variant-ligatures: normal; font-variant-caps: normal; font-weight: 400; font-size: 16px; font-family: Tahoma, sans-serif; margin-block-end: 24px;\"><span class=\"TextRun SCXW142191300 BCX0\" lang=\"EN-GB\" xml:lang=\"EN-GB\" data-contrast=\"auto\" style=\"font-family: inherit; font-size: inherit; font-style: inherit; font-variant-ligatures: inherit; font-variant-caps: inherit; font-weight: inherit;\"><span class=\"NormalTextRun SCXW142191300 BCX0\">Usposabljanje je vklju\u010devalo testiranje soustvarjenih dejavnosti na lokalni ravni, v katerih je sodelovalo 10 mladih udele\u017eencev, starih od 16 do 30 let, z upo\u0161tevanjem merila za uravnote\u017eeno zastopanost spolov. V okviru te pobude je bila izvedena vadba juda, s poudarkom na ravnote\u017eju, nadzoru in tehniki. Pod vodstvom certificiranega in\u0161truktorja juda in strokovnjaka za du\u0161evno zdravje so udele\u017eenci izvajali nadzorovane mete, prijeme in zaklepe sklepov, s \u010dimer so spodbujali telesno odpornost, zmanj\u0161anje stresa in samozavest. Namen vadbe je bil udele\u017eencem zagotoviti orodja za u\u010dinkovito obvladovanje tesnobe in simptomov posttravmatske stresne motnje.<\/span><span class=\"NormalTextRun SCXW142191300 BCX0\"> Treningi so potekali v judu <\/span><span class=\"NormalTextRun SpellingErrorV2Themed SCXW142191300 BCX0\">klub<\/span><span class=\"NormalTextRun SCXW142191300 BCX0\"> Reka.&nbsp;<\/span><\/span><span class=\"EOP SCXW142191300 BCX0\" data-ccp-props=\"{&quot;134233117&quot;:true,&quot;134233118&quot;:true,&quot;201341983&quot;:0,&quot;335559740&quot;:240}\" style=\"font-family: inherit; font-size: inherit; font-style: inherit; font-variant-ligatures: inherit; font-variant-caps: inherit; font-weight: inherit;\">&nbsp;<\/span><\/p>\t\t\t\t\t\t\t\t<\/div>\n\t\t\t\t<\/div>\n\t\t\t\t<div class=\"elementor-element elementor-element-4b5405f gallery-spacing-custom elementor-widget elementor-widget-image-gallery\" data-id=\"4b5405f\" data-element_type=\"widget\" data-e-type=\"widget\" data-widget_type=\"image-gallery.default\">\n\t\t\t\t<div class=\"elementor-widget-container\">\n\t\t\t\t\t\t\t<div class=\"elementor-image-gallery\">\n\t\t\t<div id='gallery-1' class='gallery galleryid-619 gallery-columns-3 gallery-size-full'><figure class='gallery-item'>\n\t\t\t<div class='gallery-icon portrait'>\n\t\t\t\t<img fetchpriority=\"high\" decoding=\"async\" width=\"1500\" height=\"2000\" src=\"https:\/\/hricerasmus.eu\/wp-content\/uploads\/2025\/05\/rsa1.jpg\" class=\"attachment-full size-full\" alt=\"\" srcset=\"https:\/\/hricerasmus.eu\/wp-content\/uploads\/2025\/05\/rsa1.jpg 1500w, https:\/\/hricerasmus.eu\/wp-content\/uploads\/2025\/05\/rsa1-225x300.jpg 225w, https:\/\/hricerasmus.eu\/wp-content\/uploads\/2025\/05\/rsa1-768x1024.jpg 768w, https:\/\/hricerasmus.eu\/wp-content\/uploads\/2025\/05\/rsa1-1152x1536.jpg 1152w, https:\/\/hricerasmus.eu\/wp-content\/uploads\/2025\/05\/rsa1-9x12.jpg 9w\" sizes=\"(max-width: 1500px) 100vw, 1500px\" \/>\n\t\t\t<\/div><\/figure><figure class='gallery-item'>\n\t\t\t<div class='gallery-icon portrait'>\n\t\t\t\t<img decoding=\"async\" width=\"1500\" height=\"2000\" src=\"https:\/\/hricerasmus.eu\/wp-content\/uploads\/2025\/05\/rsa2.jpg\" class=\"attachment-full size-full\" alt=\"\" srcset=\"https:\/\/hricerasmus.eu\/wp-content\/uploads\/2025\/05\/rsa2.jpg 1500w, https:\/\/hricerasmus.eu\/wp-content\/uploads\/2025\/05\/rsa2-225x300.jpg 225w, https:\/\/hricerasmus.eu\/wp-content\/uploads\/2025\/05\/rsa2-768x1024.jpg 768w, https:\/\/hricerasmus.eu\/wp-content\/uploads\/2025\/05\/rsa2-1152x1536.jpg 1152w, https:\/\/hricerasmus.eu\/wp-content\/uploads\/2025\/05\/rsa2-9x12.jpg 9w\" sizes=\"(max-width: 1500px) 100vw, 1500px\" \/>\n\t\t\t<\/div><\/figure><figure class='gallery-item'>\n\t\t\t<div class='gallery-icon landscape'>\n\t\t\t\t<img loading=\"lazy\" decoding=\"async\" width=\"1024\" height=\"768\" src=\"https:\/\/hricerasmus.eu\/wp-content\/uploads\/2025\/05\/rsa.jpg\" class=\"attachment-full size-full\" alt=\"\" srcset=\"https:\/\/hricerasmus.eu\/wp-content\/uploads\/2025\/05\/rsa.jpg 1024w, https:\/\/hricerasmus.eu\/wp-content\/uploads\/2025\/05\/rsa-300x225.jpg 300w, https:\/\/hricerasmus.eu\/wp-content\/uploads\/2025\/05\/rsa-768x576.jpg 768w, https:\/\/hricerasmus.eu\/wp-content\/uploads\/2025\/05\/rsa-16x12.jpg 16w\" sizes=\"(max-width: 1024px) 100vw, 1024px\" \/>\n\t\t\t<\/div><\/figure>\n\t\t<\/div>\n\t\t<\/div>\n\t\t\t\t\t\t<\/div>\n\t\t\t\t<\/div>\n\t\t\t\t\t<\/div>\n\t\t<\/div>\n\t\t\t\t\t<\/div>\n\t\t<\/section>\n\t\t\t\t<section class=\"has_eae_slider elementor-section elementor-top-section elementor-element elementor-element-d5bcc3c elementor-section-boxed elementor-section-height-default elementor-section-height-default\" data-eae-slider=\"47188\" data-id=\"d5bcc3c\" data-element_type=\"section\" data-e-type=\"section\">\n\t\t\t\t\t\t<div class=\"elementor-container elementor-column-gap-default\">\n\t\t\t\t\t<div class=\"has_eae_slider elementor-column elementor-col-100 elementor-top-column elementor-element elementor-element-4be65aa\" data-eae-slider=\"86280\" data-id=\"4be65aa\" data-element_type=\"column\" data-e-type=\"column\">\n\t\t\t<div class=\"elementor-widget-wrap elementor-element-populated\">\n\t\t\t\t\t\t<div class=\"elementor-element elementor-element-ae4477f elementor-widget-divider--view-line elementor-widget elementor-widget-divider\" data-id=\"ae4477f\" data-element_type=\"widget\" data-e-type=\"widget\" data-widget_type=\"divider.default\">\n\t\t\t\t<div class=\"elementor-widget-container\">\n\t\t\t\t\t\t\t<div class=\"elementor-divider\">\n\t\t\t<span class=\"elementor-divider-separator\">\n\t\t\t\t\t\t<\/span>\n\t\t<\/div>\n\t\t\t\t\t\t<\/div>\n\t\t\t\t<\/div>\n\t\t\t\t\t<\/div>\n\t\t<\/div>\n\t\t\t\t\t<\/div>\n\t\t<\/section>\n\t\t\t\t<\/div>","protected":false},"excerpt":{"rendered":"<p>The training involved the testing of co-designed activities at the local level, engaging 10 young participants aged 16-30, with a gender balance criterion. The judo session was conducted as part of this initiative, focusing on balance, control, and technique. Under the guidance of a certified judo instructor and a mental health professional, participants engaged in [&hellip;]<\/p>\n","protected":false},"author":2,"featured_media":0,"parent":0,"menu_order":0,"comment_status":"closed","ping_status":"closed","template":"","meta":{"footnotes":""},"class_list":["post-619","page","type-page","status-publish","hentry"],"blocksy_meta":[],"_links":{"self":[{"href":"https:\/\/hricerasmus.eu\/sl\/wp-json\/wp\/v2\/pages\/619","targetHints":{"allow":["GET"]}}],"collection":[{"href":"https:\/\/hricerasmus.eu\/sl\/wp-json\/wp\/v2\/pages"}],"about":[{"href":"https:\/\/hricerasmus.eu\/sl\/wp-json\/wp\/v2\/types\/page"}],"author":[{"embeddable":true,"href":"https:\/\/hricerasmus.eu\/sl\/wp-json\/wp\/v2\/users\/2"}],"replies":[{"embeddable":true,"href":"https:\/\/hricerasmus.eu\/sl\/wp-json\/wp\/v2\/comments?post=619"}],"version-history":[{"count":13,"href":"https:\/\/hricerasmus.eu\/sl\/wp-json\/wp\/v2\/pages\/619\/revisions"}],"predecessor-version":[{"id":775,"href":"https:\/\/hricerasmus.eu\/sl\/wp-json\/wp\/v2\/pages\/619\/revisions\/775"}],"wp:attachment":[{"href":"https:\/\/hricerasmus.eu\/sl\/wp-json\/wp\/v2\/media?parent=619"}],"curies":[{"name":"delovni list","href":"https:\/\/api.w.org\/{rel}","templated":true}]}}