{"id":624,"date":"2025-07-02T20:40:18","date_gmt":"2025-07-02T20:40:18","guid":{"rendered":"https:\/\/hricerasmus.eu\/?page_id=624"},"modified":"2025-07-10T10:40:59","modified_gmt":"2025-07-10T10:40:59","slug":"local-workshops-sea","status":"publish","type":"page","link":"https:\/\/hricerasmus.eu\/sl\/local-workshops-sea\/","title":{"rendered":"Lokalne delavnice \u2013 SEA"},"content":{"rendered":"<div data-elementor-type=\"wp-page\" data-elementor-id=\"624\" class=\"elementor elementor-624\">\n\t\t\t\t\t\t<section class=\"has_eae_slider elementor-section elementor-top-section elementor-element elementor-element-c0f8edb elementor-section-boxed elementor-section-height-default elementor-section-height-default\" data-eae-slider=\"36526\" data-id=\"c0f8edb\" data-element_type=\"section\" data-e-type=\"section\">\n\t\t\t\t\t\t<div class=\"elementor-container elementor-column-gap-default\">\n\t\t\t\t\t<div class=\"has_eae_slider elementor-column elementor-col-100 elementor-top-column elementor-element elementor-element-dba75a9\" data-eae-slider=\"20756\" data-id=\"dba75a9\" data-element_type=\"column\" data-e-type=\"column\">\n\t\t\t<div class=\"elementor-widget-wrap elementor-element-populated\">\n\t\t\t\t\t\t<div class=\"elementor-element elementor-element-cd8a95f elementor-widget elementor-widget-image\" data-id=\"cd8a95f\" data-element_type=\"widget\" data-e-type=\"widget\" data-widget_type=\"image.default\">\n\t\t\t\t<div class=\"elementor-widget-container\">\n\t\t\t\t\t\t\t\t\t\t\t\t\t\t\t<img fetchpriority=\"high\" decoding=\"async\" width=\"261\" height=\"266\" src=\"https:\/\/hricerasmus.eu\/wp-content\/uploads\/2025\/05\/3523552.png\" class=\"attachment-full size-full wp-image-405\" alt=\"\" srcset=\"https:\/\/hricerasmus.eu\/wp-content\/uploads\/2025\/05\/3523552.png 261w, https:\/\/hricerasmus.eu\/wp-content\/uploads\/2025\/05\/3523552-12x12.png 12w\" sizes=\"(max-width: 261px) 100vw, 261px\" \/>\t\t\t\t\t\t\t\t\t\t\t\t\t\t\t<\/div>\n\t\t\t\t<\/div>\n\t\t\t\t<div class=\"elementor-element elementor-element-dc27937 elementor-widget elementor-widget-text-editor\" data-id=\"dc27937\" data-element_type=\"widget\" data-e-type=\"widget\" data-widget_type=\"text-editor.default\">\n\t\t\t\t<div class=\"elementor-widget-container\">\n\t\t\t\t\t\t\t\t\t<p style=\"font-style: normal; font-variant-ligatures: normal; font-variant-caps: normal; font-weight: 400; font-size: 16px; font-family: Tahoma, sans-serif; margin-block-end: 24px;\"><span class=\"TextRun SCXW242272319 BCX0\" lang=\"EN-US\" xml:lang=\"EN-US\" data-contrast=\"auto\" style=\"font-family: inherit; font-size: inherit; font-style: inherit; font-variant-ligatures: inherit; font-variant-caps: inherit; font-weight: inherit;\"><span class=\"NormalTextRun SCXW242272319 BCX0\" data-ccp-parastyle=\"heading 2\">To usposabljanje je vklju\u010devalo vadbo karateja z blazinicami, namenjeno izbolj\u0161anju du\u0161evnega zdravja z dinami\u010dnimi in dihalnimi vajami. Izku\u0161eni karateisti so svoje znanje delili z mlaj\u0161imi udele\u017eenci in s tem ustvarili podporno okolje za razvoj spretnosti in du\u0161evno dobro po\u010dutje. Udele\u017eba se ni osredoto\u010dila le na telesno pripravljenost, temve\u010d je poudarila tudi pomen du\u0161evne odpornosti in \u010dustvenega ravnovesja. Z zdru\u017eevanjem tradicionalnih karate tehnik s sodobnimi praksami \u010duje\u010dnosti je aktivnost zagotovila <\/span><span class=\"NormalTextRun SCXW242272319 BCX0\" data-ccp-parastyle=\"heading 2\">celosten pristop<\/span><span class=\"NormalTextRun SCXW242272319 BCX0\" data-ccp-parastyle=\"heading 2\"> k izbolj\u0161anju splo\u0161nega po\u010dutja.<\/span><\/span><span class=\"EOP SCXW242272319 BCX0\" data-ccp-props=\"{&quot;134245418&quot;:true,&quot;134245529&quot;:true,&quot;335551550&quot;:6,&quot;335551620&quot;:6,&quot;335559738&quot;:160,&quot;335559739&quot;:80}\" style=\"font-family: inherit; font-size: inherit; font-style: inherit; font-variant-ligatures: inherit; font-variant-caps: inherit; font-weight: inherit;\">&nbsp;<\/span><\/p>\t\t\t\t\t\t\t\t<\/div>\n\t\t\t\t<\/div>\n\t\t\t\t<div class=\"elementor-element elementor-element-94a8f26 gallery-spacing-custom elementor-widget elementor-widget-image-gallery\" data-id=\"94a8f26\" data-element_type=\"widget\" data-e-type=\"widget\" data-widget_type=\"image-gallery.default\">\n\t\t\t\t<div class=\"elementor-widget-container\">\n\t\t\t\t\t\t\t<div class=\"elementor-image-gallery\">\n\t\t\t<div id='gallery-1' class='gallery galleryid-624 gallery-columns-3 gallery-size-full'><figure class='gallery-item'>\n\t\t\t<div class='gallery-icon portrait'>\n\t\t\t\t<img decoding=\"async\" width=\"1200\" height=\"1600\" src=\"https:\/\/hricerasmus.eu\/wp-content\/uploads\/2025\/05\/sea2.jpg\" class=\"attachment-full size-full\" alt=\"\" srcset=\"https:\/\/hricerasmus.eu\/wp-content\/uploads\/2025\/05\/sea2.jpg 1200w, https:\/\/hricerasmus.eu\/wp-content\/uploads\/2025\/05\/sea2-225x300.jpg 225w, https:\/\/hricerasmus.eu\/wp-content\/uploads\/2025\/05\/sea2-768x1024.jpg 768w, https:\/\/hricerasmus.eu\/wp-content\/uploads\/2025\/05\/sea2-1152x1536.jpg 1152w, https:\/\/hricerasmus.eu\/wp-content\/uploads\/2025\/05\/sea2-9x12.jpg 9w\" sizes=\"(max-width: 1200px) 100vw, 1200px\" \/>\n\t\t\t<\/div><\/figure><figure class='gallery-item'>\n\t\t\t<div class='gallery-icon portrait'>\n\t\t\t\t<img decoding=\"async\" width=\"1200\" height=\"1600\" src=\"https:\/\/hricerasmus.eu\/wp-content\/uploads\/2025\/05\/sea3.jpg\" class=\"attachment-full size-full\" alt=\"\" srcset=\"https:\/\/hricerasmus.eu\/wp-content\/uploads\/2025\/05\/sea3.jpg 1200w, https:\/\/hricerasmus.eu\/wp-content\/uploads\/2025\/05\/sea3-225x300.jpg 225w, https:\/\/hricerasmus.eu\/wp-content\/uploads\/2025\/05\/sea3-768x1024.jpg 768w, https:\/\/hricerasmus.eu\/wp-content\/uploads\/2025\/05\/sea3-1152x1536.jpg 1152w, https:\/\/hricerasmus.eu\/wp-content\/uploads\/2025\/05\/sea3-9x12.jpg 9w\" sizes=\"(max-width: 1200px) 100vw, 1200px\" \/>\n\t\t\t<\/div><\/figure><figure class='gallery-item'>\n\t\t\t<div class='gallery-icon landscape'>\n\t\t\t\t<img loading=\"lazy\" decoding=\"async\" width=\"1600\" height=\"1200\" src=\"https:\/\/hricerasmus.eu\/wp-content\/uploads\/2025\/05\/sea4.jpg\" class=\"attachment-full size-full\" alt=\"\" srcset=\"https:\/\/hricerasmus.eu\/wp-content\/uploads\/2025\/05\/sea4.jpg 1600w, https:\/\/hricerasmus.eu\/wp-content\/uploads\/2025\/05\/sea4-300x225.jpg 300w, https:\/\/hricerasmus.eu\/wp-content\/uploads\/2025\/05\/sea4-1024x768.jpg 1024w, https:\/\/hricerasmus.eu\/wp-content\/uploads\/2025\/05\/sea4-768x576.jpg 768w, https:\/\/hricerasmus.eu\/wp-content\/uploads\/2025\/05\/sea4-1536x1152.jpg 1536w, https:\/\/hricerasmus.eu\/wp-content\/uploads\/2025\/05\/sea4-16x12.jpg 16w\" sizes=\"(max-width: 1600px) 100vw, 1600px\" \/>\n\t\t\t<\/div><\/figure><figure class='gallery-item'>\n\t\t\t<div class='gallery-icon landscape'>\n\t\t\t\t<img loading=\"lazy\" decoding=\"async\" width=\"1600\" height=\"720\" src=\"https:\/\/hricerasmus.eu\/wp-content\/uploads\/2025\/05\/sea.jpg\" class=\"attachment-full size-full\" alt=\"\" srcset=\"https:\/\/hricerasmus.eu\/wp-content\/uploads\/2025\/05\/sea.jpg 1600w, https:\/\/hricerasmus.eu\/wp-content\/uploads\/2025\/05\/sea-300x135.jpg 300w, https:\/\/hricerasmus.eu\/wp-content\/uploads\/2025\/05\/sea-1024x461.jpg 1024w, https:\/\/hricerasmus.eu\/wp-content\/uploads\/2025\/05\/sea-768x346.jpg 768w, https:\/\/hricerasmus.eu\/wp-content\/uploads\/2025\/05\/sea-1536x691.jpg 1536w, https:\/\/hricerasmus.eu\/wp-content\/uploads\/2025\/05\/sea-18x8.jpg 18w\" sizes=\"(max-width: 1600px) 100vw, 1600px\" \/>\n\t\t\t<\/div><\/figure><figure class='gallery-item'>\n\t\t\t<div class='gallery-icon landscape'>\n\t\t\t\t<img loading=\"lazy\" decoding=\"async\" width=\"1600\" height=\"720\" src=\"https:\/\/hricerasmus.eu\/wp-content\/uploads\/2025\/05\/sea1.jpg\" class=\"attachment-full size-full\" alt=\"\" srcset=\"https:\/\/hricerasmus.eu\/wp-content\/uploads\/2025\/05\/sea1.jpg 1600w, https:\/\/hricerasmus.eu\/wp-content\/uploads\/2025\/05\/sea1-300x135.jpg 300w, https:\/\/hricerasmus.eu\/wp-content\/uploads\/2025\/05\/sea1-1024x461.jpg 1024w, https:\/\/hricerasmus.eu\/wp-content\/uploads\/2025\/05\/sea1-768x346.jpg 768w, https:\/\/hricerasmus.eu\/wp-content\/uploads\/2025\/05\/sea1-1536x691.jpg 1536w, https:\/\/hricerasmus.eu\/wp-content\/uploads\/2025\/05\/sea1-18x8.jpg 18w\" sizes=\"(max-width: 1600px) 100vw, 1600px\" \/>\n\t\t\t<\/div><\/figure>\n\t\t<\/div>\n\t\t<\/div>\n\t\t\t\t\t\t<\/div>\n\t\t\t\t<\/div>\n\t\t\t\t\t<\/div>\n\t\t<\/div>\n\t\t\t\t\t<\/div>\n\t\t<\/section>\n\t\t\t\t<section class=\"has_eae_slider elementor-section elementor-top-section elementor-element elementor-element-936d7c7 elementor-section-boxed elementor-section-height-default elementor-section-height-default\" data-eae-slider=\"97829\" data-id=\"936d7c7\" data-element_type=\"section\" data-e-type=\"section\">\n\t\t\t\t\t\t<div class=\"elementor-container elementor-column-gap-default\">\n\t\t\t\t\t<div class=\"has_eae_slider elementor-column elementor-col-100 elementor-top-column elementor-element elementor-element-892b013\" data-eae-slider=\"20982\" data-id=\"892b013\" data-element_type=\"column\" data-e-type=\"column\">\n\t\t\t<div class=\"elementor-widget-wrap elementor-element-populated\">\n\t\t\t\t\t\t<div class=\"elementor-element elementor-element-5a22b85 elementor-widget-divider--view-line elementor-widget elementor-widget-divider\" data-id=\"5a22b85\" data-element_type=\"widget\" data-e-type=\"widget\" data-widget_type=\"divider.default\">\n\t\t\t\t<div class=\"elementor-widget-container\">\n\t\t\t\t\t\t\t<div class=\"elementor-divider\">\n\t\t\t<span class=\"elementor-divider-separator\">\n\t\t\t\t\t\t<\/span>\n\t\t<\/div>\n\t\t\t\t\t\t<\/div>\n\t\t\t\t<\/div>\n\t\t\t\t\t<\/div>\n\t\t<\/div>\n\t\t\t\t\t<\/div>\n\t\t<\/section>\n\t\t\t\t<\/div>","protected":false},"excerpt":{"rendered":"<p>This training implemented a karate workout session with pads, aimed at improving mental health through dynamic and breath exercises. Experienced karate practitioners shared their knowledge with younger participants, fostering a supportive environment for skill development and mental well-being. The session not only focused on physical fitness but also emphasized the importance of mental resilience and [&hellip;]<\/p>\n","protected":false},"author":2,"featured_media":0,"parent":0,"menu_order":0,"comment_status":"closed","ping_status":"closed","template":"","meta":{"footnotes":""},"class_list":["post-624","page","type-page","status-publish","hentry"],"blocksy_meta":[],"_links":{"self":[{"href":"https:\/\/hricerasmus.eu\/sl\/wp-json\/wp\/v2\/pages\/624","targetHints":{"allow":["GET"]}}],"collection":[{"href":"https:\/\/hricerasmus.eu\/sl\/wp-json\/wp\/v2\/pages"}],"about":[{"href":"https:\/\/hricerasmus.eu\/sl\/wp-json\/wp\/v2\/types\/page"}],"author":[{"embeddable":true,"href":"https:\/\/hricerasmus.eu\/sl\/wp-json\/wp\/v2\/users\/2"}],"replies":[{"embeddable":true,"href":"https:\/\/hricerasmus.eu\/sl\/wp-json\/wp\/v2\/comments?post=624"}],"version-history":[{"count":10,"href":"https:\/\/hricerasmus.eu\/sl\/wp-json\/wp\/v2\/pages\/624\/revisions"}],"predecessor-version":[{"id":778,"href":"https:\/\/hricerasmus.eu\/sl\/wp-json\/wp\/v2\/pages\/624\/revisions\/778"}],"wp:attachment":[{"href":"https:\/\/hricerasmus.eu\/sl\/wp-json\/wp\/v2\/media?parent=624"}],"curies":[{"name":"delovni list","href":"https:\/\/api.w.org\/{rel}","templated":true}]}}