{"id":652,"date":"2025-07-04T12:10:46","date_gmt":"2025-07-04T12:10:46","guid":{"rendered":"https:\/\/hricerasmus.eu\/?page_id=652"},"modified":"2025-07-04T16:37:24","modified_gmt":"2025-07-04T16:37:24","slug":"rss-national-conference","status":"publish","type":"page","link":"https:\/\/hricerasmus.eu\/sl\/rss-national-conference\/","title":{"rendered":"Nacionalna konferenca RSS"},"content":{"rendered":"<div data-elementor-type=\"wp-page\" data-elementor-id=\"652\" class=\"elementor elementor-652\">\n\t\t\t\t\t\t<section class=\"has_eae_slider elementor-section elementor-top-section elementor-element elementor-element-57782d6 elementor-section-boxed elementor-section-height-default elementor-section-height-default\" data-eae-slider=\"21513\" data-id=\"57782d6\" data-element_type=\"section\" data-e-type=\"section\">\n\t\t\t\t\t\t<div class=\"elementor-container elementor-column-gap-default\">\n\t\t\t\t\t<div class=\"has_eae_slider elementor-column elementor-col-100 elementor-top-column elementor-element elementor-element-a29691a\" data-eae-slider=\"2363\" data-id=\"a29691a\" data-element_type=\"column\" data-e-type=\"column\">\n\t\t\t<div class=\"elementor-widget-wrap elementor-element-populated\">\n\t\t\t\t\t\t<div class=\"elementor-element elementor-element-0f1f445 elementor-widget elementor-widget-image\" data-id=\"0f1f445\" data-element_type=\"widget\" data-e-type=\"widget\" data-widget_type=\"image.default\">\n\t\t\t\t<div class=\"elementor-widget-container\">\n\t\t\t\t\t\t\t\t\t\t\t\t\t\t\t<img decoding=\"async\" width=\"235\" height=\"180\" src=\"https:\/\/hricerasmus.eu\/wp-content\/uploads\/2025\/05\/352352523.png\" class=\"attachment-full size-full wp-image-433\" alt=\"\" srcset=\"https:\/\/hricerasmus.eu\/wp-content\/uploads\/2025\/05\/352352523.png 235w, https:\/\/hricerasmus.eu\/wp-content\/uploads\/2025\/05\/352352523-16x12.png 16w\" sizes=\"(max-width: 235px) 100vw, 235px\" \/>\t\t\t\t\t\t\t\t\t\t\t\t\t\t\t<\/div>\n\t\t\t\t<\/div>\n\t\t\t\t<div class=\"elementor-element elementor-element-bd23477 elementor-widget elementor-widget-text-editor\" data-id=\"bd23477\" data-element_type=\"widget\" data-e-type=\"widget\" data-widget_type=\"text-editor.default\">\n\t\t\t\t<div class=\"elementor-widget-container\">\n\t\t\t\t\t\t\t\t\t<p>Na diseminacijskih konferencah so bili predstavljeni rezultati projekta in spodbudilo sodelovanje med 40 udele\u017eenci. Dogodkov so se udele\u017eili NEET-i, \u0161portne organizacije, ustanove za izobra\u017eevanje mladih, nevladne organizacije, trenerji, vzgojitelji in oblikovalci politik, ki so vsi sodelovali pri izmenjavi izku\u0161enj, razpravi o rezultatih in raziskovanju prihodnjih prilo\u017enosti.<\/p>\t\t\t\t\t\t\t\t<\/div>\n\t\t\t\t<\/div>\n\t\t\t\t\t<\/div>\n\t\t<\/div>\n\t\t\t\t\t<\/div>\n\t\t<\/section>\n\t\t\t\t<section class=\"has_eae_slider elementor-section elementor-top-section elementor-element elementor-element-ac643a8 elementor-section-boxed elementor-section-height-default elementor-section-height-default\" data-eae-slider=\"67096\" data-id=\"ac643a8\" data-element_type=\"section\" data-e-type=\"section\">\n\t\t\t\t\t\t<div class=\"elementor-container elementor-column-gap-default\">\n\t\t\t\t\t<div class=\"has_eae_slider elementor-column elementor-col-100 elementor-top-column elementor-element elementor-element-9cfb8af\" data-eae-slider=\"96210\" data-id=\"9cfb8af\" data-element_type=\"column\" data-e-type=\"column\">\n\t\t\t<div class=\"elementor-widget-wrap elementor-element-populated\">\n\t\t\t\t\t\t<div class=\"elementor-element elementor-element-0933c69 elementor-widget-divider--view-line elementor-widget elementor-widget-divider\" data-id=\"0933c69\" data-element_type=\"widget\" data-e-type=\"widget\" data-widget_type=\"divider.default\">\n\t\t\t\t<div class=\"elementor-widget-container\">\n\t\t\t\t\t\t\t<div class=\"elementor-divider\">\n\t\t\t<span class=\"elementor-divider-separator\">\n\t\t\t\t\t\t<\/span>\n\t\t<\/div>\n\t\t\t\t\t\t<\/div>\n\t\t\t\t<\/div>\n\t\t\t\t\t<\/div>\n\t\t<\/div>\n\t\t\t\t\t<\/div>\n\t\t<\/section>\n\t\t\t\t<\/div>","protected":false},"excerpt":{"rendered":"<p>Na diseminacijskih konferencah so bili predstavljeni rezultati projekta in spodbudilo sodelovanje med 40 udele\u017eenci. Dogodkov so se udele\u017eili NEET-i, \u0161portne organizacije, ustanove za izobra\u017eevanje mladih, nevladne organizacije, trenerji, vzgojitelji in oblikovalci politik, ki so vsi sodelovali pri izmenjavi izku\u0161enj, razpravi o rezultatih in raziskovanju prihodnjih prilo\u017enosti.<\/p>","protected":false},"author":2,"featured_media":0,"parent":0,"menu_order":0,"comment_status":"closed","ping_status":"closed","template":"","meta":{"footnotes":""},"class_list":["post-652","page","type-page","status-publish","hentry"],"blocksy_meta":[],"_links":{"self":[{"href":"https:\/\/hricerasmus.eu\/sl\/wp-json\/wp\/v2\/pages\/652","targetHints":{"allow":["GET"]}}],"collection":[{"href":"https:\/\/hricerasmus.eu\/sl\/wp-json\/wp\/v2\/pages"}],"about":[{"href":"https:\/\/hricerasmus.eu\/sl\/wp-json\/wp\/v2\/types\/page"}],"author":[{"embeddable":true,"href":"https:\/\/hricerasmus.eu\/sl\/wp-json\/wp\/v2\/users\/2"}],"replies":[{"embeddable":true,"href":"https:\/\/hricerasmus.eu\/sl\/wp-json\/wp\/v2\/comments?post=652"}],"version-history":[{"count":16,"href":"https:\/\/hricerasmus.eu\/sl\/wp-json\/wp\/v2\/pages\/652\/revisions"}],"predecessor-version":[{"id":748,"href":"https:\/\/hricerasmus.eu\/sl\/wp-json\/wp\/v2\/pages\/652\/revisions\/748"}],"wp:attachment":[{"href":"https:\/\/hricerasmus.eu\/sl\/wp-json\/wp\/v2\/media?parent=652"}],"curies":[{"name":"delovni list","href":"https:\/\/api.w.org\/{rel}","templated":true}]}}